{"id":14667,"date":"2024-12-17T10:44:57","date_gmt":"2024-12-17T02:44:57","guid":{"rendered":"https:\/\/shop.yipinqian.com\/108-6mm-beads-natural-type-a-jadeite-jade-as-bracelet-necklace-certificate-weighs-39-93-grams-bracelet37\/"},"modified":"2025-01-28T06:30:29","modified_gmt":"2025-01-27T22:30:29","slug":"108-6mm-beads-natural-type-a-jadeite-jade-as-bracelet-necklace-certificate-weighs-39-93-grams-bracelet37","status":"publish","type":"product","link":"https:\/\/shop.yipinqian.com\/es\/producto\/108-6mm-beads-natural-type-a-jadeite-jade-as-bracelet-necklace-certificate-weighs-39-93-grams-bracelet37\/","title":{"rendered":"Collar de cuentas de jade\u00edta de 108 * 6 mm, jade\u00edta natural tipo A, jade\u00edta como pulsera\/collar, el certificado pesa 39,93 gramos (bracelet37)"},"content":{"rendered":"<p><iframe title=\"108 beads light green bracelet \/ necklace\" src=\"https:\/\/youtube.com\/embed\/P0plzcRPw9I\" width=\"330\" height=\"300\"><\/iframe><\/p>\n<p>Esta exquisita pulsera de 108 cuentas est\u00e1 elaborada con jade\u00edta natural tipo A, perfecta tanto para el uso diario como para ocasiones especiales.<\/p>\n<p><\/p>\n<p>N\u00fameros de certificado: GD2111H001262 <\/p>\n<p><img fetchpriority=\"high\" decoding=\"async\" src=\"https:\/\/shop.yipinqian.com\/wp-content\/uploads\/2024\/12\/2904a98c944a47518ef79eec527645d7tplv-aphluv4xwc-origin-jpeg-1.jpeg?dr=15568&#038;nonce=49733&#038;refresh_token=08e66cb20cd9d540b3cb08bc68375cd8&#038;from=476444299&#038;idc=my2&#038;ps=933b5bde&#038;shcp=9b759fb9&#038;shp=1c65f68b&#038;t=555f072d\" width=\"1536\" height=\"2048\"><\/p>\n<ul>\n<li>\n<strong>Material de alta calidad:<\/strong> Elaborado con jade\u00edta natural tipo A.<\/li>\n<li>\n<strong>Tama\u00f1o:<\/strong> 108 cuentas de 6 mm cada una.<\/li>\n<li>\n<strong>Peso:<\/strong> Peso certificado de 39,93 gramos (pulsera37).<\/li>\n<li>\n<strong>Origen cultural:<\/strong> Procedente de Myanmar.<\/li>\n<li><strong>No hay garant\u00eda disponible<\/strong><\/li>\n<\/ul>\n<p><img decoding=\"async\" src=\"https:\/\/shop.yipinqian.com\/wp-content\/uploads\/2024\/12\/1a68a7ff5ceb44b1ac9f87abbc7057e3tplv-aphluv4xwc-origin-jpeg-1.jpeg?dr=15568&#038;nonce=10251&#038;refresh_token=28eb51acad0fb07a24d26858d014a9d7&#038;from=476444299&#038;idc=my2&#038;ps=933b5bde&#038;shcp=9b759fb9&#038;shp=1c65f68b&#038;t=555f072d\" width=\"1080\" height=\"1080\"><\/p>\n<p>Esta pulsera unisex tambi\u00e9n se puede usar como collar, a\u00f1adiendo versatilidad a tu colecci\u00f3n de joyas.<\/p>\n<p><\/p>\n<p>Yi Pin Qian \u2013 Comerciante de piedras preciosas y metales preciosos en Singapur \u2013 N\u00famero de licencia PS20190000031<\/p>\n<p><\/p>\n<p>*Todos los jade\u00edtas comprados a Yi Pin Qian en Singapur, los clientes pueden reservar espacios para pulirlos o hacer reparaciones menores por mal manejo; se aplican tarifas y solo para los clientes de Yi Pin Qian en Singapur*<\/p>\n<p><\/p>\n<p><strong>**Tipos de certificados**<\/strong><\/p>\n<p><\/p>\n<p><strong>NGI (Gemolog\u00eda Nan Yang)<\/strong><\/p>\n<p>o <strong>Certificados en el extranjero <\/strong>(Yi Pin Qian solo utiliza certificados aut\u00e9nticos de laboratorios extranjeros y tambi\u00e9n controla la calidad de cada uno de nuestros productos antes de ponerlos a la venta en SG)<\/p>\n<p><\/p>\n<p>Cada producto tendr\u00e1 el tipo de certificado proporcionado indicado en la descripci\u00f3n. Para cualquier cliente que desee enviar su pedido a NGI Singapur, <strong>Las solicitudes de informes de NGI Gemstone deben realizarse envi\u00e1ndonos un mensaje.<\/strong> Gracias, <strong><u>Se aplican tarifas adicionales<\/u><\/strong> \u2013 $90 para jade\u00edta \/ $150 para jade\u00edta con oro de 18 k: no es obligatorio ya que la mayor\u00eda de nuestros productos ya vienen con certificado extranjero o informe NGI.<\/p>\n<p><\/p>\n<p>(Para m\u00e1s detalles o solicitud adicional: <strong>Env\u00edenos un mensaje si desea enviar el art\u00edculo comprado al laboratorio de pruebas de NGI.<\/strong>)<\/p>\n<p><\/p>\n<p><strong>La jade\u00edta natural no es perfecta, solo un peque\u00f1o recordatorio: nuestra jade\u00edta natural, como todas las cosas hermosas de la naturaleza, tiene sus caracter\u00edsticas y variaciones \u00fanicas. Invitamos a nuestros valiosos clientes a adoptar estas variaciones naturales. \u00a1Felices compras!<\/strong><\/p>\n<p><\/p>\n<p><strong><u>Ninguna de las fotograf\u00edas ni los v\u00eddeos han sido filtrados. Animamos a nuestros clientes a que vean tambi\u00e9n los v\u00eddeos adjuntos para tener una visi\u00f3n m\u00e1s completa de nuestros productos.<\/u><\/strong><\/p>\n<p><\/p>\n<ul>\n<li>Las diferentes plataformas solo pueden ver videos a trav\u00e9s de la computadora de escritorio<\/li>\n<\/ul>","protected":false},"excerpt":{"rendered":"<p>Esta exquisita pulsera de 108 cuentas est\u00e1 hecha de jade\u00edta natural tipo A, perfecta tanto para uso diario como para ocasiones especiales. N\u00fameros de certificado: GD2111H001262 Material de alta calidad: hecha de jade\u00edta natural tipo A. Tama\u00f1o: 108 cuentas, cada una de 6 mm. Peso: peso certificado de 39,93 gramos (bracelet37). Origen cultural: procede de Myanmar. No hay garant\u00eda disponible Esta pulsera unisex [\u2026]<\/p>","protected":false},"featured_media":14691,"comment_status":"open","ping_status":"closed","template":"","meta":[],"product_brand":[],"product_cat":[121,87,126],"product_tag":[102,52,55,82,58,60,61],"class_list":{"0":"post-14667","1":"product","2":"type-product","3":"status-publish","4":"has-post-thumbnail","6":"product_cat-bracelets-bangles","7":"product_cat-jade-bracelets-anklets","8":"product_cat-new-arrivals","9":"product_tag-bracelet","10":"product_tag-certified","11":"product_tag-jadeite","12":"product_tag-light-green","13":"product_tag-new-arrivals","14":"product_tag-type-a-jadeite","15":"product_tag-unisex","17":"first","18":"instock","19":"sale","20":"shipping-taxable","21":"purchasable","22":"product-type-simple"},"_links":{"self":[{"href":"https:\/\/shop.yipinqian.com\/es\/wp-json\/wp\/v2\/product\/14667","targetHints":{"allow":["GET"]}}],"collection":[{"href":"https:\/\/shop.yipinqian.com\/es\/wp-json\/wp\/v2\/product"}],"about":[{"href":"https:\/\/shop.yipinqian.com\/es\/wp-json\/wp\/v2\/types\/product"}],"replies":[{"embeddable":true,"href":"https:\/\/shop.yipinqian.com\/es\/wp-json\/wp\/v2\/comments?post=14667"}],"version-history":[{"count":0,"href":"https:\/\/shop.yipinqian.com\/es\/wp-json\/wp\/v2\/product\/14667\/revisions"}],"wp:featuredmedia":[{"embeddable":true,"href":"https:\/\/shop.yipinqian.com\/es\/wp-json\/wp\/v2\/media\/14691"}],"wp:attachment":[{"href":"https:\/\/shop.yipinqian.com\/es\/wp-json\/wp\/v2\/media?parent=14667"}],"wp:term":[{"taxonomy":"product_brand","embeddable":true,"href":"https:\/\/shop.yipinqian.com\/es\/wp-json\/wp\/v2\/product_brand?post=14667"},{"taxonomy":"product_cat","embeddable":true,"href":"https:\/\/shop.yipinqian.com\/es\/wp-json\/wp\/v2\/product_cat?post=14667"},{"taxonomy":"product_tag","embeddable":true,"href":"https:\/\/shop.yipinqian.com\/es\/wp-json\/wp\/v2\/product_tag?post=14667"}],"curies":[{"name":"wp","href":"https:\/\/api.w.org\/{rel}","templated":true}]}}