{"id":14665,"date":"2024-12-17T10:44:54","date_gmt":"2024-12-17T02:44:54","guid":{"rendered":"https:\/\/shop.yipinqian.com\/108-6-3-mm-round-beads-98-perfect-on-hight-quality-natural-type-a-jadeite-jade-as-bracelet-necklace-certificate-weighs-50-76-grams-bracelet28\/"},"modified":"2025-01-26T00:00:48","modified_gmt":"2025-01-25T16:00:48","slug":"108-6-3-mm-round-beads-98-perfect-on-hight-quality-natural-type-a-jadeite-jade-as-bracelet-necklace-certificate-weighs-50-76-grams-bracelet28","status":"publish","type":"product","link":"https:\/\/shop.yipinqian.com\/es\/producto\/108-6-3-mm-round-beads-98-perfect-on-hight-quality-natural-type-a-jadeite-jade-as-bracelet-necklace-certificate-weighs-50-76-grams-bracelet28\/","title":{"rendered":"Pulsera de 6,3 mm * 108 cuentas redondas \u2013 98% Perfecta \u2013 en jade\u00edta natural tipo A de alta calidad como pulsera, collar con certificado que pesa 50,76 gramos (bracelet35)"},"content":{"rendered":"<p>Descubra la elegancia con nuestra exquisita pulsera de jade, que cuenta con 108 cuentas redondas elaboradas con jade\u00edta natural tipo A de alta calidad. Esta impresionante pieza es perfecta para el uso diario y combina belleza y versatilidad.<\/p>\n<p><\/p>\n<p>N\u00fameros de certificado: GD2110H009240<\/p>\n<p><\/p>\n<p>108 cuentas miden 6,3 mm con 98%. La perfecci\u00f3n se considera una muy buena relaci\u00f3n: se puede usar una pulsera o collar largo en tres o cuatro vueltas alrededor de la mu\u00f1eca o con o sin un colgante como collar. <\/p>\n<p><img fetchpriority=\"high\" decoding=\"async\" src=\"https:\/\/shop.yipinqian.com\/wp-content\/uploads\/2024\/12\/04292da9ac0c441c9fcf810ee25a7423tplv-aphluv4xwc-origin-jpeg-1.jpeg?dr=15568&#038;nonce=93504&#038;refresh_token=deb5dbb1b043ee88b199818b37a3e2f2&#038;from=476444299&#038;idc=my&#038;ps=933b5bde&#038;shcp=9b759fb9&#038;shp=1c65f68b&#038;t=555f072d\" width=\"1536\" height=\"2048\"><\/p>\n<ul>\n<li>\n<strong>Calidad Premium:<\/strong> 98% Cuentas redondas perfectas de 6,3 mm.<\/li>\n<li>\n<strong>Autenticidad certificada:<\/strong> Viene con un certificado de autenticidad.<\/li>\n<li>\n<strong>Origen cultural:<\/strong> Procedente de Myanmar, pa\u00eds conocido por su excepcional calidad de jade.<\/li>\n<li>\n<strong>Apto para todos:<\/strong> Dise\u00f1o unisex ideal para cualquier ocasi\u00f3n.<\/li>\n<\/ul>\n<p><img decoding=\"async\" src=\"https:\/\/shop.yipinqian.com\/wp-content\/uploads\/2024\/12\/6022ccecba1543d18241d9ef2c5fd8b6tplv-aphluv4xwc-origin-jpeg-1.jpeg?dr=15568&#038;nonce=1774&#038;refresh_token=f9fa97bfe9ef35b956e6078223a45717&#038;from=476444299&#038;idc=my&#038;ps=933b5bde&#038;shcp=9b759fb9&#038;shp=1c65f68b&#038;t=555f072d\" width=\"1080\" height=\"1080\"><\/p>\n<p>\u00a1Esta pulsera pesa un total de 50,76 gramos y es una adici\u00f3n imprescindible a tu colecci\u00f3n de joyas!<\/p>\n<p><\/p>\n<p>Yi Pin Qian \u2013 Comerciante de piedras preciosas y metales preciosos en Singapur \u2013 N\u00famero de licencia PS20190000031<\/p>\n<p><\/p>\n<p>*Todos los jade\u00edtas comprados a Yi Pin Qian en Singapur, los clientes pueden reservar espacios para pulirlos o hacer reparaciones menores por mal manejo; se aplican tarifas y solo para los clientes de Yi Pin Qian en Singapur*<\/p>\n<p><\/p>\n<p><strong>**Tipos de certificados**<\/strong><\/p>\n<p><\/p>\n<p><strong>NGI (Gemolog\u00eda Nan Yang)<\/strong><\/p>\n<p>o <strong>Certificados en el extranjero <\/strong>(Yi Pin Qian solo utiliza certificados aut\u00e9nticos de laboratorios extranjeros y tambi\u00e9n controla la calidad de cada uno de nuestros productos antes de ponerlos a la venta en SG)<\/p>\n<p><\/p>\n<p>Cada producto tendr\u00e1 el tipo de certificado proporcionado indicado en la descripci\u00f3n. Para cualquier cliente que desee enviar su pedido a NGI Singapur, <strong>Las solicitudes de informes de NGI Gemstone deben realizarse envi\u00e1ndonos un mensaje.<\/strong> Gracias, <strong><u>Se aplican tarifas adicionales<\/u><\/strong> \u2013 $90 para jade\u00edta \/ $150 para jade\u00edta con oro de 18 k: no es obligatorio ya que la mayor\u00eda de nuestros productos ya vienen con certificado extranjero o informe NGI.<\/p>\n<p><\/p>\n<p>(Para m\u00e1s detalles o solicitud adicional: <strong>Env\u00edenos un mensaje si desea enviar el art\u00edculo comprado al laboratorio de pruebas de NGI.<\/strong>)<\/p>\n<p><\/p>\n<p><strong>La jade\u00edta natural no es perfecta, solo un peque\u00f1o recordatorio: nuestra jade\u00edta natural, como todas las cosas hermosas de la naturaleza, tiene sus caracter\u00edsticas y variaciones \u00fanicas. Invitamos a nuestros valiosos clientes a adoptar estas variaciones naturales. \u00a1Felices compras!<\/strong><\/p>\n<p><\/p>\n<p><strong><u>Ninguna de las fotograf\u00edas ni los v\u00eddeos han sido filtrados. Animamos a nuestros clientes a que vean tambi\u00e9n los v\u00eddeos adjuntos para tener una visi\u00f3n m\u00e1s completa de nuestros productos.<\/u><\/strong><\/p>\n<p><\/p>\n<ul>\n<li>Las diferentes plataformas solo pueden ver videos a trav\u00e9s de la computadora de escritorio<\/li>\n<\/ul>","protected":false},"excerpt":{"rendered":"<p>Descubra la elegancia con nuestra exquisita pulsera de jade, que cuenta con 108 cuentas redondas hechas de jade\u00edta natural tipo A de alta calidad. Esta impresionante pieza es perfecta para el uso diario, ya que combina belleza y versatilidad. N\u00fameros de certificado: GD2110H009240 108 cuentas miden 6,3 mm con 98% La perfecci\u00f3n se considera una muy buena proporci\u00f3n: se puede usar como pulsera o collar largo [\u2026]<\/p>","protected":false},"featured_media":14673,"comment_status":"open","ping_status":"closed","template":"","meta":[],"product_brand":[],"product_cat":[121,87,126],"product_tag":[102,52,65,55,56,98,58,59,60,61,62],"class_list":{"0":"post-14665","1":"product","2":"type-product","3":"status-publish","4":"has-post-thumbnail","6":"product_cat-bracelets-bangles","7":"product_cat-jade-bracelets-anklets","8":"product_cat-new-arrivals","9":"product_tag-bracelet","10":"product_tag-certified","11":"product_tag-high-quality","12":"product_tag-jadeite","13":"product_tag-limited-editions","14":"product_tag-necklace","15":"product_tag-new-arrivals","16":"product_tag-translucent","17":"product_tag-type-a-jadeite","18":"product_tag-unisex","19":"product_tag-yi-pin-qian-exclusive","21":"first","22":"instock","23":"sale","24":"shipping-taxable","25":"purchasable","26":"product-type-simple"},"_links":{"self":[{"href":"https:\/\/shop.yipinqian.com\/es\/wp-json\/wp\/v2\/product\/14665","targetHints":{"allow":["GET"]}}],"collection":[{"href":"https:\/\/shop.yipinqian.com\/es\/wp-json\/wp\/v2\/product"}],"about":[{"href":"https:\/\/shop.yipinqian.com\/es\/wp-json\/wp\/v2\/types\/product"}],"replies":[{"embeddable":true,"href":"https:\/\/shop.yipinqian.com\/es\/wp-json\/wp\/v2\/comments?post=14665"}],"version-history":[{"count":0,"href":"https:\/\/shop.yipinqian.com\/es\/wp-json\/wp\/v2\/product\/14665\/revisions"}],"wp:featuredmedia":[{"embeddable":true,"href":"https:\/\/shop.yipinqian.com\/es\/wp-json\/wp\/v2\/media\/14673"}],"wp:attachment":[{"href":"https:\/\/shop.yipinqian.com\/es\/wp-json\/wp\/v2\/media?parent=14665"}],"wp:term":[{"taxonomy":"product_brand","embeddable":true,"href":"https:\/\/shop.yipinqian.com\/es\/wp-json\/wp\/v2\/product_brand?post=14665"},{"taxonomy":"product_cat","embeddable":true,"href":"https:\/\/shop.yipinqian.com\/es\/wp-json\/wp\/v2\/product_cat?post=14665"},{"taxonomy":"product_tag","embeddable":true,"href":"https:\/\/shop.yipinqian.com\/es\/wp-json\/wp\/v2\/product_tag?post=14665"}],"curies":[{"name":"wp","href":"https:\/\/api.w.org\/{rel}","templated":true}]}}