{"id":1461,"date":"2024-10-24T23:19:22","date_gmt":"2024-10-24T15:19:22","guid":{"rendered":"https:\/\/shop.yipinqian.com\/product\/highly-translucent-faint-green-old-mine-with-specific-gravity-3-34-carved-as-deer-with-very-fine-grain-and-good-translucency-natural-type-a-jadeite-pendant-collection-with-ngi-gemstone-report-weight-1\/"},"modified":"2025-06-27T05:23:14","modified_gmt":"2025-06-26T21:23:14","slug":"highly-translucent-faint-green-old-mine-with-specific-gravity-3-34-carved-as-deer-with-very-fine-grain-and-good-translucency-natural-type-a-jadeite-pendant-collection-with-ngi-gemstone-report-weight-1","status":"publish","type":"product","link":"https:\/\/shop.yipinqian.com\/es\/producto\/highly-translucent-faint-green-old-mine-with-specific-gravity-3-34-carved-as-deer-with-very-fine-grain-and-good-translucency-natural-type-a-jadeite-pendant-collection-with-ngi-gemstone-report-weight-1\/","title":{"rendered":"Colgante de jade\u00edta natural tipo A de mina antigua, muy transl\u00facido, de color verde tenue, con gravedad espec\u00edfica de 3,34, tallado como ciervo con grano muy fino y buena translucidez. Peso del informe de piedra preciosa NGI: 140,16 gramos, 47,50 x 26,75 x 13,29 mm (colgante 131)"},"content":{"rendered":"<h2>Translucent faint green Old Mine<\/h2>\n<p><iframe title=\"Translucent faint green old mine\" src=\"https:\/\/youtube.com\/embed\/ZtDWQnCxjJ8\/\" width=\"330\" height=\"300\"><\/iframe><br \/>\nMejore su colecci\u00f3n de joyas con este exquisito colgante\/colecci\u00f3n de jade\u00edta natural tipo A que irradia elegancia y sofisticaci\u00f3n. Extra\u00eddo de Myanmar, este colgante cuenta con una antigua mina de color verde p\u00e1lido muy transl\u00facido con una gravedad espec\u00edfica de 3,34, tallada en forma de ciervo que muestra un grano fino y una buena translucidez.<\/p>\n<p><strong>N\u00fameros de informe del NGI: 63837039<\/strong><\/p>\n<ul>\n<li><strong>Informe de NGI sobre piedras preciosas:<\/strong> Este colgante viene con un informe de piedras preciosas NGI que garantiza su autenticidad, agregando valor a su colecci\u00f3n.<\/li>\n<li><strong>Unisexo:<\/strong> Este hermoso colgante de jade\u00edta es una excelente opci\u00f3n tanto para hombres como para mujeres.<\/li>\n<li><strong>Uso diario:<\/strong> El estilo casual de collar de esta pieza lo hace perfecto para el uso diario o como un accesorio elegante para complementar cualquier atuendo que uses de d\u00eda o de noche.<\/li>\n<\/ul>\n<p>Con un peso de 140,16 gramos y unas dimensiones de 47,50 x 26,75 x 13,29 mm, el colgante de jade\u00edta en forma de ciervo es perfecto como pieza llamativa o como parte de su preciada colecci\u00f3n de joyas que atesorar\u00e1 durante a\u00f1os.<\/p>\n<ul>\n<li><strong>Certificado incluido:<\/strong>El colgante\/colecci\u00f3n de jade\u00edta natural tipo A viene con certificaci\u00f3n para que pueda estar seguro de que es el producto aut\u00e9ntico.<\/li>\n<\/ul>\n<p>\u00a1A\u00f1\u00e1delo a tu colecci\u00f3n hoy!<\/p>\n<p><strong><em>Tenga en cuenta que no hay agujeros para perforar el colgante, ya que es m\u00e1s para coleccionar.<\/em> <\/strong><\/p>\n<p>Yi Pin Qian \u2013 Comerciante de piedras preciosas y metales preciosos en Singapur \u2013 N\u00famero de licencia PS20190000031<\/p>\n<p>*Todos los jade\u00edtas comprados a Yi Pin Qian en Singapur, los clientes pueden reservar espacios para pulirlos o hacer reparaciones menores por mal manejo; se aplican tarifas y solo para los clientes de Yi Pin Qian en Singapur*<\/p>","protected":false},"excerpt":{"rendered":"<h2>Translucent faint green Old Mine<\/h2>\n<p><img fetchpriority=\"high\" decoding=\"async\" class=\"aligncenter wp-image-22148 size-medium\" src=\"https:\/\/shop.yipinqian.com\/wp-content\/uploads\/2024\/10\/WhatsApp-Image-2024-05-19-at-13.51.29_888a6417-300x300.jpg\" alt=\"Translucent faint green Old Mine\" width=\"300\" height=\"300\" srcset=\"https:\/\/shop.yipinqian.com\/wp-content\/uploads\/2024\/10\/WhatsApp-Image-2024-05-19-at-13.51.29_888a6417-300x300.jpg 300w, https:\/\/shop.yipinqian.com\/wp-content\/uploads\/2024\/10\/WhatsApp-Image-2024-05-19-at-13.51.29_888a6417-150x150.jpg 150w, https:\/\/shop.yipinqian.com\/wp-content\/uploads\/2024\/10\/WhatsApp-Image-2024-05-19-at-13.51.29_888a6417-12x12.jpg 12w, https:\/\/shop.yipinqian.com\/wp-content\/uploads\/2024\/10\/WhatsApp-Image-2024-05-19-at-13.51.29_888a6417-500x500.jpg 500w, https:\/\/shop.yipinqian.com\/wp-content\/uploads\/2024\/10\/WhatsApp-Image-2024-05-19-at-13.51.29_888a6417-100x100.jpg 100w, https:\/\/shop.yipinqian.com\/wp-content\/uploads\/2024\/10\/WhatsApp-Image-2024-05-19-at-13.51.29_888a6417.jpg 656w\" sizes=\"(max-width: 300px) 100vw, 300px\" \/><\/p>","protected":false},"featured_media":4989,"comment_status":"open","ping_status":"closed","template":"","meta":[],"product_brand":[],"product_cat":[196],"product_tag":[],"class_list":{"0":"post-1461","1":"product","2":"type-product","3":"status-publish","4":"has-post-thumbnail","6":"product_cat-vault-collection","8":"first","9":"instock","10":"sale","11":"shipping-taxable","12":"purchasable","13":"product-type-simple"},"_links":{"self":[{"href":"https:\/\/shop.yipinqian.com\/es\/wp-json\/wp\/v2\/product\/1461","targetHints":{"allow":["GET"]}}],"collection":[{"href":"https:\/\/shop.yipinqian.com\/es\/wp-json\/wp\/v2\/product"}],"about":[{"href":"https:\/\/shop.yipinqian.com\/es\/wp-json\/wp\/v2\/types\/product"}],"replies":[{"embeddable":true,"href":"https:\/\/shop.yipinqian.com\/es\/wp-json\/wp\/v2\/comments?post=1461"}],"version-history":[{"count":0,"href":"https:\/\/shop.yipinqian.com\/es\/wp-json\/wp\/v2\/product\/1461\/revisions"}],"wp:featuredmedia":[{"embeddable":true,"href":"https:\/\/shop.yipinqian.com\/es\/wp-json\/wp\/v2\/media\/4989"}],"wp:attachment":[{"href":"https:\/\/shop.yipinqian.com\/es\/wp-json\/wp\/v2\/media?parent=1461"}],"wp:term":[{"taxonomy":"product_brand","embeddable":true,"href":"https:\/\/shop.yipinqian.com\/es\/wp-json\/wp\/v2\/product_brand?post=1461"},{"taxonomy":"product_cat","embeddable":true,"href":"https:\/\/shop.yipinqian.com\/es\/wp-json\/wp\/v2\/product_cat?post=1461"},{"taxonomy":"product_tag","embeddable":true,"href":"https:\/\/shop.yipinqian.com\/es\/wp-json\/wp\/v2\/product_tag?post=1461"}],"curies":[{"name":"wp","href":"https:\/\/api.w.org\/{rel}","templated":true}]}}