{"id":14597,"date":"2024-12-08T12:35:49","date_gmt":"2024-12-08T04:35:49","guid":{"rendered":"https:\/\/shop.yipinqian.com\/semi-icy-crafted-as-parrot-on-oil-green-natural-type-a-jadeite-jade-certificate-weighs-6-19-grams-measurement-29-8-16-2-8-mm-pendant377\/"},"modified":"2025-02-24T00:49:45","modified_gmt":"2025-02-23T16:49:45","slug":"semi-icy-crafted-as-parrot-on-oil-green-natural-type-a-jadeite-jade-certificate-weighs-6-19-grams-measurement-29-8-16-2-8-mm-pendant377","status":"publish","type":"product","link":"https:\/\/shop.yipinqian.com\/es\/producto\/semi-icy-crafted-as-parrot-on-oil-green-natural-type-a-jadeite-jade-certificate-weighs-6-19-grams-measurement-29-8-16-2-8-mm-pendant377\/","title":{"rendered":"#Sold \u2013 Semi Icy Crafted as Parrot on Oil Green Natural Type A Jade\u00edta Certificado Pesa 6,19 gramos, medida 29,8 * 16,2 * 8 mm (colgante 377)"},"content":{"rendered":"<p>Descubra la elegancia del colgante Semi Icy Crafted Parrot elaborado con jade\u00edta natural tipo A de color verde petr\u00f3leo. Esta exquisita pieza, que pesa 6,19 gramos y mide 29,8 x 16,2 x 8 mm, es una incorporaci\u00f3n \u00fanica a cualquier colecci\u00f3n de joyas.<\/p>\n<p>&nbsp;<\/p>\n<p>N\u00fameros de certificado: GD2106H016353<\/p>\n<p><img fetchpriority=\"high\" decoding=\"async\" src=\"https:\/\/shop.yipinqian.com\/wp-content\/uploads\/2024\/12\/98774a6b5451446d88e7a90542359bd4tplv-aphluv4xwc-origin-jpeg.jpeg?dr=15568&amp;nonce=96380&amp;refresh_token=6cf2b969b5976f9588bf830b2033e7c4&amp;from=476444299&amp;idc=my&amp;ps=933b5bde&amp;shcp=9b759fb9&amp;shp=1c65f68b&amp;t=555f072d\" width=\"1080\" height=\"1080\" \/><\/p>\n<ul>\n<li><strong>Calidad Certificada:<\/strong> Viene con un certificado que garantiza la autenticidad.<\/li>\n<li><strong>Origen:<\/strong> Procedente de Myanmar, lo que refleja un rico patrimonio cultural.<\/li>\n<li><strong>Estilo causal:<\/strong> Perfecto para el uso diario y lo suficientemente vers\u00e1til para cualquier ocasi\u00f3n.<\/li>\n<li><strong>Llamamiento unisex:<\/strong> Apto para todos, lo que lo convierte en una excelente opci\u00f3n de regalo.<\/li>\n<\/ul>\n<p><img decoding=\"async\" class=\"alignnone\" src=\"https:\/\/shop.yipinqian.com\/wp-content\/uploads\/2024\/12\/dc70d1106bdf45d7be2ba57e99c1ae4atplv-aphluv4xwc-origin-jpeg.jpeg?dr=15568&amp;nonce=78307&amp;refresh_token=f63d3f40889a1cbff39ca463e0a25020&amp;from=476444299&amp;idc=my&amp;ps=933b5bde&amp;shcp=9b759fb9&amp;shp=1c65f68b&amp;t=555f072d\" alt=\"Icy Crafted as Parrot - Sold - This is a Icy Parrot with green\" width=\"1080\" height=\"1080\" \/><\/p>\n<p>Este impresionante colgante de jade no es solo un accesorio; es una pieza destacada que encarna la belleza y la artesan\u00eda de la naturaleza.<\/p>\n<p>&nbsp;<\/p>\n<p><strong>La jade\u00edta natural no es perfecta, solo un peque\u00f1o recordatorio: nuestra jade\u00edta natural, como todas las cosas hermosas de la naturaleza, tiene sus caracter\u00edsticas y variaciones \u00fanicas. Invitamos a nuestros valiosos clientes a adoptar estas variaciones naturales. \u00a1Felices compras!<\/strong><\/p>\n<p>&nbsp;<\/p>\n<p><strong><u>Ninguna de las fotograf\u00edas ni los v\u00eddeos han sido filtrados. Animamos a nuestros clientes a que vean tambi\u00e9n los v\u00eddeos adjuntos para tener una visi\u00f3n m\u00e1s completa de nuestros productos.<\/u><\/strong><\/p>\n<p>&nbsp;<\/p>\n<ul>\n<li>Las diferentes plataformas solo pueden ver videos a trav\u00e9s de la computadora de escritorio<\/li>\n<\/ul>","protected":false},"excerpt":{"rendered":"<p>Icy Crafted as Parrot &#8211; Sold &#8211; This is a Icy Parrot with green<\/p>","protected":false},"featured_media":14602,"comment_status":"open","ping_status":"closed","template":"","meta":[],"product_brand":[],"product_cat":[194],"product_tag":[52,55,58,73,59,60,61],"class_list":{"0":"post-14597","1":"product","2":"type-product","3":"status-publish","4":"has-post-thumbnail","6":"product_cat-value-picks","7":"product_tag-certified","8":"product_tag-jadeite","9":"product_tag-new-arrivals","10":"product_tag-pendant","11":"product_tag-translucent","12":"product_tag-type-a-jadeite","13":"product_tag-unisex","15":"first","16":"outofstock","17":"sale","18":"shipping-taxable","19":"purchasable","20":"product-type-simple"},"_links":{"self":[{"href":"https:\/\/shop.yipinqian.com\/es\/wp-json\/wp\/v2\/product\/14597","targetHints":{"allow":["GET"]}}],"collection":[{"href":"https:\/\/shop.yipinqian.com\/es\/wp-json\/wp\/v2\/product"}],"about":[{"href":"https:\/\/shop.yipinqian.com\/es\/wp-json\/wp\/v2\/types\/product"}],"replies":[{"embeddable":true,"href":"https:\/\/shop.yipinqian.com\/es\/wp-json\/wp\/v2\/comments?post=14597"}],"version-history":[{"count":0,"href":"https:\/\/shop.yipinqian.com\/es\/wp-json\/wp\/v2\/product\/14597\/revisions"}],"wp:featuredmedia":[{"embeddable":true,"href":"https:\/\/shop.yipinqian.com\/es\/wp-json\/wp\/v2\/media\/14602"}],"wp:attachment":[{"href":"https:\/\/shop.yipinqian.com\/es\/wp-json\/wp\/v2\/media?parent=14597"}],"wp:term":[{"taxonomy":"product_brand","embeddable":true,"href":"https:\/\/shop.yipinqian.com\/es\/wp-json\/wp\/v2\/product_brand?post=14597"},{"taxonomy":"product_cat","embeddable":true,"href":"https:\/\/shop.yipinqian.com\/es\/wp-json\/wp\/v2\/product_cat?post=14597"},{"taxonomy":"product_tag","embeddable":true,"href":"https:\/\/shop.yipinqian.com\/es\/wp-json\/wp\/v2\/product_tag?post=14597"}],"curies":[{"name":"wp","href":"https:\/\/api.w.org\/{rel}","templated":true}]}}