{"id":14567,"date":"2024-12-08T12:34:13","date_gmt":"2024-12-08T04:34:13","guid":{"rendered":"https:\/\/shop.yipinqian.com\/108-6mm-light-lavender-and-white-beads-bracelet-necklace-on-natural-type-a-jadeite-jade-certificate-weighs-41-5-grams-94-perfection-bracelet34\/"},"modified":"2025-02-24T00:49:45","modified_gmt":"2025-02-23T16:49:45","slug":"108-6mm-light-lavender-and-white-beads-bracelet-necklace-on-natural-type-a-jadeite-jade-certificate-weighs-41-5-grams-94-perfection-bracelet34","status":"publish","type":"product","link":"https:\/\/shop.yipinqian.com\/es\/producto\/108-6mm-light-lavender-and-white-beads-bracelet-necklace-on-natural-type-a-jadeite-jade-certificate-weighs-41-5-grams-94-perfection-bracelet34\/","title":{"rendered":"Pulsera o collar de cuentas de color lavanda claro y blanco de 108 * 6 mm con certificado de jade\u00edta natural tipo A, pesa 41,5 gramos, perfecci\u00f3n 94% (pulsera34)"},"content":{"rendered":"<p>Descubra la elegancia de nuestra hermosa pulsera\/collar de cuentas de color lavanda claro y blanco de 108*6 mm, elaborado con jade\u00edta natural tipo A. Con un certificado que verifica su calidad, esta pieza pesa 41,5 gramos y cuenta con un impresionante \u00edndice de perfecci\u00f3n de 94%.<\/p>\n<p><\/p>\n<p>N\u00fameros de certificado: GD2111H001270<\/p>\n<p><img fetchpriority=\"high\" decoding=\"async\" src=\"https:\/\/shop.yipinqian.com\/wp-content\/uploads\/2024\/12\/b3d91a41233c4b4ba12e034709b26845tplv-aphluv4xwc-origin-jpeg.jpeg?dr=15568&#038;nonce=23046&#038;refresh_token=504c2921167740998be5bd0e5350f040&#038;from=476444299&#038;idc=my&#038;ps=933b5bde&#038;shcp=9b759fb9&#038;shp=1c65f68b&#038;t=555f072d\" width=\"1080\" height=\"1080\"><\/p>\n<ul>\n<li>\n<strong>Calidad Premium:<\/strong> Jade\u00edta natural tipo A con certificaci\u00f3n.<\/li>\n<li>\n<strong>Peso:<\/strong> Ligero, solo 41,5 gramos.<\/li>\n<li>\n<strong>Dise\u00f1o sofisticado:<\/strong> Presenta impresionantes cuentas de color lavanda claro y blanco.<\/li>\n<li>\n<strong>Diversidad de uso:<\/strong> Adecuado tanto para estilos de pulsera como de collar; perfecto para ocasiones diarias.<\/li>\n<li><strong>Estilo de pulsera\/collar: \u00a1El dise\u00f1o de pulsera lo convierte en un accesorio elegante para cualquier persona, ajuste unisex!<\/strong><\/li>\n<\/ul>\n<p><img decoding=\"async\" src=\"https:\/\/shop.yipinqian.com\/wp-content\/uploads\/2024\/12\/5de176387b0a488c93cba36ec64f9e1ctplv-aphluv4xwc-origin-jpeg.jpeg?dr=15568&#038;nonce=3678&#038;refresh_token=aadbe61a2099101149fae7f49ef28223&#038;from=476444299&#038;idc=my&#038;ps=933b5bde&#038;shcp=9b759fb9&#038;shp=1c65f68b&#038;t=555f072d\" width=\"1080\" height=\"1080\"><\/p>\n<p><strong>Tenga en cuenta que este producto no viene con garant\u00eda, \u00a1pero su belleza habla por s\u00ed sola!<\/strong><\/p>\n<p><strong>Esta exquisita pieza tiene su origen en Myanmar y muestra la rica herencia de la artesan\u00eda del jade en cada detalle.<\/strong><\/p>\n<p><\/p>\n<p><strong>La jade\u00edta natural no es perfecta, solo un peque\u00f1o recordatorio: nuestra jade\u00edta natural, como todas las cosas hermosas de la naturaleza, tiene sus caracter\u00edsticas y variaciones \u00fanicas. Invitamos a nuestros valiosos clientes a adoptar estas variaciones naturales. \u00a1Felices compras!<\/strong><\/p>\n<p><\/p>\n<p><strong><u>Ninguna de las fotograf\u00edas ni los v\u00eddeos han sido filtrados. Animamos a nuestros clientes a que vean tambi\u00e9n los v\u00eddeos adjuntos para tener una visi\u00f3n m\u00e1s completa de nuestros productos.<\/u><\/strong><\/p>\n<p><\/p>\n<ul>\n<li>Las diferentes plataformas solo pueden ver videos a trav\u00e9s de la computadora de escritorio<\/li>\n<\/ul>","protected":false},"excerpt":{"rendered":"<p>Descubra la elegancia de nuestra hermosa pulsera\/collar de cuentas de 108 * 6 mm en color lavanda claro y blanco, elaborado con jade\u00edta natural tipo A. Con un certificado que verifica su calidad, esta pieza pesa 41,5 gramos y cuenta con un impresionante \u00edndice de perfecci\u00f3n de 94%. N\u00fameros de certificado: GD2111H001270 Calidad pr\u00e9mium: jade\u00edta natural tipo A con certificaci\u00f3n. Peso: ligero a [\u2026]<\/p>","protected":false},"featured_media":14573,"comment_status":"open","ping_status":"closed","template":"","meta":[],"product_brand":[],"product_cat":[194],"product_tag":[102,55,108,98,58,60,61],"class_list":{"0":"post-14567","1":"product","2":"type-product","3":"status-publish","4":"has-post-thumbnail","6":"product_cat-value-picks","7":"product_tag-bracelet","8":"product_tag-jadeite","9":"product_tag-light-lavender","10":"product_tag-necklace","11":"product_tag-new-arrivals","12":"product_tag-type-a-jadeite","13":"product_tag-unisex","15":"first","16":"instock","17":"sale","18":"shipping-taxable","19":"purchasable","20":"product-type-simple"},"_links":{"self":[{"href":"https:\/\/shop.yipinqian.com\/es\/wp-json\/wp\/v2\/product\/14567","targetHints":{"allow":["GET"]}}],"collection":[{"href":"https:\/\/shop.yipinqian.com\/es\/wp-json\/wp\/v2\/product"}],"about":[{"href":"https:\/\/shop.yipinqian.com\/es\/wp-json\/wp\/v2\/types\/product"}],"replies":[{"embeddable":true,"href":"https:\/\/shop.yipinqian.com\/es\/wp-json\/wp\/v2\/comments?post=14567"}],"version-history":[{"count":0,"href":"https:\/\/shop.yipinqian.com\/es\/wp-json\/wp\/v2\/product\/14567\/revisions"}],"wp:featuredmedia":[{"embeddable":true,"href":"https:\/\/shop.yipinqian.com\/es\/wp-json\/wp\/v2\/media\/14573"}],"wp:attachment":[{"href":"https:\/\/shop.yipinqian.com\/es\/wp-json\/wp\/v2\/media?parent=14567"}],"wp:term":[{"taxonomy":"product_brand","embeddable":true,"href":"https:\/\/shop.yipinqian.com\/es\/wp-json\/wp\/v2\/product_brand?post=14567"},{"taxonomy":"product_cat","embeddable":true,"href":"https:\/\/shop.yipinqian.com\/es\/wp-json\/wp\/v2\/product_cat?post=14567"},{"taxonomy":"product_tag","embeddable":true,"href":"https:\/\/shop.yipinqian.com\/es\/wp-json\/wp\/v2\/product_tag?post=14567"}],"curies":[{"name":"wp","href":"https:\/\/api.w.org\/{rel}","templated":true}]}}