{"id":1451,"date":"2024-10-24T23:19:17","date_gmt":"2024-10-24T15:19:17","guid":{"rendered":"https:\/\/shop.yipinqian.com\/product\/high-quality-semi-icy-cabochon-with-good-translucency-natural-type-a-jadeite-jade-set-with-s925-as-adjustable-ring-certificate-weighs-2-75-grams-measurement-12-9-11-4-8-s925ring16\/"},"modified":"2025-02-17T00:02:46","modified_gmt":"2025-02-16T16:02:46","slug":"high-quality-semi-icy-cabochon-with-good-translucency-natural-type-a-jadeite-jade-set-with-s925-as-adjustable-ring-certificate-weighs-2-75-grams-measurement-12-9-11-4-8-s925ring16","status":"publish","type":"product","link":"https:\/\/shop.yipinqian.com\/es\/producto\/high-quality-semi-icy-cabochon-with-good-translucency-natural-type-a-jadeite-jade-set-with-s925-as-adjustable-ring-certificate-weighs-2-75-grams-measurement-12-9-11-4-8-s925ring16\/","title":{"rendered":"Cabuj\u00f3n semi helado de alta calidad con buena translucidez, jade\u00edta natural tipo A engastado con S925 como anillo ajustable, certificado, pesa 2,75 gramos, medida 12,9 * 11 * 4,8 (s925ring15)"},"content":{"rendered":"<p>Este anillo de jade\u00edta natural tipo A con cabuj\u00f3n semiglacial de alta calidad es una impresionante pieza de joyer\u00eda que irradia elegancia y estilo.<\/p>\n<p><\/p>\n<p>N\u00fameros de certificado: GD2203H005243<\/p>\n<p><img fetchpriority=\"high\" decoding=\"async\" src=\"https:\/\/shop.yipinqian.com\/wp-content\/uploads\/2024\/10\/03ec94288b17478d9f8f7142aa60aea7tplv-aphluv4xwc-origin-jpeg.jpeg?from=476444299\" width=\"1080\" height=\"1080\"><\/p>\n<ul>\n<li>\n<strong>Material:<\/strong> Elaborada con jade\u00edta natural tipo A y S925 como engaste de anillo ajustable (tama\u00f1o libre), esta pieza es lujosa y duradera.<\/li>\n<li>\n<strong>Translucidez:<\/strong> Con una buena translucidez, el cabuj\u00f3n de jade refleja la luz maravillosamente, a\u00f1adiendo un toque de sofisticaci\u00f3n a cualquier atuendo.<\/li>\n<li>\n<strong>Certificado:<\/strong> Este anillo viene con un certificado para autenticar la calidad del jade utilizado en su creaci\u00f3n.<\/li>\n<\/ul>\n<p>Peso <strong>2,75 gramos<\/strong> y midiendo <strong>12,9 x 11 x 4,8 mm<\/strong>Este anillo S925 (s925ring16) es un accesorio vers\u00e1til adecuado para el uso diario de mujeres que aprecian la artesan\u00eda fina.<\/p>\n<ul>\n<li>\n<strong>Tipo de jade:<\/strong> Esta exquisita pieza presenta jade jade\u00edta natural tipo A, conocido por su excepcional calidad y belleza.<\/li>\n<li>Engaste lujoso: el material secundario utilizado en esta creaci\u00f3n es CZ complementado con material de engaste S925 que realza su atractivo general.<\/li>\n<li>.<\/li>\n<\/ul>\n<p>Mejore su colecci\u00f3n de joyas con este hermoso anillo de jade de Myanmar: \u00a1una elecci\u00f3n perfecta para quienes buscan una elegancia atemporal sin comprometer el estilo ni la calidad!<\/p>\n<p><\/p>\n<p><strong>La jade\u00edta natural no es perfecta, solo un peque\u00f1o recordatorio: nuestra jade\u00edta natural, como todas las cosas hermosas de la naturaleza, tiene sus caracter\u00edsticas y variaciones \u00fanicas. Invitamos a nuestros valiosos clientes a adoptar estas variaciones naturales. \u00a1Felices compras!<\/strong><\/p>\n<p><\/p>\n<p><strong><u>Ninguna de las fotograf\u00edas ni los v\u00eddeos han sido filtrados. Animamos a nuestros clientes a que vean tambi\u00e9n los v\u00eddeos adjuntos para tener una visi\u00f3n m\u00e1s completa de nuestros productos.<\/u><\/strong><\/p>\n<p><\/p>\n<ul>\n<li>Las diferentes plataformas solo pueden ver videos a trav\u00e9s de la computadora de escritorio<\/li>\n<\/ul>\n<p>.<\/p>","protected":false},"excerpt":{"rendered":"<p>Este anillo de jade\u00edta natural tipo A de alta calidad con cabuj\u00f3n semiglacial es una impresionante pieza de joyer\u00eda que rezuma elegancia y estilo. N\u00fameros de certificado: GD2203H005243 Material: Elaborado con jade\u00edta natural tipo A y S925 como engaste de anillo ajustable (talla \u00fanica), esta pieza es lujosa y duradera. Translucidez: Con una buena translucidez, el jade [\u2026]<\/p>","protected":false},"featured_media":4867,"comment_status":"open","ping_status":"closed","template":"","meta":[],"product_brand":[],"product_cat":[80,149,125],"product_tag":[101,64,52,72,92,65,55,71,67,59,60],"class_list":{"0":"post-1451","1":"product","2":"type-product","3":"status-publish","4":"has-post-thumbnail","6":"product_cat-jade-rings","7":"product_cat-s925-rings","8":"product_cat-s925-settings-jadeites","9":"product_tag-adjustable","10":"product_tag-cabochon","11":"product_tag-certified","12":"product_tag-female","13":"product_tag-free-size","14":"product_tag-high-quality","15":"product_tag-jadeite","16":"product_tag-ring","17":"product_tag-s925","18":"product_tag-translucent","19":"product_tag-type-a-jadeite","21":"first","22":"instock","23":"sale","24":"shipping-taxable","25":"purchasable","26":"product-type-simple"},"_links":{"self":[{"href":"https:\/\/shop.yipinqian.com\/es\/wp-json\/wp\/v2\/product\/1451","targetHints":{"allow":["GET"]}}],"collection":[{"href":"https:\/\/shop.yipinqian.com\/es\/wp-json\/wp\/v2\/product"}],"about":[{"href":"https:\/\/shop.yipinqian.com\/es\/wp-json\/wp\/v2\/types\/product"}],"replies":[{"embeddable":true,"href":"https:\/\/shop.yipinqian.com\/es\/wp-json\/wp\/v2\/comments?post=1451"}],"version-history":[{"count":0,"href":"https:\/\/shop.yipinqian.com\/es\/wp-json\/wp\/v2\/product\/1451\/revisions"}],"wp:featuredmedia":[{"embeddable":true,"href":"https:\/\/shop.yipinqian.com\/es\/wp-json\/wp\/v2\/media\/4867"}],"wp:attachment":[{"href":"https:\/\/shop.yipinqian.com\/es\/wp-json\/wp\/v2\/media?parent=1451"}],"wp:term":[{"taxonomy":"product_brand","embeddable":true,"href":"https:\/\/shop.yipinqian.com\/es\/wp-json\/wp\/v2\/product_brand?post=1451"},{"taxonomy":"product_cat","embeddable":true,"href":"https:\/\/shop.yipinqian.com\/es\/wp-json\/wp\/v2\/product_cat?post=1451"},{"taxonomy":"product_tag","embeddable":true,"href":"https:\/\/shop.yipinqian.com\/es\/wp-json\/wp\/v2\/product_tag?post=1451"}],"curies":[{"name":"wp","href":"https:\/\/api.w.org\/{rel}","templated":true}]}}