{"id":1449,"date":"2024-10-24T23:19:16","date_gmt":"2024-10-24T15:19:16","guid":{"rendered":"https:\/\/shop.yipinqian.com\/product\/high-quality-natural-type-a-jadeite-jade-crafted-as-standing-milo-buddha-as-pendant-certificate-weigh-6-38-grams-measurement-29-2-17-9-8-2-mm-pendant233\/"},"modified":"2025-02-24T00:49:55","modified_gmt":"2025-02-23T16:49:55","slug":"high-quality-natural-type-a-jadeite-jade-crafted-as-standing-milo-buddha-as-pendant-certificate-weigh-6-38-grams-measurement-29-2-17-9-8-2-mm-pendant233","status":"publish","type":"product","link":"https:\/\/shop.yipinqian.com\/es\/producto\/high-quality-natural-type-a-jadeite-jade-crafted-as-standing-milo-buddha-as-pendant-certificate-weigh-6-38-grams-measurement-29-2-17-9-8-2-mm-pendant233\/","title":{"rendered":"Jade\u00edta natural tipo A de alta calidad elaborado como Buda Milo de pie como colgante, certificado, peso 6,38 gramos, medida 29,2 * 17,9 * 8,2 mm (colgante 233)"},"content":{"rendered":"<p>Este exquisito colgante presenta un Buda Milo de pie elaborado con jade\u00edta natural tipo A de alta calidad, con un peso de 6,38 gramos y medidas de 29,2 * 17,9 * 8,2 mm.<\/p>\n<p><\/p>\n<p>N\u00fameros de certificado: GD2111H005244<\/p>\n<ul>\n<li>\n<strong>Con Certificado:<\/strong> S\u00ed<\/li>\n<li>\n<strong>Pa\u00eds natal:<\/strong> Birmania<\/li>\n<li>\n<strong>Ocasi\u00f3n:<\/strong> A diario<\/li>\n<li>\n<strong>Tipo de jade:<\/strong>Jade\u00edta<\/li>\n<li><strong>Casual<\/strong><\/li>\n<\/ul>\n<p><strong>El colgante irradia elegancia y espiritualidad, lo que lo convierte en un accesorio perfecto para el uso diario o para ocasiones especiales.<\/strong><\/p>\n<ul>\n<li><strong>Esta pieza atemporal no solo es hermosa sino que tambi\u00e9n tiene las propiedades m\u00edsticas asociadas con el jade, conocido por brindar armon\u00eda y buena suerte a quien lo usa.<\/strong><\/li>\n<\/ul>\n<p><strong>La jade\u00edta natural no es perfecta, solo un peque\u00f1o recordatorio: nuestra jade\u00edta natural, como todas las cosas hermosas de la naturaleza, tiene sus caracter\u00edsticas y variaciones \u00fanicas. Invitamos a nuestros valiosos clientes a adoptar estas variaciones naturales. \u00a1Felices compras!<\/strong><\/p>\n<p><\/p>\n<p><strong><u>Ninguna de las fotograf\u00edas ni los v\u00eddeos han sido filtrados. Animamos a nuestros clientes a que vean tambi\u00e9n los v\u00eddeos adjuntos para tener una visi\u00f3n m\u00e1s completa de nuestros productos.<\/u><\/strong><\/p>","protected":false},"excerpt":{"rendered":"<p>This exquisite pendant features a Standing Milo Buddha crafted from high-quality Natural Type A Jadeite Jade, with a weight of 6.38 grams and measurements of 29.2 * 17.9 * 8.2 mm. Certificate numbers: GD2111H005244 With Certificate: Yes Country of Origin: Myanmar Occasion: Daily Jade Type:Jadeite Casual The pendant exudes elegance and spirituality, making it a [&hellip;]<\/p>","protected":false},"featured_media":4840,"comment_status":"open","ping_status":"closed","template":"","meta":[],"product_brand":[],"product_cat":[194],"product_tag":[],"class_list":{"0":"post-1449","1":"product","2":"type-product","3":"status-publish","4":"has-post-thumbnail","6":"product_cat-value-picks","8":"first","9":"instock","10":"sale","11":"shipping-taxable","12":"purchasable","13":"product-type-simple"},"_links":{"self":[{"href":"https:\/\/shop.yipinqian.com\/es\/wp-json\/wp\/v2\/product\/1449","targetHints":{"allow":["GET"]}}],"collection":[{"href":"https:\/\/shop.yipinqian.com\/es\/wp-json\/wp\/v2\/product"}],"about":[{"href":"https:\/\/shop.yipinqian.com\/es\/wp-json\/wp\/v2\/types\/product"}],"replies":[{"embeddable":true,"href":"https:\/\/shop.yipinqian.com\/es\/wp-json\/wp\/v2\/comments?post=1449"}],"version-history":[{"count":0,"href":"https:\/\/shop.yipinqian.com\/es\/wp-json\/wp\/v2\/product\/1449\/revisions"}],"wp:featuredmedia":[{"embeddable":true,"href":"https:\/\/shop.yipinqian.com\/es\/wp-json\/wp\/v2\/media\/4840"}],"wp:attachment":[{"href":"https:\/\/shop.yipinqian.com\/es\/wp-json\/wp\/v2\/media?parent=1449"}],"wp:term":[{"taxonomy":"product_brand","embeddable":true,"href":"https:\/\/shop.yipinqian.com\/es\/wp-json\/wp\/v2\/product_brand?post=1449"},{"taxonomy":"product_cat","embeddable":true,"href":"https:\/\/shop.yipinqian.com\/es\/wp-json\/wp\/v2\/product_cat?post=1449"},{"taxonomy":"product_tag","embeddable":true,"href":"https:\/\/shop.yipinqian.com\/es\/wp-json\/wp\/v2\/product_tag?post=1449"}],"curies":[{"name":"wp","href":"https:\/\/api.w.org\/{rel}","templated":true}]}}