{"id":1445,"date":"2024-10-24T23:19:15","date_gmt":"2024-10-24T15:19:15","guid":{"rendered":"https:\/\/shop.yipinqian.com\/product\/high-quality-light-lavender-light-green-with-yellow-patches-natural-type-a-jadeite-jade-crafted-with-guanyin-as-pendant-certificate-weigh-27-22-grams-measurement-63-44-3-6-8-mm-pendant229\/"},"modified":"2025-02-24T01:17:30","modified_gmt":"2025-02-23T17:17:30","slug":"high-quality-light-lavender-light-green-with-yellow-patches-natural-type-a-jadeite-jade-crafted-with-guanyin-as-pendant-certificate-weigh-27-22-grams-measurement-63-44-3-6-8-mm-pendant229","status":"publish","type":"product","link":"https:\/\/shop.yipinqian.com\/es\/producto\/high-quality-light-lavender-light-green-with-yellow-patches-natural-type-a-jadeite-jade-crafted-with-guanyin-as-pendant-certificate-weigh-27-22-grams-measurement-63-44-3-6-8-mm-pendant229\/","title":{"rendered":"High Quality Light Lavender, Light Green with Yellow patches Natural Type A Jadeite Jade crafted with Guanyin as Pendant, certificate weigh 27.22 grams, measurement 63 * 44.3 * 6.8 mm (pendant229)"},"content":{"rendered":"<p>Indulge in the beauty of this High Quality Light Lavender, Light Green with Yellow patches Natural Type A Jadeite Jade crafted with Guanyin as Pendant. The pendant, weighing 27.22 grams and measuring 63 * 44.3 * 6.8 mm (pendant229), is a perfect adornment for any casual occasion.<\/p>\n<p>\u00a0<\/p>\n<p>Certificate numbers: GD2110H012861<\/p>\n<ul>\n<li>\n<strong>Jade\u00edta natural tipo A:<\/strong> Crafted from genuine and high-quality natural Type A jadeite jade from Myanmar, this pendant is sure to add elegance to your jewelry collection.<\/li>\n<li>\n<strong>Certificado incluido:<\/strong> This product comes with a certificate of authenticity for added peace of mind that you&#8217;re getting a genuine jade product.<\/li>\n<li>\n<strong>Ocasi\u00f3n auspiciosa:<\/strong> Perfect for any auspicious occasion or just as an everyday accessory, this pendant is versatile and can be worn by both men and women alike.<\/li>\n<\/ul>\n<p>Add an extra touch of sophistication to your look by wearing this stunning necklace accessory that features Guanyin as Pendant &#8211; the bodhisattva associated with compassion in East Asian Buddhism. The light lavender, light green hues mixed with yellow patches make it stand out among other jewelry accessories &#038; derivatives available in stores today!<\/p>\n<ul>\n<li>\n<strong>Sin garant\u00eda:<\/strong> Please note that there&#8217;s no warranty offered on this product but rest assured you&#8217;re getting quality!<\/li>\n<\/ul>\n<p>Elevate your personal style or gift someone special &#8211; either way it&#8217;s sure to make anyone happy! Shop now!<\/p>\n<p>\u00a0<\/p>\n<p>Yi Pin Qian \u2013 Comerciante de piedras preciosas y metales preciosos en Singapur \u2013 N\u00famero de licencia PS20190000031<\/p>\n<p>\u00a0<\/p>\n<p>*Todos los jade\u00edtas comprados a Yi Pin Qian en Singapur, los clientes pueden reservar espacios para pulirlos o hacer reparaciones menores por mal manejo; se aplican tarifas y solo para los clientes de Yi Pin Qian en Singapur*<\/p>\n<p>\u00a0<\/p>\n<p><strong>**Tipos de certificados**<\/strong><\/p>\n<p>\u00a0<\/p>\n<p><strong>NGI (Gemolog\u00eda Nan Yang)<\/strong><\/p>\n<p>o <strong>Certificados en el extranjero <\/strong>(Yi Pin Qian solo utiliza certificados aut\u00e9nticos de laboratorios extranjeros y tambi\u00e9n controla la calidad de cada uno de nuestros productos antes de ponerlos a la venta en SG)<\/p>\n<p>\u00a0<\/p>\n<p>Todos los productos de TikTok contar\u00e1n con el tipo de certificado que se indica en la descripci\u00f3n. Para cualquier cliente que desee enviar su pedido a NGI Singapur, habr\u00e1 un tiempo de espera para la entrega del pedido estimado de aproximadamente 4 semanas para recibirlo. <strong>Las solicitudes de informes de NGI Gemstone deben realizarse enviando un mensaje a la tienda TikTok de Yi Pin Qian.<\/strong> Gracias, <strong><u>Se aplican tarifas adicionales<\/u><\/strong>.<\/p>\n<p>\u00a0<\/p>\n<p><strong>La jade\u00edta natural no es perfecta, solo un peque\u00f1o recordatorio: nuestra jade\u00edta natural, como todas las cosas hermosas de la naturaleza, tiene sus caracter\u00edsticas y variaciones \u00fanicas. Invitamos a nuestros valiosos clientes a adoptar estas variaciones naturales. \u00a1Felices compras!<\/strong><\/p>\n<p>\u00a0<\/p>\n<p><strong><u>Ninguna de las fotograf\u00edas ni los v\u00eddeos han sido filtrados. Animamos a nuestros clientes a que vean tambi\u00e9n los v\u00eddeos adjuntos para tener una visi\u00f3n m\u00e1s completa de nuestros productos.<\/u><\/strong><\/p>\n<p>\u00a0<\/p>\n<p>.<\/p>","protected":false},"excerpt":{"rendered":"<p>Indulge in the beauty of this High Quality Light Lavender, Light Green with Yellow patches Natural Type A Jadeite Jade crafted with Guanyin as Pendant. The pendant, weighing 27.22 grams and measuring 63 * 44.3 * 6.8 mm (pendant229), is a perfect adornment for any casual occasion. \u00a0 Certificate numbers: GD2110H012861 Natural Type A Jadeite [&hellip;]<\/p>","protected":false},"featured_media":4783,"comment_status":"open","ping_status":"closed","template":"","meta":[],"product_brand":[],"product_cat":[195],"product_tag":[],"class_list":{"0":"post-1445","1":"product","2":"type-product","3":"status-publish","4":"has-post-thumbnail","6":"product_cat-heirloom-grade","8":"first","9":"instock","10":"sale","11":"shipping-taxable","12":"purchasable","13":"product-type-simple"},"_links":{"self":[{"href":"https:\/\/shop.yipinqian.com\/es\/wp-json\/wp\/v2\/product\/1445","targetHints":{"allow":["GET"]}}],"collection":[{"href":"https:\/\/shop.yipinqian.com\/es\/wp-json\/wp\/v2\/product"}],"about":[{"href":"https:\/\/shop.yipinqian.com\/es\/wp-json\/wp\/v2\/types\/product"}],"replies":[{"embeddable":true,"href":"https:\/\/shop.yipinqian.com\/es\/wp-json\/wp\/v2\/comments?post=1445"}],"version-history":[{"count":0,"href":"https:\/\/shop.yipinqian.com\/es\/wp-json\/wp\/v2\/product\/1445\/revisions"}],"wp:featuredmedia":[{"embeddable":true,"href":"https:\/\/shop.yipinqian.com\/es\/wp-json\/wp\/v2\/media\/4783"}],"wp:attachment":[{"href":"https:\/\/shop.yipinqian.com\/es\/wp-json\/wp\/v2\/media?parent=1445"}],"wp:term":[{"taxonomy":"product_brand","embeddable":true,"href":"https:\/\/shop.yipinqian.com\/es\/wp-json\/wp\/v2\/product_brand?post=1445"},{"taxonomy":"product_cat","embeddable":true,"href":"https:\/\/shop.yipinqian.com\/es\/wp-json\/wp\/v2\/product_cat?post=1445"},{"taxonomy":"product_tag","embeddable":true,"href":"https:\/\/shop.yipinqian.com\/es\/wp-json\/wp\/v2\/product_tag?post=1445"}],"curies":[{"name":"wp","href":"https:\/\/api.w.org\/{rel}","templated":true}]}}