{"id":14410,"date":"2024-12-07T09:35:17","date_gmt":"2024-12-07T01:35:17","guid":{"rendered":"https:\/\/shop.yipinqian.com\/crafted-as-ruyi-pendant-on-natural-type-a-jadeite-jade-certificate-weighs-2-86-grams-measurement-24-6-15-1-4-3-mm-pendant376\/"},"modified":"2025-02-24T00:49:45","modified_gmt":"2025-02-23T16:49:45","slug":"crafted-as-ruyi-pendant-on-natural-type-a-jadeite-jade-certificate-weighs-2-86-grams-measurement-24-6-15-1-4-3-mm-pendant376","status":"publish","type":"product","link":"https:\/\/shop.yipinqian.com\/es\/producto\/crafted-as-ruyi-pendant-on-natural-type-a-jadeite-jade-certificate-weighs-2-86-grams-measurement-24-6-15-1-4-3-mm-pendant376\/","title":{"rendered":"Fabricado como colgante Ruyi transl\u00facido en jade\u00edta natural tipo A, certificado, pesa 2,86 gramos, medida 24,6 * 15,1 * 4,3 mm (colgante 376)"},"content":{"rendered":"<p>Presentamos el exquisito colgante Ruyi elaborado con jade\u00edta natural tipo A, perfecto para usar a diario. Esta elegante pieza pesa 2,86 gramos y tiene unas dimensiones precisas de 24,6 x 15,1 x 4,3 mm.<\/p>\n<p><\/p>\n<p>N\u00fameros de certificado: SJ2307029772<\/p>\n<p><img fetchpriority=\"high\" decoding=\"async\" src=\"https:\/\/shop.yipinqian.com\/wp-content\/uploads\/2024\/12\/68fb943ef7274096aebf41e0ff37a2a2tplv-aphluv4xwc-origin-jpeg.jpeg?dr=15568&#038;nonce=78458&#038;refresh_token=f00a8beb6d11b80c5f49b3c5cc490925&#038;from=476444299&#038;idc=my&#038;ps=933b5bde&#038;shcp=9b759fb9&#038;shp=1c65f68b&#038;t=555f072d\" width=\"1080\" height=\"1080\"><\/p>\n<ul>\n<li>\n<strong>Material de alta calidad:<\/strong> Fabricado con jade\u00edta natural tipo A, certificado de autenticidad.<\/li>\n<li>\n<strong>Dise\u00f1o elegante:<\/strong> Presenta una forma tradicional de Ruyi que simboliza la buena fortuna.<\/li>\n<li>\n<strong>Herencia cultural:<\/strong> Tiene su origen en Myanmar y exhibe un rico arte cultural.<\/li>\n<\/ul>\n<p><img decoding=\"async\" src=\"https:\/\/shop.yipinqian.com\/wp-content\/uploads\/2024\/12\/a4b484b5e93b45a3b9bca7994b1fb4d4tplv-aphluv4xwc-origin-jpeg.jpeg?dr=15568&#038;nonce=87342&#038;refresh_token=e6896427997dfd8844aad24b8c25c026&#038;from=476444299&#038;idc=my&#038;ps=933b5bde&#038;shcp=9b759fb9&#038;shp=1c65f68b&#038;t=555f072d\" width=\"1080\" height=\"1080\"><\/p>\n<p>Este colgante unisex es ideal para ocasiones casuales y agrega un toque de sofisticaci\u00f3n a cualquier atuendo, convirti\u00e9ndolo en una adici\u00f3n vers\u00e1til a su colecci\u00f3n de joyas.<\/p>\n<ul>\n<li>\n<strong>Sin garant\u00eda:<\/strong> Este producto no viene con garant\u00eda.<\/li>\n<\/ul>\n<p><strong>La jade\u00edta natural no es perfecta, solo un peque\u00f1o recordatorio: nuestra jade\u00edta natural, como todas las cosas hermosas de la naturaleza, tiene sus caracter\u00edsticas y variaciones \u00fanicas. Invitamos a nuestros valiosos clientes a adoptar estas variaciones naturales. \u00a1Felices compras!<\/strong><\/p>\n<p><\/p>\n<p><strong><u>Ninguna de las fotograf\u00edas ni los v\u00eddeos han sido filtrados. Animamos a nuestros clientes a que vean tambi\u00e9n los v\u00eddeos adjuntos para tener una visi\u00f3n m\u00e1s completa de nuestros productos.<\/u><\/strong><\/p>\n<p><\/p>\n<ul>\n<li>Las diferentes plataformas solo pueden ver videos a trav\u00e9s de la computadora de escritorio<\/li>\n<\/ul>","protected":false},"excerpt":{"rendered":"<p>Introducing the exquisite Ruyi Pendant crafted from Natural Type A Jadeite Jade, perfect for everyday wear. This elegant piece weighs 2.86 grams and features precise dimensions of 24.6 * 15.1 * 4.3 mm. Certificate numbers: SJ2307029772 High-Quality Material: Made from Natural Type A Jadeite, certified for authenticity. Elegant Design: Features a traditional Ruyi shape symbolizing [&hellip;]<\/p>","protected":false},"featured_media":14490,"comment_status":"open","ping_status":"closed","template":"","meta":[],"product_brand":[],"product_cat":[194],"product_tag":[52,65,54,55,58,73,75,59,60,61],"class_list":{"0":"post-14410","1":"product","2":"type-product","3":"status-publish","4":"has-post-thumbnail","6":"product_cat-value-picks","7":"product_tag-certified","8":"product_tag-high-quality","9":"product_tag-icy","10":"product_tag-jadeite","11":"product_tag-new-arrivals","12":"product_tag-pendant","13":"product_tag-traditional","14":"product_tag-translucent","15":"product_tag-type-a-jadeite","16":"product_tag-unisex","18":"first","19":"instock","20":"sale","21":"shipping-taxable","22":"purchasable","23":"product-type-simple"},"_links":{"self":[{"href":"https:\/\/shop.yipinqian.com\/es\/wp-json\/wp\/v2\/product\/14410","targetHints":{"allow":["GET"]}}],"collection":[{"href":"https:\/\/shop.yipinqian.com\/es\/wp-json\/wp\/v2\/product"}],"about":[{"href":"https:\/\/shop.yipinqian.com\/es\/wp-json\/wp\/v2\/types\/product"}],"replies":[{"embeddable":true,"href":"https:\/\/shop.yipinqian.com\/es\/wp-json\/wp\/v2\/comments?post=14410"}],"version-history":[{"count":0,"href":"https:\/\/shop.yipinqian.com\/es\/wp-json\/wp\/v2\/product\/14410\/revisions"}],"wp:featuredmedia":[{"embeddable":true,"href":"https:\/\/shop.yipinqian.com\/es\/wp-json\/wp\/v2\/media\/14490"}],"wp:attachment":[{"href":"https:\/\/shop.yipinqian.com\/es\/wp-json\/wp\/v2\/media?parent=14410"}],"wp:term":[{"taxonomy":"product_brand","embeddable":true,"href":"https:\/\/shop.yipinqian.com\/es\/wp-json\/wp\/v2\/product_brand?post=14410"},{"taxonomy":"product_cat","embeddable":true,"href":"https:\/\/shop.yipinqian.com\/es\/wp-json\/wp\/v2\/product_cat?post=14410"},{"taxonomy":"product_tag","embeddable":true,"href":"https:\/\/shop.yipinqian.com\/es\/wp-json\/wp\/v2\/product_tag?post=14410"}],"curies":[{"name":"wp","href":"https:\/\/api.w.org\/{rel}","templated":true}]}}