{"id":1440,"date":"2024-10-24T23:19:13","date_gmt":"2024-10-24T15:19:13","guid":{"rendered":"https:\/\/shop.yipinqian.com\/product\/high-quality-light-green-with-yellow-natural-type-a-jadeite-jade-crafted-with-sceneries-as-pendant-certificate-weighs-78-02-grams-measurement-66-1-40-5-13-3-mm-pendant280\/"},"modified":"2025-02-24T01:17:30","modified_gmt":"2025-02-23T17:17:30","slug":"high-quality-light-green-with-yellow-natural-type-a-jadeite-jade-crafted-with-sceneries-as-pendant-certificate-weighs-78-02-grams-measurement-66-1-40-5-13-3-mm-pendant280","status":"publish","type":"product","link":"https:\/\/shop.yipinqian.com\/es\/producto\/high-quality-light-green-with-yellow-natural-type-a-jadeite-jade-crafted-with-sceneries-as-pendant-certificate-weighs-78-02-grams-measurement-66-1-40-5-13-3-mm-pendant280\/","title":{"rendered":"High Quality Light Green with Yellow Natural Type A Jadeite Jade crafted with sceneries as Pendant, certificate weighs 78.02 grams, measurement 66.1 * 40.5 * 13.3 mm (pendant280)"},"content":{"rendered":"<p>This exquisite pendant features high-quality Light Green with Yellow Natural Type A Jadeite Jade, meticulously crafted with beautiful sceneries.<\/p>\n<p>\u00a0<\/p>\n<p>Certificate numbers: GD2110H008982<\/p>\n<p><img fetchpriority=\"high\" decoding=\"async\" height=\"1080\" src=\"https:\/\/shop.yipinqian.com\/wp-content\/uploads\/2024\/10\/97748fe60590583008bd83c756cb4338.jpg?from=476444299\" width=\"1080\"><\/p>\n<ul>\n<li>High-Quality Craftsmanship<\/li>\n<li>Natural Type A Jadeite Material<\/li>\n<li>Unique Scenery Design<\/li>\n<li>The pendant comes with a certificate verifying its authenticity and quality.<\/li>\n<\/ul>\n<p><img decoding=\"async\" height=\"1080\" src=\"https:\/\/shop.yipinqian.com\/wp-content\/uploads\/2024\/10\/dc6d2b8dcf2c114d9632be2fe74656c9.jpg?from=476444299\" width=\"1080\"><\/p>\n<p>Weighing 78.02 grams and measuring 66.1 * 40.5 * 13.3 mm, this pendant is a stunning piece of jewelry that is sure to stand out.<\/p>\n<ul>\n<li>The country of origin for this exquisite piece is Myanmar.<\/li>\n<li>Suitable for daily wear, this pendant is versatile and can complement any outfit effortlessly.<\/li>\n<li>The necklace style adds an element of casual elegance to any look, making it perfect for both men and women alike.<\/li>\n<\/ul>\n<p>Yi Pin Qian \u2013 Comerciante de piedras preciosas y metales preciosos en Singapur \u2013 N\u00famero de licencia PS20190000031<\/p>\n<p>\u00a0<\/p>\n<p>*Todos los jade\u00edtas comprados a Yi Pin Qian en Singapur, los clientes pueden reservar espacios para pulirlos o hacer reparaciones menores por mal manejo; se aplican tarifas y solo para los clientes de Yi Pin Qian en Singapur*<\/p>\n<p>\u00a0<\/p>\n<p><strong>**Tipos de certificados**<\/strong><\/p>\n<p>\u00a0<\/p>\n<p><strong>NGI (Gemolog\u00eda Nan Yang)<\/strong><\/p>\n<p>o <strong>Certificados en el extranjero <\/strong>(Yi Pin Qian solo utiliza certificados aut\u00e9nticos de laboratorios extranjeros y tambi\u00e9n controla la calidad de cada uno de nuestros productos antes de ponerlos a la venta en SG)<\/p>\n<p>\u00a0<\/p>\n<p>Todos los productos de TikTok contar\u00e1n con el tipo de certificado que se indica en la descripci\u00f3n. Para cualquier cliente que desee enviar su pedido a NGI Singapur, habr\u00e1 un tiempo de espera para la entrega del pedido estimado de aproximadamente 4 semanas para recibirlo. <strong>Las solicitudes de informes de NGI Gemstone deben realizarse enviando un mensaje a la tienda TikTok de Yi Pin Qian.<\/strong> Gracias, <strong><u>Se aplican tarifas adicionales<\/u><\/strong>.<\/p>\n<p>\u00a0<\/p>\n<p><strong>La jade\u00edta natural no es perfecta, solo un peque\u00f1o recordatorio: nuestra jade\u00edta natural, como todas las cosas hermosas de la naturaleza, tiene sus caracter\u00edsticas y variaciones \u00fanicas. Invitamos a nuestros valiosos clientes a adoptar estas variaciones naturales. \u00a1Felices compras!<\/strong><\/p>\n<p>\u00a0<\/p>\n<p><strong><u>Ninguna de las fotograf\u00edas ni los v\u00eddeos han sido filtrados. Animamos a nuestros clientes a que vean tambi\u00e9n los v\u00eddeos adjuntos para tener una visi\u00f3n m\u00e1s completa de nuestros productos.<\/u><\/strong><\/p>\n<p>\u00a0<\/p>\n<ul>\n<li>Las diferentes plataformas solo pueden ver videos a trav\u00e9s de la computadora de escritorio<\/li>\n<\/ul>","protected":false},"excerpt":{"rendered":"<p>This exquisite pendant features high-quality Light Green with Yellow Natural Type A Jadeite Jade, meticulously crafted with beautiful sceneries. \u00a0 Certificate numbers: GD2110H008982 High-Quality Craftsmanship Natural Type A Jadeite Material Unique Scenery Design The pendant comes with a certificate verifying its authenticity and quality. Weighing 78.02 grams and measuring 66.1 * 40.5 * 13.3 mm, [&hellip;]<\/p>","protected":false},"featured_media":4714,"comment_status":"open","ping_status":"closed","template":"","meta":[],"product_brand":[],"product_cat":[195],"product_tag":[],"class_list":{"0":"post-1440","1":"product","2":"type-product","3":"status-publish","4":"has-post-thumbnail","6":"product_cat-heirloom-grade","8":"first","9":"instock","10":"sale","11":"shipping-taxable","12":"purchasable","13":"product-type-simple"},"_links":{"self":[{"href":"https:\/\/shop.yipinqian.com\/es\/wp-json\/wp\/v2\/product\/1440","targetHints":{"allow":["GET"]}}],"collection":[{"href":"https:\/\/shop.yipinqian.com\/es\/wp-json\/wp\/v2\/product"}],"about":[{"href":"https:\/\/shop.yipinqian.com\/es\/wp-json\/wp\/v2\/types\/product"}],"replies":[{"embeddable":true,"href":"https:\/\/shop.yipinqian.com\/es\/wp-json\/wp\/v2\/comments?post=1440"}],"version-history":[{"count":0,"href":"https:\/\/shop.yipinqian.com\/es\/wp-json\/wp\/v2\/product\/1440\/revisions"}],"wp:featuredmedia":[{"embeddable":true,"href":"https:\/\/shop.yipinqian.com\/es\/wp-json\/wp\/v2\/media\/4714"}],"wp:attachment":[{"href":"https:\/\/shop.yipinqian.com\/es\/wp-json\/wp\/v2\/media?parent=1440"}],"wp:term":[{"taxonomy":"product_brand","embeddable":true,"href":"https:\/\/shop.yipinqian.com\/es\/wp-json\/wp\/v2\/product_brand?post=1440"},{"taxonomy":"product_cat","embeddable":true,"href":"https:\/\/shop.yipinqian.com\/es\/wp-json\/wp\/v2\/product_cat?post=1440"},{"taxonomy":"product_tag","embeddable":true,"href":"https:\/\/shop.yipinqian.com\/es\/wp-json\/wp\/v2\/product_tag?post=1440"}],"curies":[{"name":"wp","href":"https:\/\/api.w.org\/{rel}","templated":true}]}}