{"id":14399,"date":"2024-12-07T09:34:45","date_gmt":"2024-12-07T01:34:45","guid":{"rendered":"https:\/\/shop.yipinqian.com\/187-beads-6-1-mm-natural-type-a-jadeite-green-bracelet-certificate-weighs-51-72-grams\/"},"modified":"2025-02-24T01:17:23","modified_gmt":"2025-02-23T17:17:23","slug":"187-beads-6-1-mm-natural-type-a-jadeite-green-bracelet-certificate-weighs-51-72-grams","status":"publish","type":"product","link":"https:\/\/shop.yipinqian.com\/es\/producto\/187-beads-6-1-mm-natural-type-a-jadeite-green-bracelet-certificate-weighs-51-72-grams\/","title":{"rendered":"Collar o pulsera de 187 cuentas * 6,1 mm \u2013 Pulsera de jade\u00edta verde natural tipo A \u2013 certificado pesa 51,72 gramos"},"content":{"rendered":"<p>Esta pulsera verde tipo A natural de 6,2 mm es una impresionante pieza de joyer\u00eda que agregar\u00e1 un toque de elegancia a su look diario. (&gt;85% perfecci\u00f3n)<\/p>\n<p><\/p>\n<p>N\u00fameros de certificado: 920660041691<\/p>\n<p><img fetchpriority=\"high\" decoding=\"async\" src=\"https:\/\/shop.yipinqian.com\/wp-content\/uploads\/2024\/12\/d46f0ffb0b7e48209ad9201de89e070ftplv-aphluv4xwc-origin-jpeg.jpeg?dr=15568&#038;nonce=36998&#038;refresh_token=bfe10a29bb332406df13166af9b46937&#038;from=476444299&#038;idc=my&#038;ps=933b5bde&#038;shcp=9b759fb9&#038;shp=1c65f68b&#038;t=555f072d\" width=\"1200\" height=\"1600\"><\/p>\n<ul>\n<li>\n<strong>Material:<\/strong> Elaborado con piedras semipreciosas naturales tipo A Verde y el material secundario es Jade.<\/li>\n<li>\n<strong>Certificado:<\/strong> Viene con un certificado de autenticidad y garant\u00eda de calidad.<\/li>\n<li>\n<strong>Ocasi\u00f3n:<\/strong> Perfecta para el uso diario, esta pulsera complementar\u00e1 cualquier atuendo, ya sea informal o elegante.<\/li>\n<li>\n<strong>Tipo:<\/strong> Esta pulsera est\u00e1 dise\u00f1ada como una pieza unisex que puede ser disfrutada por todos los g\u00e9neros.<\/li>\n<\/ul>\n<p><img decoding=\"async\" src=\"https:\/\/shop.yipinqian.com\/wp-content\/uploads\/2024\/12\/67720a8f3d764389874a48132dcd89b8tplv-aphluv4xwc-origin-jpeg.jpeg?dr=15568&#038;nonce=38594&#038;refresh_token=e790b79f27155fcc0e1f313bdf06ca55&#038;from=476444299&#038;idc=my&#038;ps=933b5bde&#038;shcp=9b759fb9&#038;shp=1c65f68b&#038;t=555f072d\" width=\"1200\" height=\"1600\"><\/p>\n<p>Las piedras verdes naturales han sido cuidadosamente seleccionadas para garantizar la m\u00e1s alta calidad, creando una pieza elegante que atesorar\u00e1s durante a\u00f1os. El tama\u00f1o de 6,1 mm le da a la pulsera un aspecto discreto y, al mismo tiempo, hace que se destaque en tu mu\u00f1eca.<\/p>\n<p><\/p>\n<p>\u00a1Esta pulsera verde natural tipo A de 6,1 mm tambi\u00e9n es una excelente opci\u00f3n de regalo!<\/p>\n<p>Yi Pin Qian \u2013 Comerciante de piedras preciosas y metales preciosos en Singapur \u2013 N\u00famero de licencia PS20190000031<\/p>\n<p><\/p>\n<p>*Todos los jade\u00edtas comprados a Yi Pin Qian en Singapur, los clientes pueden reservar espacios para pulirlos o hacer reparaciones menores por mal manejo; se aplican tarifas y solo para los clientes de Yi Pin Qian en Singapur*<\/p>\n<p><\/p>\n<p><strong>**Tipos de certificados**<\/strong><\/p>\n<p><\/p>\n<p><strong>NGI (Gemolog\u00eda Nan Yang)<\/strong><\/p>\n<p>o <strong>Certificados en el extranjero <\/strong>(Yi Pin Qian solo utiliza certificados aut\u00e9nticos de laboratorios extranjeros y tambi\u00e9n controla la calidad de cada uno de nuestros productos antes de ponerlos a la venta en SG)<\/p>\n<p><\/p>\n<p>Todos los productos de TikTok contar\u00e1n con el tipo de certificado que se indica en la descripci\u00f3n. Para cualquier cliente que desee enviar su pedido a NGI Singapur, <strong>Las solicitudes de informes de NGI Gemstone deben realizarse envi\u00e1ndonos un mensaje.<\/strong> Gracias, <strong><u>Se aplican tarifas adicionales<\/u><\/strong> \u2013 $90 para jade\u00edta \/ $150 para jade\u00edta con oro de 18 k: no es obligatorio ya que la mayor\u00eda de nuestros productos ya vienen con certificado extranjero o informe NGI.<\/p>\n<p><\/p>\n<p>(Para m\u00e1s detalles o solicitud adicional: <strong>Env\u00edenos un mensaje si desea enviar el art\u00edculo comprado al laboratorio de pruebas de NGI.<\/strong>)<\/p>\n<p><\/p>\n<p><strong>La jade\u00edta natural no es perfecta, solo un peque\u00f1o recordatorio: nuestra jade\u00edta natural, como todas las cosas hermosas de la naturaleza, tiene sus caracter\u00edsticas y variaciones \u00fanicas. Invitamos a nuestros valiosos clientes a adoptar estas variaciones naturales. \u00a1Felices compras!<\/strong><\/p>\n<p><\/p>\n<p><strong><u>Ninguna de las fotograf\u00edas ni los v\u00eddeos han sido filtrados. Animamos a nuestros clientes a que vean tambi\u00e9n los v\u00eddeos adjuntos para tener una visi\u00f3n m\u00e1s completa de nuestros productos.<\/u><\/strong><\/p>\n<p><\/p>\n<ul>\n<li>Las diferentes plataformas solo pueden ver videos a trav\u00e9s de la computadora de escritorio<\/li>\n<\/ul>","protected":false},"excerpt":{"rendered":"<p>Esta pulsera de piedra verde tipo A natural de 6,2 mm es una impresionante pieza de joyer\u00eda que a\u00f1adir\u00e1 un toque de elegancia a tu look diario. (&gt;85% perfection) N\u00fameros de certificado: 920660041691 Material: Fabricada con piedras semipreciosas naturales de piedra verde tipo A y el material secundario es jade. Certificado: Viene con un certificado de autenticidad y garant\u00eda de calidad. Ocasi\u00f3n: Perfecta [\u2026]<\/p>","protected":false},"featured_media":14421,"comment_status":"open","ping_status":"closed","template":"","meta":[],"product_brand":[],"product_cat":[195],"product_tag":[102,70,79,65,55,98,58,60,61,62],"class_list":{"0":"post-14399","1":"product","2":"type-product","3":"status-publish","4":"has-post-thumbnail","6":"product_cat-heirloom-grade","7":"product_tag-bracelet","8":"product_tag-green","9":"product_tag-green-hue","10":"product_tag-high-quality","11":"product_tag-jadeite","12":"product_tag-necklace","13":"product_tag-new-arrivals","14":"product_tag-type-a-jadeite","15":"product_tag-unisex","16":"product_tag-yi-pin-qian-exclusive","18":"first","19":"instock","20":"sale","21":"shipping-taxable","22":"purchasable","23":"product-type-simple"},"_links":{"self":[{"href":"https:\/\/shop.yipinqian.com\/es\/wp-json\/wp\/v2\/product\/14399","targetHints":{"allow":["GET"]}}],"collection":[{"href":"https:\/\/shop.yipinqian.com\/es\/wp-json\/wp\/v2\/product"}],"about":[{"href":"https:\/\/shop.yipinqian.com\/es\/wp-json\/wp\/v2\/types\/product"}],"replies":[{"embeddable":true,"href":"https:\/\/shop.yipinqian.com\/es\/wp-json\/wp\/v2\/comments?post=14399"}],"version-history":[{"count":0,"href":"https:\/\/shop.yipinqian.com\/es\/wp-json\/wp\/v2\/product\/14399\/revisions"}],"wp:featuredmedia":[{"embeddable":true,"href":"https:\/\/shop.yipinqian.com\/es\/wp-json\/wp\/v2\/media\/14421"}],"wp:attachment":[{"href":"https:\/\/shop.yipinqian.com\/es\/wp-json\/wp\/v2\/media?parent=14399"}],"wp:term":[{"taxonomy":"product_brand","embeddable":true,"href":"https:\/\/shop.yipinqian.com\/es\/wp-json\/wp\/v2\/product_brand?post=14399"},{"taxonomy":"product_cat","embeddable":true,"href":"https:\/\/shop.yipinqian.com\/es\/wp-json\/wp\/v2\/product_cat?post=14399"},{"taxonomy":"product_tag","embeddable":true,"href":"https:\/\/shop.yipinqian.com\/es\/wp-json\/wp\/v2\/product_tag?post=14399"}],"curies":[{"name":"wp","href":"https:\/\/api.w.org\/{rel}","templated":true}]}}