{"id":1433,"date":"2024-10-24T23:19:10","date_gmt":"2024-10-24T15:19:10","guid":{"rendered":"https:\/\/shop.yipinqian.com\/product\/high-quality-light-green-hue-natural-type-a-jadeite-jade-crafted-as-milo-buddha-for-pendant-certificate-weighs-44-34-grams-measurement-52-6-29-6-17-5-mm-pendant289\/"},"modified":"2025-02-24T00:49:55","modified_gmt":"2025-02-23T16:49:55","slug":"high-quality-light-green-hue-natural-type-a-jadeite-jade-crafted-as-milo-buddha-for-pendant-certificate-weighs-44-34-grams-measurement-52-6-29-6-17-5-mm-pendant289","status":"publish","type":"product","link":"https:\/\/shop.yipinqian.com\/es\/producto\/high-quality-light-green-hue-natural-type-a-jadeite-jade-crafted-as-milo-buddha-for-pendant-certificate-weighs-44-34-grams-measurement-52-6-29-6-17-5-mm-pendant289\/","title":{"rendered":"Jade\u00edta natural tipo A de tono verde claro de alta calidad elaborado como Buda Milo para colgante, peso certificado 44,34 gramos, medida 52,6 * 29,6 * 17,5 mm (colgante 289)"},"content":{"rendered":"<p>Este colgante de jade\u00edta natural tipo A de tono verde claro de alta calidad est\u00e1 elaborado con la forma de Buda Milo y rezuma elegancia y encanto.<\/p>\n<p>\u00a0<\/p>\n<p>N\u00fameros de certificado: GD2112H004535<\/p>\n<p><img fetchpriority=\"high\" decoding=\"async\" height=\"1080\" src=\"https:\/\/shop.yipinqian.com\/wp-content\/uploads\/2024\/10\/b583b2617b10e544a3c2560b46bd2d65.jpg?from=476444299\" width=\"1080\"><\/p>\n<ul>\n<li>\n<strong>Material:<\/strong> Jade\u00edta natural tipo A<\/li>\n<li>\n<strong>Peso:<\/strong> 44,34 gramos<\/li>\n<li>\n<strong>Medici\u00f3n:<\/strong> 52,6 x 29,6 x 17,5 mm<\/li>\n<li><strong>Certificado incluido:<\/strong><\/li>\n<\/ul>\n<p><strong>Este exquisito colgante viene acompa\u00f1ado de un certificado de autenticidad, que garantiza su calidad y origen de Myanmar.<\/strong><\/p>\n<ul>\n<li><strong>La ocasi\u00f3n para llevar esta impresionante pieza se considera auspiciosa y a\u00f1ade un toque de espiritualidad a su conjunto.<\/strong><\/li>\n<\/ul>\n<p><strong>Ideal tanto para hombres como para mujeres, este colgante unisex muestra la belleza de la jade\u00edta natural en un estilo de collar informal que se puede usar a diario con cualquier atuendo.<\/strong><\/p>\n<p>\u00a0<\/p>\n<p><strong>La jade\u00edta natural no es perfecta, solo un peque\u00f1o recordatorio: nuestra jade\u00edta natural, como todas las cosas hermosas de la naturaleza, tiene sus caracter\u00edsticas y variaciones \u00fanicas. Invitamos a nuestros valiosos clientes a adoptar estas variaciones naturales. \u00a1Felices compras!<\/strong><\/p>\n<p>\u00a0<\/p>\n<p><strong><u>Ninguna de las fotograf\u00edas ni los v\u00eddeos han sido filtrados. Animamos a nuestros clientes a que vean tambi\u00e9n los v\u00eddeos adjuntos para tener una visi\u00f3n m\u00e1s completa de nuestros productos.<\/u><\/strong><\/p>","protected":false},"excerpt":{"rendered":"<p>Este colgante de jade\u00edta natural tipo A de tono verde claro de alta calidad est\u00e1 elaborado con la forma de Milo Buddha, exudando elegancia y encanto. N\u00fameros de certificado: GD2112H004535 Material: Jade\u00edta natural tipo A Peso: 44,34 gramos Medida: 52,6 * 29,6 * 17,5 mm Certificado incluido: Este exquisito colgante viene acompa\u00f1ado de un certificado de autenticidad, [\u2026]<\/p>","protected":false},"featured_media":4617,"comment_status":"open","ping_status":"closed","template":"","meta":[],"product_brand":[],"product_cat":[194],"product_tag":[],"class_list":{"0":"post-1433","1":"product","2":"type-product","3":"status-publish","4":"has-post-thumbnail","6":"product_cat-value-picks","8":"first","9":"instock","10":"sale","11":"shipping-taxable","12":"purchasable","13":"product-type-simple"},"_links":{"self":[{"href":"https:\/\/shop.yipinqian.com\/es\/wp-json\/wp\/v2\/product\/1433","targetHints":{"allow":["GET"]}}],"collection":[{"href":"https:\/\/shop.yipinqian.com\/es\/wp-json\/wp\/v2\/product"}],"about":[{"href":"https:\/\/shop.yipinqian.com\/es\/wp-json\/wp\/v2\/types\/product"}],"replies":[{"embeddable":true,"href":"https:\/\/shop.yipinqian.com\/es\/wp-json\/wp\/v2\/comments?post=1433"}],"version-history":[{"count":0,"href":"https:\/\/shop.yipinqian.com\/es\/wp-json\/wp\/v2\/product\/1433\/revisions"}],"wp:featuredmedia":[{"embeddable":true,"href":"https:\/\/shop.yipinqian.com\/es\/wp-json\/wp\/v2\/media\/4617"}],"wp:attachment":[{"href":"https:\/\/shop.yipinqian.com\/es\/wp-json\/wp\/v2\/media?parent=1433"}],"wp:term":[{"taxonomy":"product_brand","embeddable":true,"href":"https:\/\/shop.yipinqian.com\/es\/wp-json\/wp\/v2\/product_brand?post=1433"},{"taxonomy":"product_cat","embeddable":true,"href":"https:\/\/shop.yipinqian.com\/es\/wp-json\/wp\/v2\/product_cat?post=1433"},{"taxonomy":"product_tag","embeddable":true,"href":"https:\/\/shop.yipinqian.com\/es\/wp-json\/wp\/v2\/product_tag?post=1433"}],"curies":[{"name":"wp","href":"https:\/\/api.w.org\/{rel}","templated":true}]}}