{"id":1430,"date":"2024-10-24T23:19:09","date_gmt":"2024-10-24T15:19:09","guid":{"rendered":"https:\/\/shop.yipinqian.com\/product\/high-quality-light-green-floating-flower-natural-type-a-jadeite-jade-crafted-as-bodhisattva-as-pendant-certificate-weighs-19-12-grams-measurement-58-2-27-7-3-mm-pendant276\/"},"modified":"2025-02-17T00:01:43","modified_gmt":"2025-02-16T16:01:43","slug":"high-quality-light-green-floating-flower-natural-type-a-jadeite-jade-crafted-as-bodhisattva-as-pendant-certificate-weighs-19-12-grams-measurement-58-2-27-7-3-mm-pendant276","status":"publish","type":"product","link":"https:\/\/shop.yipinqian.com\/es\/producto\/high-quality-light-green-floating-flower-natural-type-a-jadeite-jade-crafted-as-bodhisattva-as-pendant-certificate-weighs-19-12-grams-measurement-58-2-27-7-3-mm-pendant276\/","title":{"rendered":"High Quality Light Green Floating Flower Natural Type A Jadeite Jade Crafted as Bodhisattva as Pendant, certificate weighs 19.12 grams, measurement 58.2 * 27 * 7.3 mm (pendant276)"},"content":{"rendered":"<p>This exquisite pendant features a High Quality Light Green Floating Flower Natural Type A Jadeite Jade, expertly crafted as a Bodhisattva. The stunning pendant is accompanied by a certificate and weighs 19.12 grams.<\/p>\n<p>\u00a0<\/p>\n<p>Certificate numbers: ZGDSM051108<\/p>\n<p><img fetchpriority=\"high\" decoding=\"async\" height=\"1080\" src=\"https:\/\/shop.yipinqian.com\/wp-content\/uploads\/2024\/10\/f03fc742e5b07b8e73e5407afeb0075b.jpg?from=476444299\" width=\"1080\"><\/p>\n<ul>\n<li>\n<strong>Material:<\/strong> Jade\u00edta tipo A<\/li>\n<li>\n<strong>Color:<\/strong> Light Green Floating Flower<\/li>\n<li>\n<strong>Medici\u00f3n:<\/strong> 58.2 x 27 x 7.3 mm<\/li>\n<li>\n<strong>Tipo de jade:<\/strong> Jade\u00edta<\/li>\n<li>Certificado incluido: S\u00ed<\/li>\n<li>Made in: Myanmar, Unisex Design Suitable for Any Occasion.<\/li>\n<li>Emanating an aura of auspiciousness, this pendant is ideal for casual wear and adds an elegant touch to any outfit. The intricate design and high-quality craftsmanship make it a unique piece of jewelry that stands out. Luminous with natural beauty, this jade pendant exudes charm and sophistication while symbolizing protection and good fortune with its Bodhisattva design.<\/li>\n<\/ul>\n<p>Yi Pin Qian \u2013 Comerciante de piedras preciosas y metales preciosos en Singapur \u2013 N\u00famero de licencia PS20190000031<\/p>\n<p>\u00a0<\/p>\n<p>*Todos los jade\u00edtas comprados a Yi Pin Qian en Singapur, los clientes pueden reservar espacios para pulirlos o hacer reparaciones menores por mal manejo; se aplican tarifas y solo para los clientes de Yi Pin Qian en Singapur*<\/p>\n<p>\u00a0<\/p>\n<p><strong>**Tipos de certificados**<\/strong><\/p>\n<p>\u00a0<\/p>\n<p><strong>NGI (Gemolog\u00eda Nan Yang)<\/strong><\/p>\n<p>o <strong>Certificados en el extranjero <\/strong>(Yi Pin Qian solo utiliza certificados aut\u00e9nticos de laboratorios extranjeros y tambi\u00e9n controla la calidad de cada uno de nuestros productos antes de ponerlos a la venta en SG)<\/p>\n<p>\u00a0<\/p>\n<p>Todos los productos de TikTok contar\u00e1n con el tipo de certificado que se indica en la descripci\u00f3n. Para cualquier cliente que desee enviar su pedido a NGI Singapur, habr\u00e1 un tiempo de espera para la entrega del pedido estimado de aproximadamente 4 semanas para recibirlo. <strong>Las solicitudes de informes de NGI Gemstone deben realizarse enviando un mensaje a la tienda TikTok de Yi Pin Qian.<\/strong> Gracias, <strong><u>Se aplican tarifas adicionales<\/u><\/strong>.<\/p>\n<p>\u00a0<\/p>\n<p><strong>La jade\u00edta natural no es perfecta, solo un peque\u00f1o recordatorio: nuestra jade\u00edta natural, como todas las cosas hermosas de la naturaleza, tiene sus caracter\u00edsticas y variaciones \u00fanicas. Invitamos a nuestros valiosos clientes a adoptar estas variaciones naturales. \u00a1Felices compras!<\/strong><\/p>\n<p>\u00a0<\/p>\n<p><strong><u>Ninguna de las fotograf\u00edas ni los v\u00eddeos han sido filtrados. Animamos a nuestros clientes a que vean tambi\u00e9n los v\u00eddeos adjuntos para tener una visi\u00f3n m\u00e1s completa de nuestros productos.<\/u><\/strong><\/p>","protected":false},"excerpt":{"rendered":"<p>This exquisite pendant features a High Quality Light Green Floating Flower Natural Type A Jadeite Jade, expertly crafted as a Bodhisattva. The stunning pendant is accompanied by a certificate and weighs 19.12 grams. \u00a0 Certificate numbers: ZGDSM051108 Material: Type A Jadeite Jade Color: Light Green Floating Flower Measurement: 58.2 x 27 x 7.3 mm Jade [&hellip;]<\/p>","protected":false},"featured_media":4580,"comment_status":"open","ping_status":"closed","template":"","meta":[],"product_brand":[],"product_cat":[48],"product_tag":[],"class_list":{"0":"post-1430","1":"product","2":"type-product","3":"status-publish","4":"has-post-thumbnail","6":"product_cat-pendants","8":"first","9":"instock","10":"sale","11":"shipping-taxable","12":"purchasable","13":"product-type-simple"},"_links":{"self":[{"href":"https:\/\/shop.yipinqian.com\/es\/wp-json\/wp\/v2\/product\/1430","targetHints":{"allow":["GET"]}}],"collection":[{"href":"https:\/\/shop.yipinqian.com\/es\/wp-json\/wp\/v2\/product"}],"about":[{"href":"https:\/\/shop.yipinqian.com\/es\/wp-json\/wp\/v2\/types\/product"}],"replies":[{"embeddable":true,"href":"https:\/\/shop.yipinqian.com\/es\/wp-json\/wp\/v2\/comments?post=1430"}],"version-history":[{"count":0,"href":"https:\/\/shop.yipinqian.com\/es\/wp-json\/wp\/v2\/product\/1430\/revisions"}],"wp:featuredmedia":[{"embeddable":true,"href":"https:\/\/shop.yipinqian.com\/es\/wp-json\/wp\/v2\/media\/4580"}],"wp:attachment":[{"href":"https:\/\/shop.yipinqian.com\/es\/wp-json\/wp\/v2\/media?parent=1430"}],"wp:term":[{"taxonomy":"product_brand","embeddable":true,"href":"https:\/\/shop.yipinqian.com\/es\/wp-json\/wp\/v2\/product_brand?post=1430"},{"taxonomy":"product_cat","embeddable":true,"href":"https:\/\/shop.yipinqian.com\/es\/wp-json\/wp\/v2\/product_cat?post=1430"},{"taxonomy":"product_tag","embeddable":true,"href":"https:\/\/shop.yipinqian.com\/es\/wp-json\/wp\/v2\/product_tag?post=1430"}],"curies":[{"name":"wp","href":"https:\/\/api.w.org\/{rel}","templated":true}]}}