{"id":1428,"date":"2024-10-24T23:19:08","date_gmt":"2024-10-24T15:19:08","guid":{"rendered":"https:\/\/shop.yipinqian.com\/product\/high-quality-ligh-pinkish-lavender-natural-type-a-jadeite-jade-crafted-with-ruyi-dragon-as-pendant-certificate-weighs-17-85-grams-measurement-45-22-9-12-3-mm-pendant271\/"},"modified":"2025-02-17T00:01:42","modified_gmt":"2025-02-16T16:01:42","slug":"high-quality-ligh-pinkish-lavender-natural-type-a-jadeite-jade-crafted-with-ruyi-dragon-as-pendant-certificate-weighs-17-85-grams-measurement-45-22-9-12-3-mm-pendant271","status":"publish","type":"product","link":"https:\/\/shop.yipinqian.com\/es\/producto\/high-quality-ligh-pinkish-lavender-natural-type-a-jadeite-jade-crafted-with-ruyi-dragon-as-pendant-certificate-weighs-17-85-grams-measurement-45-22-9-12-3-mm-pendant271\/","title":{"rendered":"Jade\u00edta natural tipo A de lavanda rosa claro de alta calidad elaborado con drag\u00f3n Ruyi como colgante, certificado, pesa 17,85 gramos, medida 45 * 22,9 * 12,3 mm (colgante 271)"},"content":{"rendered":"<p>Este colgante de jade\u00edta natural tipo A de color lavanda claro de alta calidad presenta un dise\u00f1o de drag\u00f3n Ruyi bellamente elaborado, que irradia elegancia y encanto.<\/p>\n<p>\u00a0<\/p>\n<p>N\u00fameros de certificado: GD2202H006845<\/p>\n<p><img fetchpriority=\"high\" decoding=\"async\" height=\"1080\" src=\"https:\/\/shop.yipinqian.com\/wp-content\/uploads\/2024\/10\/6df38c4c975f865b0d9c6dd4102a6be2.jpg?from=476444299\" width=\"1080\"><\/p>\n<ul>\n<li>\n<strong>Pesa:<\/strong> 17,85 gramos<\/li>\n<li>\n<strong>Medidas:<\/strong> 45 * 22,9 * 12,3 mm<\/li>\n<li>\n<strong>Tipo de jade:<\/strong> Jade\u00edta<\/li>\n<li>\n<strong>Certificado:<\/strong> S\u00ed<\/li>\n<li><strong>Pa\u00eds de origen: Este exquisito colgante es perfecto para el uso diario y a\u00f1ade un toque de sofisticaci\u00f3n a cualquier atuendo. El estilo informal del collar lo hace vers\u00e1til para diversas ocasiones, lo que lo convierte en un accesorio imprescindible para cualquier persona que aprecie la belleza de las joyas de jade.<\/strong><\/li>\n<\/ul>\n<p>Yi Pin Qian \u2013 Comerciante de piedras preciosas y metales preciosos en Singapur \u2013 N\u00famero de licencia PS20190000031<\/p>\n<p>\u00a0<\/p>\n<p>*Todos los jade\u00edtas comprados a Yi Pin Qian en Singapur, los clientes pueden reservar espacios para pulirlos o hacer reparaciones menores por mal manejo; se aplican tarifas y solo para los clientes de Yi Pin Qian en Singapur*<\/p>\n<p>\u00a0<\/p>\n<p><strong>**Tipos de certificados**<\/strong><\/p>\n<p>\u00a0<\/p>\n<p><strong>NGI (Gemolog\u00eda Nan Yang)<\/strong><\/p>\n<p>o <strong>Certificados en el extranjero <\/strong>(Yi Pin Qian solo utiliza certificados aut\u00e9nticos de laboratorios extranjeros y tambi\u00e9n controla la calidad de cada uno de nuestros productos antes de ponerlos a la venta en SG)<\/p>\n<p>\u00a0<\/p>\n<p>Todos los productos de TikTok contar\u00e1n con el tipo de certificado que se indica en la descripci\u00f3n. Para cualquier cliente que desee enviar su pedido a NGI Singapur, habr\u00e1 un tiempo de espera para la entrega del pedido estimado de aproximadamente 4 semanas para recibirlo. <strong>Las solicitudes de informes de NGI Gemstone deben realizarse enviando un mensaje a la tienda TikTok de Yi Pin Qian.<\/strong> Gracias, <strong><u>Se aplican tarifas adicionales<\/u><\/strong>.<\/p>\n<p>\u00a0<\/p>\n<p><strong>La jade\u00edta natural no es perfecta, solo un peque\u00f1o recordatorio: nuestra jade\u00edta natural, como todas las cosas hermosas de la naturaleza, tiene sus caracter\u00edsticas y variaciones \u00fanicas. Invitamos a nuestros valiosos clientes a adoptar estas variaciones naturales. \u00a1Felices compras!<\/strong><\/p>\n<p>\u00a0<\/p>\n<p><strong><u>Ninguna de las fotograf\u00edas ni los v\u00eddeos han sido filtrados. Animamos a nuestros clientes a que vean tambi\u00e9n los v\u00eddeos adjuntos para tener una visi\u00f3n m\u00e1s completa de nuestros productos.<\/u><\/strong><\/p>","protected":false},"excerpt":{"rendered":"<p>This High-Quality Light Lavender Natural Type A Jadeite Jade pendant features a beautifully crafted Ruyi Dragon design, exuding elegance and charm. \u00a0 Certificate numbers: GD2202H006845 Weighs: 17.85 grams Measurements: 45 * 22.9 * 12.3 mm Jade Type: Jadeite Certificate: Yes Country of Origin: This exquisite pendant is perfect for daily wear, adding a touch of [&hellip;]<\/p>","protected":false},"featured_media":4540,"comment_status":"open","ping_status":"closed","template":"","meta":[],"product_brand":[],"product_cat":[48],"product_tag":[],"class_list":{"0":"post-1428","1":"product","2":"type-product","3":"status-publish","4":"has-post-thumbnail","6":"product_cat-pendants","8":"first","9":"instock","10":"sale","11":"shipping-taxable","12":"purchasable","13":"product-type-simple"},"_links":{"self":[{"href":"https:\/\/shop.yipinqian.com\/es\/wp-json\/wp\/v2\/product\/1428","targetHints":{"allow":["GET"]}}],"collection":[{"href":"https:\/\/shop.yipinqian.com\/es\/wp-json\/wp\/v2\/product"}],"about":[{"href":"https:\/\/shop.yipinqian.com\/es\/wp-json\/wp\/v2\/types\/product"}],"replies":[{"embeddable":true,"href":"https:\/\/shop.yipinqian.com\/es\/wp-json\/wp\/v2\/comments?post=1428"}],"version-history":[{"count":0,"href":"https:\/\/shop.yipinqian.com\/es\/wp-json\/wp\/v2\/product\/1428\/revisions"}],"wp:featuredmedia":[{"embeddable":true,"href":"https:\/\/shop.yipinqian.com\/es\/wp-json\/wp\/v2\/media\/4540"}],"wp:attachment":[{"href":"https:\/\/shop.yipinqian.com\/es\/wp-json\/wp\/v2\/media?parent=1428"}],"wp:term":[{"taxonomy":"product_brand","embeddable":true,"href":"https:\/\/shop.yipinqian.com\/es\/wp-json\/wp\/v2\/product_brand?post=1428"},{"taxonomy":"product_cat","embeddable":true,"href":"https:\/\/shop.yipinqian.com\/es\/wp-json\/wp\/v2\/product_cat?post=1428"},{"taxonomy":"product_tag","embeddable":true,"href":"https:\/\/shop.yipinqian.com\/es\/wp-json\/wp\/v2\/product_tag?post=1428"}],"curies":[{"name":"wp","href":"https:\/\/api.w.org\/{rel}","templated":true}]}}