{"id":1422,"date":"2024-10-24T23:19:06","date_gmt":"2024-10-24T15:19:06","guid":{"rendered":"https:\/\/shop.yipinqian.com\/product\/high-quality-icy-translucent-natural-type-a-jadeite-jade-crafted-with-god-of-fortune-as-pendant-certificate-weighs-24-19-grams-measurement-48-8-27-3-10-mm-pendant274\/"},"modified":"2025-02-24T01:17:31","modified_gmt":"2025-02-23T17:17:31","slug":"high-quality-icy-translucent-natural-type-a-jadeite-jade-crafted-with-god-of-fortune-as-pendant-certificate-weighs-24-19-grams-measurement-48-8-27-3-10-mm-pendant274","status":"publish","type":"product","link":"https:\/\/shop.yipinqian.com\/es\/producto\/high-quality-icy-translucent-natural-type-a-jadeite-jade-crafted-with-god-of-fortune-as-pendant-certificate-weighs-24-19-grams-measurement-48-8-27-3-10-mm-pendant274\/","title":{"rendered":"High Quality Icy Translucent Natural Type A Jadeite Jade crafted with God of Fortune as Pendant, certificate weighs 24.19 grams, measurement 48.8 * 27.3 * 10 mm (pendant274)"},"content":{"rendered":"<p>Enhance your style with this exquisite High Quality Icy Translucent Natural Type A Jadeite Jade pendant featuring the auspicious God of Fortune.<\/p>\n<p>Certificate numbers: GD2110H018184<\/p>\n<p><img fetchpriority=\"high\" decoding=\"async\" height=\"1080\" src=\"https:\/\/shop.yipinqian.com\/wp-content\/uploads\/2024\/10\/bcbd576bbd72ec14abe3a1048ea5f463.jpg?from=476444299\" width=\"1080\"><\/p>\n<ul>\n<li>Divine Craftsmanship: This pendant is intricately crafted from genuine Type A Jadeite Jade, showcasing a stunning icy translucent quality.<\/li>\n<li>Precise Measurements: Weighing 24.19 grams and measuring 48.8 * 27.3 * 10 mm, this pendant (pendant274) is a unique and eye-catching piece of jewelry.<\/li>\n<li>Auspicious Symbolism:The God of Fortune design adds an element of luck and prosperity to your accessory collection, perfect for any occasion<\/li>\n<\/ul>\n<p>Yi Pin Qian \u2013 Comerciante de piedras preciosas y metales preciosos en Singapur \u2013 N\u00famero de licencia PS20190000031<\/p>\n<p>*Todos los jade\u00edtas comprados a Yi Pin Qian en Singapur, los clientes pueden reservar espacios para pulirlos o hacer reparaciones menores por mal manejo; se aplican tarifas y solo para los clientes de Yi Pin Qian en Singapur*<\/p>\n<p><strong>**Tipos de certificados**<\/strong><\/p>\n<p><strong>NGI (Gemolog\u00eda Nan Yang)<\/strong><\/p>\n<p>o <strong>Certificados en el extranjero <\/strong>(Yi Pin Qian solo utiliza certificados aut\u00e9nticos de laboratorios extranjeros y tambi\u00e9n controla la calidad de cada uno de nuestros productos antes de ponerlos a la venta en SG)<\/p>\n<p>Todos los productos de TikTok contar\u00e1n con el tipo de certificado que se indica en la descripci\u00f3n. Para cualquier cliente que desee enviar su pedido a NGI Singapur, habr\u00e1 un tiempo de espera para la entrega del pedido estimado de aproximadamente 4 semanas para recibirlo. <strong>Las solicitudes de informes de NGI Gemstone deben realizarse enviando un mensaje a la tienda TikTok de Yi Pin Qian.<\/strong> Gracias, <strong><u>Se aplican tarifas adicionales<\/u><\/strong>.<\/p>\n<p><strong>La jade\u00edta natural no es perfecta, solo un peque\u00f1o recordatorio: nuestra jade\u00edta natural, como todas las cosas hermosas de la naturaleza, tiene sus caracter\u00edsticas y variaciones \u00fanicas. Invitamos a nuestros valiosos clientes a adoptar estas variaciones naturales. \u00a1Felices compras!<\/strong><\/p>","protected":false},"excerpt":{"rendered":"<p>Realza tu estilo con este exquisito colgante de jade\u00edta natural transl\u00facido helado de alta calidad tipo A que presenta al auspicioso Dios de la Fortuna. N\u00fameros de certificado: GD2110H018184 Artesan\u00eda divina: este colgante est\u00e1 elaborado intrincadamente con jade\u00edta tipo A genuino, que muestra una impresionante calidad transl\u00facida helada. Medidas precisas: pesa 24,19 gramos y mide 48,8 * 27,3 * [\u2026]<\/p>","protected":false},"featured_media":4459,"comment_status":"open","ping_status":"closed","template":"","meta":[],"product_brand":[],"product_cat":[195],"product_tag":[],"class_list":{"0":"post-1422","1":"product","2":"type-product","3":"status-publish","4":"has-post-thumbnail","6":"product_cat-heirloom-grade","8":"first","9":"instock","10":"sale","11":"shipping-taxable","12":"purchasable","13":"product-type-simple"},"_links":{"self":[{"href":"https:\/\/shop.yipinqian.com\/es\/wp-json\/wp\/v2\/product\/1422","targetHints":{"allow":["GET"]}}],"collection":[{"href":"https:\/\/shop.yipinqian.com\/es\/wp-json\/wp\/v2\/product"}],"about":[{"href":"https:\/\/shop.yipinqian.com\/es\/wp-json\/wp\/v2\/types\/product"}],"replies":[{"embeddable":true,"href":"https:\/\/shop.yipinqian.com\/es\/wp-json\/wp\/v2\/comments?post=1422"}],"version-history":[{"count":0,"href":"https:\/\/shop.yipinqian.com\/es\/wp-json\/wp\/v2\/product\/1422\/revisions"}],"wp:featuredmedia":[{"embeddable":true,"href":"https:\/\/shop.yipinqian.com\/es\/wp-json\/wp\/v2\/media\/4459"}],"wp:attachment":[{"href":"https:\/\/shop.yipinqian.com\/es\/wp-json\/wp\/v2\/media?parent=1422"}],"wp:term":[{"taxonomy":"product_brand","embeddable":true,"href":"https:\/\/shop.yipinqian.com\/es\/wp-json\/wp\/v2\/product_brand?post=1422"},{"taxonomy":"product_cat","embeddable":true,"href":"https:\/\/shop.yipinqian.com\/es\/wp-json\/wp\/v2\/product_cat?post=1422"},{"taxonomy":"product_tag","embeddable":true,"href":"https:\/\/shop.yipinqian.com\/es\/wp-json\/wp\/v2\/product_tag?post=1422"}],"curies":[{"name":"wp","href":"https:\/\/api.w.org\/{rel}","templated":true}]}}