{"id":1420,"date":"2024-10-24T23:19:05","date_gmt":"2024-10-24T15:19:05","guid":{"rendered":"https:\/\/shop.yipinqian.com\/product\/high-quality-icy-translucent-natural-type-a-jadeite-jade-crafted-as-standing-guanyin-s925-clasp-added-as-pendant-certificate-weighs-7-79-grams-measurement-45-7-14-8-6-3-mm-pendant269\/"},"modified":"2025-02-17T00:01:38","modified_gmt":"2025-02-16T16:01:38","slug":"high-quality-icy-translucent-natural-type-a-jadeite-jade-crafted-as-standing-guanyin-s925-clasp-added-as-pendant-certificate-weighs-7-79-grams-measurement-45-7-14-8-6-3-mm-pendant269","status":"publish","type":"product","link":"https:\/\/shop.yipinqian.com\/es\/producto\/high-quality-icy-translucent-natural-type-a-jadeite-jade-crafted-as-standing-guanyin-s925-clasp-added-as-pendant-certificate-weighs-7-79-grams-measurement-45-7-14-8-6-3-mm-pendant269\/","title":{"rendered":"Jade\u00edta natural transl\u00facida helada de tipo A de alta calidad elaborada como Guanyin de pie, cierre S925 agregado como colgante, certificado que pesa 7,79 gramos, medida 45,7 * 14,8 * 6,3 mm (colgante 269)"},"content":{"rendered":"<p>Este exquisito colgante presenta un jade\u00edta natural tipo A transl\u00facido helado de alta calidad elaborado como Guanyin de pie, que irradia elegancia y espiritualidad.<\/p>\n<p>\u00a0<\/p>\n<p>*Cierre de plata S925 a\u00f1adido con un poco de bricolaje en el envoltorio dentro del orificio de la jade\u00edta*<\/p>\n<p>\u00a0<\/p>\n<p>N\u00fameros de certificado: GD2109H018434<\/p>\n<p><img fetchpriority=\"high\" decoding=\"async\" height=\"1080\" src=\"https:\/\/shop.yipinqian.com\/wp-content\/uploads\/2024\/10\/c4ff0c3fe0f6c324f7eec5c77c4f5cb2.jpg?from=476444299\" width=\"1080\"><\/p>\n<ul>\n<li>\n<strong>Material:<\/strong> Elaborado con cierre S925 para mayor durabilidad y brillo.<\/li>\n<li>\n<strong>Peso:<\/strong> Con un peso de 7,79 gramos, es ligero y c\u00f3modo de llevar.<\/li>\n<li>\n<strong>Medici\u00f3n:<\/strong> Con unas dimensiones de 45,7 * 14,8 * 6,3 mm (colgante 269), es una pieza llamativa que capta la atenci\u00f3n.<\/li>\n<\/ul>\n<p>El jade jade\u00edta transl\u00facido helado agrega un toque de sofisticaci\u00f3n al dise\u00f1o, haci\u00e9ndolo perfecto para cualquier ocasi\u00f3n, especialmente las auspiciosas.<\/p>\n<ul>\n<li>\n<strong>Certificado:<\/strong> Viene con un certificado que garantiza la autenticidad del jade jade\u00edta utilizado en el colgante.<\/li>\n<li>\n<strong>Tipo de jade:<\/strong>Jade\u00edta tipo A<\/li>\n<\/ul>\n<p>.<\/p>\n<p>Este estilo de collar unisex es vers\u00e1til y se puede usar de manera informal o elegante para un evento especial, lo que lo convierte en un complemento ideal para cualquier colecci\u00f3n de joyas de origen birmano.<\/p>\n<p>\u00a0<\/p>\n<p>Yi Pin Qian \u2013 Comerciante de piedras preciosas y metales preciosos en Singapur \u2013 N\u00famero de licencia PS20190000031<\/p>\n<p>\u00a0<\/p>\n<p>*Todos los jade\u00edtas comprados a Yi Pin Qian en Singapur, los clientes pueden reservar espacios para pulirlos o hacer reparaciones menores por mal manejo; se aplican tarifas y solo para los clientes de Yi Pin Qian en Singapur*<\/p>\n<p>\u00a0<\/p>\n<p><strong>**Tipos de certificados**<\/strong><\/p>\n<p>\u00a0<\/p>\n<p><strong>NGI (Gemolog\u00eda Nan Yang)<\/strong><\/p>\n<p>o <strong>Certificados en el extranjero <\/strong>(Yi Pin Qian solo utiliza certificados aut\u00e9nticos de laboratorios extranjeros y tambi\u00e9n controla la calidad de cada uno de nuestros productos antes de ponerlos a la venta en SG)<\/p>\n<p>\u00a0<\/p>\n<p>Todos los productos de TikTok contar\u00e1n con el tipo de certificado que se indica en la descripci\u00f3n. Para cualquier cliente que desee enviar su pedido a NGI Singapur, habr\u00e1 un tiempo de espera para la entrega del pedido estimado de aproximadamente 4 semanas para recibirlo. <strong>Las solicitudes de informes de NGI Gemstone deben realizarse enviando un mensaje a la tienda TikTok de Yi Pin Qian.<\/strong> Gracias, <strong><u>Se aplican tarifas adicionales<\/u><\/strong>.<\/p>\n<p>\u00a0<\/p>\n<p><strong>La jade\u00edta natural no es perfecta, solo un peque\u00f1o recordatorio: nuestra jade\u00edta natural, como todas las cosas hermosas de la naturaleza, tiene sus caracter\u00edsticas y variaciones \u00fanicas. Invitamos a nuestros valiosos clientes a adoptar estas variaciones naturales. \u00a1Felices compras!<\/strong><\/p>\n<p>\u00a0<\/p>\n<p><strong><u>Ninguna de las fotograf\u00edas ni los v\u00eddeos han sido filtrados. Animamos a nuestros clientes a que vean tambi\u00e9n los v\u00eddeos adjuntos para tener una visi\u00f3n m\u00e1s completa de nuestros productos.<\/u><\/strong><\/p>\n<p>\u00a0<\/p>\n<p>.<\/p>","protected":false},"excerpt":{"rendered":"<p>Este exquisito colgante presenta una jade\u00edta natural transl\u00facida helada de tipo A de alta calidad elaborada como Guanyin de pie, que rezuma elegancia y espiritualidad. *Cierre de plata S925 agregado con un poco de bricolaje en la envoltura en el orificio de la jade\u00edta* N\u00fameros de certificado: GD2109H018434 Material: Elaborado con cierre S925 para mayor durabilidad y brillo. Peso: Pesa 7,79 gramos, [\u2026]<\/p>","protected":false},"featured_media":4419,"comment_status":"open","ping_status":"closed","template":"","meta":[],"product_brand":[],"product_cat":[48,125],"product_tag":[],"class_list":{"0":"post-1420","1":"product","2":"type-product","3":"status-publish","4":"has-post-thumbnail","6":"product_cat-pendants","7":"product_cat-s925-settings-jadeites","9":"first","10":"instock","11":"sale","12":"shipping-taxable","13":"purchasable","14":"product-type-simple"},"_links":{"self":[{"href":"https:\/\/shop.yipinqian.com\/es\/wp-json\/wp\/v2\/product\/1420","targetHints":{"allow":["GET"]}}],"collection":[{"href":"https:\/\/shop.yipinqian.com\/es\/wp-json\/wp\/v2\/product"}],"about":[{"href":"https:\/\/shop.yipinqian.com\/es\/wp-json\/wp\/v2\/types\/product"}],"replies":[{"embeddable":true,"href":"https:\/\/shop.yipinqian.com\/es\/wp-json\/wp\/v2\/comments?post=1420"}],"version-history":[{"count":0,"href":"https:\/\/shop.yipinqian.com\/es\/wp-json\/wp\/v2\/product\/1420\/revisions"}],"wp:featuredmedia":[{"embeddable":true,"href":"https:\/\/shop.yipinqian.com\/es\/wp-json\/wp\/v2\/media\/4419"}],"wp:attachment":[{"href":"https:\/\/shop.yipinqian.com\/es\/wp-json\/wp\/v2\/media?parent=1420"}],"wp:term":[{"taxonomy":"product_brand","embeddable":true,"href":"https:\/\/shop.yipinqian.com\/es\/wp-json\/wp\/v2\/product_brand?post=1420"},{"taxonomy":"product_cat","embeddable":true,"href":"https:\/\/shop.yipinqian.com\/es\/wp-json\/wp\/v2\/product_cat?post=1420"},{"taxonomy":"product_tag","embeddable":true,"href":"https:\/\/shop.yipinqian.com\/es\/wp-json\/wp\/v2\/product_tag?post=1420"}],"curies":[{"name":"wp","href":"https:\/\/api.w.org\/{rel}","templated":true}]}}