{"id":14194,"date":"2024-12-01T14:03:17","date_gmt":"2024-12-01T06:03:17","guid":{"rendered":"https:\/\/shop.yipinqian.com\/crafted-as-mystic-beast-pendant-on-high-quality-natural-type-a-jadeite-jade-certificate-weighs-9-38-grams-measurement-48-8-12-7-8-8-mm-pendant371\/"},"modified":"2025-02-24T01:34:16","modified_gmt":"2025-02-23T17:34:16","slug":"crafted-as-mystic-beast-pendant-on-high-quality-natural-type-a-jadeite-jade-certificate-weighs-9-38-grams-measurement-48-8-12-7-8-8-mm-pendant371","status":"publish","type":"product","link":"https:\/\/shop.yipinqian.com\/es\/producto\/crafted-as-mystic-beast-pendant-on-high-quality-natural-type-a-jadeite-jade-certificate-weighs-9-38-grams-measurement-48-8-12-7-8-8-mm-pendant371\/","title":{"rendered":"Fabricado como colgante de bestia m\u00edstica en jade\u00edta natural tipo A de alta calidad, certificado, pesa 9,38 gramos, medida 48,8 * 12,7 * 8,8 mm (colgante 371)"},"content":{"rendered":"<p>Este colgante de Bestia M\u00edstica est\u00e1 elaborado de manera exquisita con jade\u00edta natural tipo A de alta calidad y pesa 9,38 gramos. El colgante mide 48,8 x 12,7 x 8,8 mm y le agrega un toque de misticismo y elegancia a su conjunto.<\/p>\n<p>N\u00fameros de certificado: 920460015445<\/p>\n<p>Este colgante se puede usar tal como est\u00e1 o enviarlo a un orfebre para que lo engarce en oro de 18 quilates con diamantes para realzar la belleza de este colgante de bestia m\u00edstica de alta calidad.<\/p>\n<p><img fetchpriority=\"high\" decoding=\"async\" src=\"https:\/\/shop.yipinqian.com\/wp-content\/uploads\/2024\/12\/74f683727d5148debd2814cf6e44c47ctplv-aphluv4xwc-origin-jpeg.jpeg?dr=15568&#038;nonce=21268&#038;refresh_token=ec5b9569d60b6fcc2e515251d3d898ec&#038;from=476444299&#038;idc=my2&#038;ps=933b5bde&#038;shcp=9b759fb9&#038;shp=1c65f68b&#038;t=555f072d\" width=\"1080\" height=\"1080\"><img decoding=\"async\" src=\"https:\/\/shop.yipinqian.com\/wp-content\/uploads\/2024\/12\/59715367965242a6b94e3bcc50f0fee9tplv-aphluv4xwc-origin-jpeg.jpeg?dr=15568&#038;nonce=93016&#038;refresh_token=8fe2f8076a6959ab7fe6e075116f5068&#038;from=476444299&#038;idc=my2&#038;ps=933b5bde&#038;shcp=9b759fb9&#038;shp=1c65f68b&#038;t=555f072d\" width=\"1080\" height=\"1080\"><\/p>\n<ul>\n<li>\n<strong>Con Certificado:<\/strong> S\u00ed<\/li>\n<li>\n<strong>Regi\u00f3n de origen:<\/strong> Birmania<\/li>\n<li>\n<strong>Ocasi\u00f3n:<\/strong> Propicio<\/li>\n<li>\n<strong>Tipo de jade:<\/strong> Jade\u00edta<\/li>\n<li>\n<strong>Estilo del colgante:<\/strong>Elegante dise\u00f1o unisex.<\/li>\n<\/ul>\n<p>Este colgante no solo es un hermoso accesorio, sino que tambi\u00e9n tiene un significado cultural con su origen en Myanmar, lo que lo hace perfecto para ocasiones auspiciosas y agrega un toque de sofisticaci\u00f3n a cualquier atuendo.<\/p>\n<p>.<\/p>\n<p>Yi Pin Qian \u2013 Comerciante de piedras preciosas y metales preciosos en Singapur \u2013 N\u00famero de licencia PS20190000031<\/p>\n<p><\/p>\n<p>*Todos los jade\u00edtas comprados a Yi Pin Qian en Singapur, los clientes pueden reservar espacios para pulirlos o hacer reparaciones menores por mal manejo; se aplican tarifas y solo para los clientes de Yi Pin Qian en Singapur*<\/p>\n<p><\/p>\n<p><strong>**Tipos de certificados**<\/strong><\/p>\n<p><\/p>\n<p><strong>NGI (Gemolog\u00eda Nan Yang)<\/strong><\/p>\n<p>o <strong>Certificados en el extranjero <\/strong>(Yi Pin Qian solo utiliza certificados aut\u00e9nticos de laboratorios extranjeros y tambi\u00e9n controla la calidad de cada uno de nuestros productos antes de ponerlos a la venta en SG)<\/p>\n<p><\/p>\n<p>Todos los productos de TikTok contar\u00e1n con el tipo de certificado que se indica en la descripci\u00f3n. Para cualquier cliente que desee enviar su pedido a NGI Singapur, habr\u00e1 un tiempo de espera para la entrega del pedido estimado de aproximadamente 4 semanas para recibirlo. <strong>Las solicitudes de informes de NGI Gemstone deben realizarse envi\u00e1ndonos un mensaje.<\/strong> Gracias, <strong><u>Se aplican tarifas adicionales<\/u><\/strong>.<\/p>\n<p><\/p>\n<p><strong>La jade\u00edta natural no es perfecta, solo un peque\u00f1o recordatorio: nuestra jade\u00edta natural, como todas las cosas hermosas de la naturaleza, tiene sus caracter\u00edsticas y variaciones \u00fanicas. Invitamos a nuestros valiosos clientes a adoptar estas variaciones naturales. \u00a1Felices compras!<\/strong><\/p>\n<p><\/p>\n<p><strong><u>Ninguna de las fotograf\u00edas ni los v\u00eddeos han sido filtrados. Animamos a nuestros clientes a que vean tambi\u00e9n los v\u00eddeos adjuntos para tener una visi\u00f3n m\u00e1s completa de nuestros productos.<\/u><\/strong><\/p>\n<p><\/p>\n<ul>\n<li>Las diferentes plataformas solo pueden ver videos a trav\u00e9s de la computadora de escritorio<\/li>\n<\/ul>","protected":false},"excerpt":{"rendered":"<p>This Mystic Beast Pendant is exquisitely crafted on high-quality natural Type A Jadeite Jade, weighing 9.38 grams. The pendant measures 48.8 * 12.7 * 8.8 mm, adding a touch of mystique and elegance to your ensemble. Certificate numbers: 920460015445 This pendant is good to wear as it is or send to goldsmith to do 18k [&hellip;]<\/p>","protected":false},"featured_media":14247,"comment_status":"open","ping_status":"closed","template":"","meta":[],"product_brand":[],"product_cat":[196],"product_tag":[52,53,65,54,56,58,73,75,59,60,61,62],"class_list":{"0":"post-14194","1":"product","2":"type-product","3":"status-publish","4":"has-post-thumbnail","6":"product_cat-vault-collection","7":"product_tag-certified","8":"product_tag-fine-quality","9":"product_tag-high-quality","10":"product_tag-icy","11":"product_tag-limited-editions","12":"product_tag-new-arrivals","13":"product_tag-pendant","14":"product_tag-traditional","15":"product_tag-translucent","16":"product_tag-type-a-jadeite","17":"product_tag-unisex","18":"product_tag-yi-pin-qian-exclusive","20":"first","21":"instock","22":"sale","23":"shipping-taxable","24":"purchasable","25":"product-type-simple"},"_links":{"self":[{"href":"https:\/\/shop.yipinqian.com\/es\/wp-json\/wp\/v2\/product\/14194","targetHints":{"allow":["GET"]}}],"collection":[{"href":"https:\/\/shop.yipinqian.com\/es\/wp-json\/wp\/v2\/product"}],"about":[{"href":"https:\/\/shop.yipinqian.com\/es\/wp-json\/wp\/v2\/types\/product"}],"replies":[{"embeddable":true,"href":"https:\/\/shop.yipinqian.com\/es\/wp-json\/wp\/v2\/comments?post=14194"}],"version-history":[{"count":0,"href":"https:\/\/shop.yipinqian.com\/es\/wp-json\/wp\/v2\/product\/14194\/revisions"}],"wp:featuredmedia":[{"embeddable":true,"href":"https:\/\/shop.yipinqian.com\/es\/wp-json\/wp\/v2\/media\/14247"}],"wp:attachment":[{"href":"https:\/\/shop.yipinqian.com\/es\/wp-json\/wp\/v2\/media?parent=14194"}],"wp:term":[{"taxonomy":"product_brand","embeddable":true,"href":"https:\/\/shop.yipinqian.com\/es\/wp-json\/wp\/v2\/product_brand?post=14194"},{"taxonomy":"product_cat","embeddable":true,"href":"https:\/\/shop.yipinqian.com\/es\/wp-json\/wp\/v2\/product_cat?post=14194"},{"taxonomy":"product_tag","embeddable":true,"href":"https:\/\/shop.yipinqian.com\/es\/wp-json\/wp\/v2\/product_tag?post=14194"}],"curies":[{"name":"wp","href":"https:\/\/api.w.org\/{rel}","templated":true}]}}