{"id":1417,"date":"2024-10-24T23:19:04","date_gmt":"2024-10-24T15:19:04","guid":{"rendered":"https:\/\/shop.yipinqian.com\/product\/high-quality-icy-translucent-natural-type-a-jadeite-jade-crafted-as-goat-set-with-18k-gold-as-pendant-certificate-weighs-2-99-grams-measurement-23-20-5-7-6-mm-18kp56\/"},"modified":"2025-01-10T06:00:05","modified_gmt":"2025-01-09T22:00:05","slug":"high-quality-icy-translucent-natural-type-a-jadeite-jade-crafted-as-goat-set-with-18k-gold-as-pendant-certificate-weighs-2-99-grams-measurement-23-20-5-7-6-mm-18kp56","status":"publish","type":"product","link":"https:\/\/shop.yipinqian.com\/es\/producto\/high-quality-icy-translucent-natural-type-a-jadeite-jade-crafted-as-goat-set-with-18k-gold-as-pendant-certificate-weighs-2-99-grams-measurement-23-20-5-7-6-mm-18kp56\/","title":{"rendered":"Jade\u00edta natural transl\u00facida helada de tipo A de alta calidad elaborada como cabra con oro de 18 k como colgante, certificado que pesa 2,99 gramos, medida 23 * 20,5 * 7,6 mm (18kp56)"},"content":{"rendered":"<p>This High Quality Icy Translucent Natural Type A Jadeite Jade pendant features a Goat design crafted with 18k Gold, exuding elegance and sophistication.<\/p>\n<p>\u00a0<\/p>\n<p>N\u00fameros de certificado: <strong>GD2110H010556<\/strong><\/p>\n<p>Medici\u00f3n de jade\u00edta: <strong>12.1 * 18.7 * 3.7 mm<\/strong><\/p>\n<p>Oro de 18k: <strong>1.73 grams<\/strong><\/p>\n<p>Diamantes: <strong>35 * 0.003 Carats<\/strong><\/p>\n<p>\u00a0<\/p>\n<ul>\n<li>\n<strong>Material:<\/strong> Made of stunning Type A Jadeite Jade and 18k Gold<\/li>\n<li>\n<strong>Weight &#038; Overall Measurement:<\/strong> Weighs <strong>2,99 gramos<\/strong> with dimensions of <strong>23 * 20.5 * 7.6 mm<\/strong>\n<\/li>\n<li>\n<strong>Certificado:<\/strong> Viene con un certificado que garantiza la autenticidad.<\/li>\n<li>\n<strong>Estilo de joyer\u00eda:<\/strong> Elegant necklace style suitable for daily wear<\/li>\n<li>The pendant is designed for both men and women, making it a versatile accessory to add to your collection.<\/li>\n<\/ul>\n<p>Elevate your style with this exquisite piece that combines the beauty of jadeite jade and the luxury of gold, perfect for any occasion.<\/p>\n<p>\u00a0<\/p>\n<p>Yi Pin Qian \u2013 Comerciante de piedras preciosas y metales preciosos en Singapur \u2013 N\u00famero de licencia PS20190000031<\/p>\n<p>\u00a0<\/p>\n<p>*Todos los jade\u00edtas comprados a Yi Pin Qian en Singapur, los clientes pueden reservar espacios para pulirlos o hacer reparaciones menores por mal manejo; se aplican tarifas y solo para los clientes de Yi Pin Qian en Singapur*<\/p>\n<p>\u00a0<\/p>\n<p><strong>**Tipos de certificados**<\/strong><\/p>\n<p>\u00a0<\/p>\n<p><strong>NGI (Gemolog\u00eda Nan Yang)<\/strong><\/p>\n<p>o <strong>Certificados en el extranjero <\/strong>(Yi Pin Qian solo utiliza certificados aut\u00e9nticos de laboratorios extranjeros y tambi\u00e9n controla la calidad de cada uno de nuestros productos antes de ponerlos a la venta en SG)<\/p>\n<p>\u00a0<\/p>\n<p>Todos los productos de TikTok contar\u00e1n con el tipo de certificado que se indica en la descripci\u00f3n. Para cualquier cliente que desee enviar su pedido a NGI Singapur, habr\u00e1 un tiempo de espera para la entrega del pedido estimado de aproximadamente 4 semanas para recibirlo. <strong>Las solicitudes de informes de NGI Gemstone deben realizarse enviando un mensaje a la tienda TikTok de Yi Pin Qian.<\/strong> Gracias, <strong><u>Se aplican tarifas adicionales<\/u><\/strong>.<\/p>\n<p>\u00a0<\/p>\n<p><strong>La jade\u00edta natural no es perfecta, solo un peque\u00f1o recordatorio: nuestra jade\u00edta natural, como todas las cosas hermosas de la naturaleza, tiene sus caracter\u00edsticas y variaciones \u00fanicas. Invitamos a nuestros valiosos clientes a adoptar estas variaciones naturales. \u00a1Felices compras!<\/strong><\/p>\n<p>\u00a0<\/p>\n<p><strong><u>Ninguna de las fotograf\u00edas ni los v\u00eddeos han sido filtrados. Animamos a nuestros clientes a que vean tambi\u00e9n los v\u00eddeos adjuntos para tener una visi\u00f3n m\u00e1s completa de nuestros productos.<\/u><\/strong><\/p>","protected":false},"excerpt":{"rendered":"<p>This High Quality Icy Translucent Natural Type A Jadeite Jade pendant features a Goat design crafted with 18k Gold, exuding elegance and sophistication. \u00a0 Certificate numbers: GD2110H010556 Jadeite measurement: 12.1 * 18.7 * 3.7 mm 18k Gold: 1.73 grams Diamonds: 35 * 0.003 Carats \u00a0 Material: Made of stunning Type A Jadeite Jade and 18k [&hellip;]<\/p>","protected":false},"featured_media":4383,"comment_status":"open","ping_status":"closed","template":"","meta":[],"product_brand":[],"product_cat":[120,48],"product_tag":[50,52,88,53,70,54,55,73,59,60,61,62],"class_list":{"0":"post-1417","1":"product","2":"type-product","3":"status-publish","4":"has-post-thumbnail","6":"product_cat-18k-gold-setting-pendants","7":"product_cat-pendants","8":"product_tag-18k-gold","9":"product_tag-certified","10":"product_tag-diamonds","11":"product_tag-fine-quality","12":"product_tag-green","13":"product_tag-icy","14":"product_tag-jadeite","15":"product_tag-pendant","16":"product_tag-translucent","17":"product_tag-type-a-jadeite","18":"product_tag-unisex","19":"product_tag-yi-pin-qian-exclusive","21":"first","22":"instock","23":"sale","24":"shipping-taxable","25":"purchasable","26":"product-type-simple"},"_links":{"self":[{"href":"https:\/\/shop.yipinqian.com\/es\/wp-json\/wp\/v2\/product\/1417","targetHints":{"allow":["GET"]}}],"collection":[{"href":"https:\/\/shop.yipinqian.com\/es\/wp-json\/wp\/v2\/product"}],"about":[{"href":"https:\/\/shop.yipinqian.com\/es\/wp-json\/wp\/v2\/types\/product"}],"replies":[{"embeddable":true,"href":"https:\/\/shop.yipinqian.com\/es\/wp-json\/wp\/v2\/comments?post=1417"}],"version-history":[{"count":0,"href":"https:\/\/shop.yipinqian.com\/es\/wp-json\/wp\/v2\/product\/1417\/revisions"}],"wp:featuredmedia":[{"embeddable":true,"href":"https:\/\/shop.yipinqian.com\/es\/wp-json\/wp\/v2\/media\/4383"}],"wp:attachment":[{"href":"https:\/\/shop.yipinqian.com\/es\/wp-json\/wp\/v2\/media?parent=1417"}],"wp:term":[{"taxonomy":"product_brand","embeddable":true,"href":"https:\/\/shop.yipinqian.com\/es\/wp-json\/wp\/v2\/product_brand?post=1417"},{"taxonomy":"product_cat","embeddable":true,"href":"https:\/\/shop.yipinqian.com\/es\/wp-json\/wp\/v2\/product_cat?post=1417"},{"taxonomy":"product_tag","embeddable":true,"href":"https:\/\/shop.yipinqian.com\/es\/wp-json\/wp\/v2\/product_tag?post=1417"}],"curies":[{"name":"wp","href":"https:\/\/api.w.org\/{rel}","templated":true}]}}