{"id":14152,"date":"2024-11-28T09:36:16","date_gmt":"2024-11-28T01:36:16","guid":{"rendered":"https:\/\/shop.yipinqian.com\/super-rare-old-collection-2-crafted-as-guanyin-pendant-on-high-translucent-natural-type-a-jadeite-jade-certificate-weighs-24-35-grams-measurement-52-3-46-3-4-3-mm-pendant363\/"},"modified":"2025-02-24T01:34:16","modified_gmt":"2025-02-23T17:34:16","slug":"super-rare-old-collection-2-crafted-as-guanyin-pendant-on-high-translucent-natural-type-a-jadeite-jade-certificate-weighs-24-35-grams-measurement-52-3-46-3-4-3-mm-pendant363","status":"publish","type":"product","link":"https:\/\/shop.yipinqian.com\/es\/producto\/super-rare-old-collection-2-crafted-as-guanyin-pendant-on-high-translucent-natural-type-a-jadeite-jade-certificate-weighs-24-35-grams-measurement-52-3-46-3-4-3-mm-pendant363\/","title":{"rendered":"Fabricado como colgante de Guanyin en jade\u00edta natural tipo A transl\u00facido alto, certificado, pesa 24,35 gramos, medida 52,3 * 46,3 * 4,3 mm (colgante 363)"},"content":{"rendered":"<p>Este colgante de jade Guanyin s\u00faper raro es parte de un <strong>Colecci\u00f3n antigua #2<\/strong>, elaborado a partir de jade\u00edta natural tipo A altamente transl\u00facido con certificado. Pesa <strong>24,35 gramos<\/strong> y medidas <strong>52,3 x 46,3 x 4,3 mm<\/strong>.<\/p>\n<p><\/p>\n<p><strong>*** Este colgante es otra pieza muy similar con sku: pendant78, ya que est\u00e1n fabricados juntos con el mismo material. Esta pieza es m\u00e1s pesada, por lo que el precio ser\u00e1 m\u00e1s alto (tenga en cuenta que todas las medidas se miden en consecuencia, sin embargo, habr\u00e1 una ligera discrepancia debido a la elaboraci\u00f3n en s\u00ed, por lo tanto, los pesos ser\u00e1n diferentes) <\/strong><\/p>\n<p><\/p>\n<p>N\u00fameros de certificado: GD2110H013027<\/p>\n<p><img fetchpriority=\"high\" decoding=\"async\" src=\"https:\/\/shop.yipinqian.com\/wp-content\/uploads\/2024\/11\/00de719777ff4013bb441a52d4de443dtplv-aphluv4xwc-origin-jpeg.jpeg?dr=15568&#038;nonce=82560&#038;refresh_token=378496ebf544936ae55e9442c98c42e7&#038;from=476444299&#038;idc=my2&#038;ps=933b5bde&#038;shcp=9b759fb9&#038;shp=1c65f68b&#038;t=555f072d\" width=\"1080\" height=\"1080\"><img decoding=\"async\" src=\"https:\/\/shop.yipinqian.com\/wp-content\/uploads\/2024\/11\/63bbea9d4bfd4c6d802b804ad7569df3tplv-aphluv4xwc-origin-jpeg.jpeg?dr=15568&#038;nonce=88558&#038;refresh_token=543f5b1bb292fe9e8bb4d20587ca52c4&#038;from=476444299&#038;idc=my2&#038;ps=933b5bde&#038;shcp=9b759fb9&#038;shp=1c65f68b&#038;t=555f072d\" width=\"1080\" height=\"1080\"><\/p>\n<ul>\n<li>\n<strong>Dise\u00f1o \u00fanico:<\/strong> El colgante presenta un dise\u00f1o Guanyin bellamente elaborado, que agrega un toque elegante a cualquier atuendo.<\/li>\n<li>\n<strong>Material de alta calidad:<\/strong> Fabricado con jade\u00edta tipo A, un raro tipo conocido por su translucidez y belleza.<\/li>\n<li>\n<strong>Certificado incluido:<\/strong> Viene con un certificado para autenticar la calidad del jade.<\/li>\n<\/ul>\n<p>Este exquisito colgante procede de Myanmar y es perfecto para ocasiones propicias. Es adecuado tanto para hombres como para mujeres gracias a su dise\u00f1o unisex. El colgante no tiene garant\u00eda, pero garantiza una belleza y una elegancia atemporales.<\/p>\n<p><\/p>\n<p>Yi Pin Qian \u2013 Comerciante de piedras preciosas y metales preciosos en Singapur \u2013 N\u00famero de licencia PS20190000031<\/p>\n<p><\/p>\n<p>*Todos los jade\u00edtas comprados a Yi Pin Qian en Singapur, los clientes pueden reservar espacios para pulirlos o hacer reparaciones menores por mal manejo; se aplican tarifas y solo para los clientes de Yi Pin Qian en Singapur*<\/p>\n<p><\/p>\n<p><strong>**Tipos de certificados**<\/strong><\/p>\n<p><\/p>\n<p><strong>NGI (Gemolog\u00eda Nan Yang)<\/strong><\/p>\n<p>o <strong>Certificados en el extranjero <\/strong>(Yi Pin Qian solo utiliza certificados aut\u00e9nticos de laboratorios extranjeros y tambi\u00e9n controla la calidad de cada uno de nuestros productos antes de ponerlos a la venta en SG)<\/p>\n<p><\/p>\n<p>Todos los productos de TikTok contar\u00e1n con el tipo de certificado que se indica en la descripci\u00f3n. Para cualquier cliente que desee enviar su pedido a NGI Singapur, habr\u00e1 un tiempo de espera para la entrega del pedido estimado de aproximadamente 4 semanas para recibirlo. <strong>Las solicitudes de informes de NGI Gemstone deben realizarse envi\u00e1ndonos un mensaje.<\/strong> Gracias, <strong><u>Se aplican tarifas adicionales<\/u><\/strong>.<\/p>\n<p><\/p>\n<p><strong>La jade\u00edta natural no es perfecta, solo un peque\u00f1o recordatorio: nuestra jade\u00edta natural, como todas las cosas hermosas de la naturaleza, tiene sus caracter\u00edsticas y variaciones \u00fanicas. Invitamos a nuestros valiosos clientes a adoptar estas variaciones naturales. \u00a1Felices compras!<\/strong><\/p>\n<p><\/p>\n<p><strong><u>Ninguna de las fotograf\u00edas ni los v\u00eddeos han sido filtrados. Animamos a nuestros clientes a que vean tambi\u00e9n los v\u00eddeos adjuntos para tener una visi\u00f3n m\u00e1s completa de nuestros productos.<\/u><\/strong><\/p>\n<p><\/p>\n<ul>\n<li>Las diferentes plataformas solo pueden ver videos a trav\u00e9s de la computadora de escritorio<\/li>\n<\/ul>","protected":false},"excerpt":{"rendered":"<p>This Super Rare Jade Guanyin Pendant is a part of an Old Collection #2, crafted from high translucent natural Type A Jadeite Jade with a certificate. It weighs 24.35 grams and measures 52.3 * 46.3 * 4.3 mm. *** This pendant is another piece very similar with sku: pendant78 &#8211; as they are manufactured together [&hellip;]<\/p>","protected":false},"featured_media":14169,"comment_status":"open","ping_status":"closed","template":"","meta":[],"product_brand":[],"product_cat":[196],"product_tag":[52,53,107,65,54,56,58,73,59,60,61,62],"class_list":{"0":"post-14152","1":"product","2":"type-product","3":"status-publish","4":"has-post-thumbnail","6":"product_cat-vault-collection","7":"product_tag-certified","8":"product_tag-fine-quality","9":"product_tag-guanyin","10":"product_tag-high-quality","11":"product_tag-icy","12":"product_tag-limited-editions","13":"product_tag-new-arrivals","14":"product_tag-pendant","15":"product_tag-translucent","16":"product_tag-type-a-jadeite","17":"product_tag-unisex","18":"product_tag-yi-pin-qian-exclusive","20":"first","21":"instock","22":"sale","23":"shipping-taxable","24":"purchasable","25":"product-type-simple"},"_links":{"self":[{"href":"https:\/\/shop.yipinqian.com\/es\/wp-json\/wp\/v2\/product\/14152","targetHints":{"allow":["GET"]}}],"collection":[{"href":"https:\/\/shop.yipinqian.com\/es\/wp-json\/wp\/v2\/product"}],"about":[{"href":"https:\/\/shop.yipinqian.com\/es\/wp-json\/wp\/v2\/types\/product"}],"replies":[{"embeddable":true,"href":"https:\/\/shop.yipinqian.com\/es\/wp-json\/wp\/v2\/comments?post=14152"}],"version-history":[{"count":0,"href":"https:\/\/shop.yipinqian.com\/es\/wp-json\/wp\/v2\/product\/14152\/revisions"}],"wp:featuredmedia":[{"embeddable":true,"href":"https:\/\/shop.yipinqian.com\/es\/wp-json\/wp\/v2\/media\/14169"}],"wp:attachment":[{"href":"https:\/\/shop.yipinqian.com\/es\/wp-json\/wp\/v2\/media?parent=14152"}],"wp:term":[{"taxonomy":"product_brand","embeddable":true,"href":"https:\/\/shop.yipinqian.com\/es\/wp-json\/wp\/v2\/product_brand?post=14152"},{"taxonomy":"product_cat","embeddable":true,"href":"https:\/\/shop.yipinqian.com\/es\/wp-json\/wp\/v2\/product_cat?post=14152"},{"taxonomy":"product_tag","embeddable":true,"href":"https:\/\/shop.yipinqian.com\/es\/wp-json\/wp\/v2\/product_tag?post=14152"}],"curies":[{"name":"wp","href":"https:\/\/api.w.org\/{rel}","templated":true}]}}