{"id":1414,"date":"2024-10-24T23:19:02","date_gmt":"2024-10-24T15:19:02","guid":{"rendered":"https:\/\/shop.yipinqian.com\/product\/high-quality-icy-light-green-hue-natural-type-a-jadeite-jade-crafted-as-leaf-with-18k-gold-clasp-certificate-weigh-3-85-grams-measurement-27-2-14-9-4-8-mm-18kp35\/"},"modified":"2025-02-24T00:49:55","modified_gmt":"2025-02-23T16:49:55","slug":"high-quality-icy-light-green-hue-natural-type-a-jadeite-jade-crafted-as-leaf-with-18k-gold-clasp-certificate-weigh-3-85-grams-measurement-27-2-14-9-4-8-mm-18kp35","status":"publish","type":"product","link":"https:\/\/shop.yipinqian.com\/es\/producto\/high-quality-icy-light-green-hue-natural-type-a-jadeite-jade-crafted-as-leaf-with-18k-gold-clasp-certificate-weigh-3-85-grams-measurement-27-2-14-9-4-8-mm-18kp35\/","title":{"rendered":"Jade\u00edta natural tipo A de tono verde claro helado de alta calidad elaborado como hoja con cierre de oro de 18 k, certificado, peso 3,85 gramos, medida 27,2 * 14,9 * 4,8 mm (18kp35)"},"content":{"rendered":"<p>This exquisite necklace features a High Quality Icy Light Green Hue Natural Type A Jadeite Jade leaf pendant, elegantly crafted with a luxurious 18k gold clasp.<\/p>\n<p><\/p>\n<p>Certificate numbers: GD2111H006110<\/p>\n<p>18k Gold Clasp Weigh 0.323 grams<\/p>\n<ul>\n<li>\n<strong>Materials:<\/strong> Elaborado con jade\u00edta tipo A y oro de 18 quilates.<\/li>\n<li>\n<strong>Peso:<\/strong> Weighs <strong>3.85 grams<\/strong>\n<\/li>\n<li>\n<strong>Medidas:<\/strong> Pendant size is <strong>27.2 * 14.9 * 4.8 mm<\/strong>\n<\/li>\n<li>\n<strong>Certificado:<\/strong> Viene con un certificado de autenticidad.<\/li>\n<\/ul>\n<p>This stunning piece is perfect for daily wear, adding a touch of elegance to any outfit.<\/p>\n<ul>\n<li><strong>Jade Type:Jadeite Type: Casual . The necklace style makes it versatile for any occasion and suitable for both men and women.. The country of origin Myanmar adds to the allure of this unique accessory..<\/strong><\/li>\n<\/ul>\n<p><\/p>\n<p><strong>La jade\u00edta natural no es perfecta, solo un peque\u00f1o recordatorio: nuestra jade\u00edta natural, como todas las cosas hermosas de la naturaleza, tiene sus caracter\u00edsticas y variaciones \u00fanicas. Invitamos a nuestros valiosos clientes a adoptar estas variaciones naturales. \u00a1Felices compras!<\/strong><\/p>\n<p><\/p>\n<p><strong><u>Ninguna de las fotograf\u00edas ni los v\u00eddeos han sido filtrados. Animamos a nuestros clientes a que vean tambi\u00e9n los v\u00eddeos adjuntos para tener una visi\u00f3n m\u00e1s completa de nuestros productos.<\/u><\/strong><\/p>","protected":false},"excerpt":{"rendered":"<p>This exquisite necklace features a High Quality Icy Light Green Hue Natural Type A Jadeite Jade leaf pendant, elegantly crafted with a luxurious 18k gold clasp. Certificate numbers: GD2111H006110 18k Gold Clasp Weigh 0.323 grams Materials: Crafted with Type A Jadeite Jade and 18k Gold Weight: Weighs 3.85 grams Measurements: Pendant size is 27.2 * [&hellip;]<\/p>","protected":false},"featured_media":4325,"comment_status":"open","ping_status":"closed","template":"","meta":[],"product_brand":[],"product_cat":[194],"product_tag":[50,52,69,53,55,59,60,61,62],"class_list":{"0":"post-1414","1":"product","2":"type-product","3":"status-publish","4":"has-post-thumbnail","6":"product_cat-value-picks","7":"product_tag-18k-gold","8":"product_tag-certified","9":"product_tag-clasp","10":"product_tag-fine-quality","11":"product_tag-jadeite","12":"product_tag-translucent","13":"product_tag-type-a-jadeite","14":"product_tag-unisex","15":"product_tag-yi-pin-qian-exclusive","17":"first","18":"instock","19":"sale","20":"shipping-taxable","21":"purchasable","22":"product-type-simple"},"_links":{"self":[{"href":"https:\/\/shop.yipinqian.com\/es\/wp-json\/wp\/v2\/product\/1414","targetHints":{"allow":["GET"]}}],"collection":[{"href":"https:\/\/shop.yipinqian.com\/es\/wp-json\/wp\/v2\/product"}],"about":[{"href":"https:\/\/shop.yipinqian.com\/es\/wp-json\/wp\/v2\/types\/product"}],"replies":[{"embeddable":true,"href":"https:\/\/shop.yipinqian.com\/es\/wp-json\/wp\/v2\/comments?post=1414"}],"version-history":[{"count":0,"href":"https:\/\/shop.yipinqian.com\/es\/wp-json\/wp\/v2\/product\/1414\/revisions"}],"wp:featuredmedia":[{"embeddable":true,"href":"https:\/\/shop.yipinqian.com\/es\/wp-json\/wp\/v2\/media\/4325"}],"wp:attachment":[{"href":"https:\/\/shop.yipinqian.com\/es\/wp-json\/wp\/v2\/media?parent=1414"}],"wp:term":[{"taxonomy":"product_brand","embeddable":true,"href":"https:\/\/shop.yipinqian.com\/es\/wp-json\/wp\/v2\/product_brand?post=1414"},{"taxonomy":"product_cat","embeddable":true,"href":"https:\/\/shop.yipinqian.com\/es\/wp-json\/wp\/v2\/product_cat?post=1414"},{"taxonomy":"product_tag","embeddable":true,"href":"https:\/\/shop.yipinqian.com\/es\/wp-json\/wp\/v2\/product_tag?post=1414"}],"curies":[{"name":"wp","href":"https:\/\/api.w.org\/{rel}","templated":true}]}}