{"id":14127,"date":"2024-11-28T09:34:55","date_gmt":"2024-11-28T01:34:55","guid":{"rendered":"https:\/\/shop.yipinqian.com\/crafted-as-coin-pendant-on-natural-type-a-jadeite-jade-certificate-weighs-10-22-grams-measurement-26-8-26-4-6-5-pendant362\/"},"modified":"2025-01-09T00:42:30","modified_gmt":"2025-01-08T16:42:30","slug":"crafted-as-coin-pendant-on-natural-type-a-jadeite-jade-certificate-weighs-10-22-grams-measurement-26-8-26-4-6-5-pendant362","status":"publish","type":"product","link":"https:\/\/shop.yipinqian.com\/es\/producto\/crafted-as-coin-pendant-on-natural-type-a-jadeite-jade-certificate-weighs-10-22-grams-measurement-26-8-26-4-6-5-pendant362\/","title":{"rendered":"Fabricado como colgante de moneda en jade\u00edta natural tipo A, certificado, pesa 10,22 gramos, medida 26,8 * 26,4 * 6,5 (colgante 362)"},"content":{"rendered":"<p>Este exquisito collar presenta un colgante de moneda elaborado a partir de jade\u00edta natural tipo A, con un peso de 10,22 gramos y unas medidas de 26,8 * 26,4 * 6,5 (colgante 362).<\/p>\n<p><\/p>\n<p>N\u00fameros de certificado: 911089016100<\/p>\n<p><img fetchpriority=\"high\" decoding=\"async\" src=\"https:\/\/shop.yipinqian.com\/wp-content\/uploads\/2024\/11\/3d0b2a3276ed4aea99b6bd790220b543tplv-aphluv4xwc-origin-jpeg.jpeg?dr=15568&#038;nonce=18591&#038;refresh_token=4e29d5af2d3b39b9216759d8dc48f72f&#038;from=476444299&#038;idc=my2&#038;ps=933b5bde&#038;shcp=9b759fb9&#038;shp=1c65f68b&#038;t=555f072d\" width=\"1200\" height=\"1600\"><\/p>\n<ul>\n<li>\n<strong>Con Certificado:<\/strong> S\u00ed<\/li>\n<li>\n<strong>Regi\u00f3n de origen:<\/strong> Birmania<\/li>\n<li>\n<strong>Ocasi\u00f3n:<\/strong> Propicio<\/li>\n<li>\n<strong>Tipo de jade:<\/strong> Jade\u00edta<\/li>\n<li><strong>Estilo del collar: Casual<\/strong><\/li>\n<\/ul>\n<p><img decoding=\"async\" src=\"https:\/\/shop.yipinqian.com\/wp-content\/uploads\/2024\/11\/8e611c2104f44532905f00163fa4d651tplv-aphluv4xwc-origin-jpeg.jpeg?dr=15568&#038;nonce=72730&#038;refresh_token=e14847b73c2f788bb18036788399c92d&#038;from=476444299&#038;idc=my2&#038;ps=933b5bde&#038;shcp=9b759fb9&#038;shp=1c65f68b&#038;t=555f072d\" width=\"1080\" height=\"1080\"><\/p>\n<p><strong>Este collar unisex es una pieza impresionante que combina la belleza del jade con la artesan\u00eda del dise\u00f1o del colgante de moneda.<\/strong><\/p>\n<ul>\n<li><strong>Un accesorio perfecto para ropa informal o ocasiones especiales.<\/strong><\/li>\n<\/ul>\n<p><strong>La jade\u00edta natural no es perfecta, solo un peque\u00f1o recordatorio: nuestra jade\u00edta natural, como todas las cosas hermosas de la naturaleza, tiene sus caracter\u00edsticas y variaciones \u00fanicas. Invitamos a nuestros valiosos clientes a adoptar estas variaciones naturales. \u00a1Felices compras!<\/strong><\/p>\n<p><\/p>\n<p><strong><u>Ninguna de las fotograf\u00edas ni los v\u00eddeos han sido filtrados. Animamos a nuestros clientes a que vean tambi\u00e9n los v\u00eddeos adjuntos para tener una visi\u00f3n m\u00e1s completa de nuestros productos.<\/u><\/strong><\/p>\n<p><\/p>\n<ul>\n<li>Las diferentes plataformas solo pueden ver videos a trav\u00e9s de la computadora de escritorio<\/li>\n<\/ul>","protected":false},"excerpt":{"rendered":"<p>Este exquisito collar cuenta con un colgante de moneda elaborado con jade\u00edta natural tipo A, con un peso de 10,22 gramos y unas medidas de 26,8 x 26,4 x 6,5 (colgante 362). N\u00fameros de certificado: 911089016100 Con certificado: S\u00ed Regi\u00f3n de origen: Myanmar Ocasi\u00f3n: Auspicioso Tipo de jade: Jade\u00edta Estilo del collar: Casual Este collar unisex es una pieza impresionante que combina la belleza de [\u2026]<\/p>","protected":false},"featured_media":14148,"comment_status":"open","ping_status":"closed","template":"","meta":[],"product_brand":[],"product_cat":[83,126,48],"product_tag":[52,65,55,58,73,75,60,61],"class_list":{"0":"post-14127","1":"product","2":"type-product","3":"status-publish","4":"has-post-thumbnail","6":"product_cat-jade-necklaces-pendants","7":"product_cat-new-arrivals","8":"product_cat-pendants","9":"product_tag-certified","10":"product_tag-high-quality","11":"product_tag-jadeite","12":"product_tag-new-arrivals","13":"product_tag-pendant","14":"product_tag-traditional","15":"product_tag-type-a-jadeite","16":"product_tag-unisex","18":"first","19":"instock","20":"sale","21":"shipping-taxable","22":"purchasable","23":"product-type-simple"},"_links":{"self":[{"href":"https:\/\/shop.yipinqian.com\/es\/wp-json\/wp\/v2\/product\/14127","targetHints":{"allow":["GET"]}}],"collection":[{"href":"https:\/\/shop.yipinqian.com\/es\/wp-json\/wp\/v2\/product"}],"about":[{"href":"https:\/\/shop.yipinqian.com\/es\/wp-json\/wp\/v2\/types\/product"}],"replies":[{"embeddable":true,"href":"https:\/\/shop.yipinqian.com\/es\/wp-json\/wp\/v2\/comments?post=14127"}],"version-history":[{"count":0,"href":"https:\/\/shop.yipinqian.com\/es\/wp-json\/wp\/v2\/product\/14127\/revisions"}],"wp:featuredmedia":[{"embeddable":true,"href":"https:\/\/shop.yipinqian.com\/es\/wp-json\/wp\/v2\/media\/14148"}],"wp:attachment":[{"href":"https:\/\/shop.yipinqian.com\/es\/wp-json\/wp\/v2\/media?parent=14127"}],"wp:term":[{"taxonomy":"product_brand","embeddable":true,"href":"https:\/\/shop.yipinqian.com\/es\/wp-json\/wp\/v2\/product_brand?post=14127"},{"taxonomy":"product_cat","embeddable":true,"href":"https:\/\/shop.yipinqian.com\/es\/wp-json\/wp\/v2\/product_cat?post=14127"},{"taxonomy":"product_tag","embeddable":true,"href":"https:\/\/shop.yipinqian.com\/es\/wp-json\/wp\/v2\/product_tag?post=14127"}],"curies":[{"name":"wp","href":"https:\/\/api.w.org\/{rel}","templated":true}]}}