{"id":14120,"date":"2024-11-28T09:34:47","date_gmt":"2024-11-28T01:34:47","guid":{"rendered":"https:\/\/shop.yipinqian.com\/an-old-collection-crafted-with-milo-buddha-on-natural-type-a-jadeite-jade-as-pendant-certificate-weighs-5-6-grams-measurement-36-5-18-2-4-7-mm-pendant361\/"},"modified":"2025-01-26T00:00:49","modified_gmt":"2025-01-25T16:00:49","slug":"an-old-collection-crafted-with-milo-buddha-on-natural-type-a-jadeite-jade-as-pendant-certificate-weighs-5-6-grams-measurement-36-5-18-2-4-7-mm-pendant361","status":"publish","type":"product","link":"https:\/\/shop.yipinqian.com\/es\/producto\/an-old-collection-crafted-with-milo-buddha-on-natural-type-a-jadeite-jade-as-pendant-certificate-weighs-5-6-grams-measurement-36-5-18-2-4-7-mm-pendant361\/","title":{"rendered":"Una antigua colecci\u00f3n elaborada con Buda Milo sobre jade\u00edta natural tipo A como colgante, el certificado pesa 5,6 gramos, medida 36,5 * 18,2 * 4,7 mm (colgante 361)"},"content":{"rendered":"<p>This exquisite necklace features an old collection crafted with Milo Buddha on natural Type A Jadeite Jade, creating a stunning and unique pendant.<\/p>\n<p><\/p>\n<p>Certificate numbers: 920460037789<\/p>\n<p><img fetchpriority=\"high\" decoding=\"async\" src=\"https:\/\/shop.yipinqian.com\/wp-content\/uploads\/2024\/11\/88426a9ddf134e9cad2223997df7ee6etplv-aphluv4xwc-origin-jpeg.jpeg?dr=15568&#038;nonce=1003&#038;refresh_token=5c9edb0bcac3f25d12920c19dc51d87e&#038;from=476444299&#038;idc=my2&#038;ps=933b5bde&#038;shcp=9b759fb9&#038;shp=1c65f68b&#038;t=555f072d\" width=\"1080\" height=\"1080\"><\/p>\n<ul>\n<li>\n<strong>Peso:<\/strong> 5.6 grams<\/li>\n<li>\n<strong>Medici\u00f3n:<\/strong> 36.5 * 18.2 * 4.7 mm (pendant361)<\/li>\n<\/ul>\n<p><img decoding=\"async\" src=\"https:\/\/shop.yipinqian.com\/wp-content\/uploads\/2024\/11\/32fcc31678d946d3be29faeda4a37f0btplv-aphluv4xwc-origin-jpeg.jpeg?dr=15568&#038;nonce=5984&#038;refresh_token=b58297fb3aa113efd8d60bb55299a88e&#038;from=476444299&#038;idc=my2&#038;ps=933b5bde&#038;shcp=9b759fb9&#038;shp=1c65f68b&#038;t=555f072d\" width=\"1080\" height=\"1080\"><\/p>\n<p>The pendant comes with a certificate, ensuring its authenticity and quality.<\/p>\n<ul>\n<li>\n<strong>Certificado incluido:<\/strong> S\u00ed<\/li>\n<li>\n<strong>Regi\u00f3n de origen:<\/strong> Birmania<\/li>\n<li>The necklace is suitable for both men and women, making it a versatile accessory for any occasion.<\/li>\n<\/ul>\n<ul>\n<li>The natural Type A Jadeite Jade adds an auspicious touch to the piece, making it a meaningful addition to your jewelry collection.<\/li>\n<\/ul>\n<p>This casual necklace combines traditional craftsmanship with timeless style, perfect for adding a touch of elegance to any outfit.<\/p>\n<p><\/p>\n<p>Yi Pin Qian \u2013 Comerciante de piedras preciosas y metales preciosos en Singapur \u2013 N\u00famero de licencia PS20190000031<\/p>\n<p><\/p>\n<p>*Todos los jade\u00edtas comprados a Yi Pin Qian en Singapur, los clientes pueden reservar espacios para pulirlos o hacer reparaciones menores por mal manejo; se aplican tarifas y solo para los clientes de Yi Pin Qian en Singapur*<\/p>\n<p><\/p>\n<p><strong>**Tipos de certificados**<\/strong><\/p>\n<p><\/p>\n<p><strong>NGI (Gemolog\u00eda Nan Yang)<\/strong><\/p>\n<p>o <strong>Certificados en el extranjero <\/strong>(Yi Pin Qian solo utiliza certificados aut\u00e9nticos de laboratorios extranjeros y tambi\u00e9n controla la calidad de cada uno de nuestros productos antes de ponerlos a la venta en SG)<\/p>\n<p><\/p>\n<p>Todos los productos de TikTok contar\u00e1n con el tipo de certificado que se indica en la descripci\u00f3n. Para cualquier cliente que desee enviar su pedido a NGI Singapur, habr\u00e1 un tiempo de espera para la entrega del pedido estimado de aproximadamente 4 semanas para recibirlo. <strong>Las solicitudes de informes de NGI Gemstone deben realizarse envi\u00e1ndonos un mensaje.<\/strong> Gracias, <strong><u>Se aplican tarifas adicionales<\/u><\/strong>.<\/p>\n<p><\/p>\n<p><strong>La jade\u00edta natural no es perfecta, solo un peque\u00f1o recordatorio: nuestra jade\u00edta natural, como todas las cosas hermosas de la naturaleza, tiene sus caracter\u00edsticas y variaciones \u00fanicas. Invitamos a nuestros valiosos clientes a adoptar estas variaciones naturales. \u00a1Felices compras!<\/strong><\/p>\n<p><\/p>\n<p><strong><u>Ninguna de las fotograf\u00edas ni los v\u00eddeos han sido filtrados. Animamos a nuestros clientes a que vean tambi\u00e9n los v\u00eddeos adjuntos para tener una visi\u00f3n m\u00e1s completa de nuestros productos.<\/u><\/strong><\/p>\n<p><\/p>\n<ul>\n<li>Las diferentes plataformas solo pueden ver videos a trav\u00e9s de la computadora de escritorio<\/li>\n<\/ul>","protected":false},"excerpt":{"rendered":"<p>This exquisite necklace features an old collection crafted with Milo Buddha on natural Type A Jadeite Jade, creating a stunning and unique pendant. Certificate numbers: 920460037789 Weight: 5.6 grams Measurement: 36.5 * 18.2 * 4.7 mm (pendant361) The pendant comes with a certificate, ensuring its authenticity and quality. Certificate Included: Yes Region of Origin: Myanmar [&hellip;]<\/p>","protected":false},"featured_media":14126,"comment_status":"open","ping_status":"closed","template":"","meta":[],"product_brand":[],"product_cat":[83,126,48],"product_tag":[52,70,96,65,55,56,57,58,75,59,60,61,62],"class_list":{"0":"post-14120","1":"product","2":"type-product","3":"status-publish","4":"has-post-thumbnail","6":"product_cat-jade-necklaces-pendants","7":"product_cat-new-arrivals","8":"product_cat-pendants","9":"product_tag-certified","10":"product_tag-green","11":"product_tag-green-patches","12":"product_tag-high-quality","13":"product_tag-jadeite","14":"product_tag-limited-editions","15":"product_tag-milo-buddha","16":"product_tag-new-arrivals","17":"product_tag-traditional","18":"product_tag-translucent","19":"product_tag-type-a-jadeite","20":"product_tag-unisex","21":"product_tag-yi-pin-qian-exclusive","23":"first","24":"instock","25":"sale","26":"shipping-taxable","27":"purchasable","28":"product-type-simple"},"_links":{"self":[{"href":"https:\/\/shop.yipinqian.com\/es\/wp-json\/wp\/v2\/product\/14120","targetHints":{"allow":["GET"]}}],"collection":[{"href":"https:\/\/shop.yipinqian.com\/es\/wp-json\/wp\/v2\/product"}],"about":[{"href":"https:\/\/shop.yipinqian.com\/es\/wp-json\/wp\/v2\/types\/product"}],"replies":[{"embeddable":true,"href":"https:\/\/shop.yipinqian.com\/es\/wp-json\/wp\/v2\/comments?post=14120"}],"version-history":[{"count":0,"href":"https:\/\/shop.yipinqian.com\/es\/wp-json\/wp\/v2\/product\/14120\/revisions"}],"wp:featuredmedia":[{"embeddable":true,"href":"https:\/\/shop.yipinqian.com\/es\/wp-json\/wp\/v2\/media\/14126"}],"wp:attachment":[{"href":"https:\/\/shop.yipinqian.com\/es\/wp-json\/wp\/v2\/media?parent=14120"}],"wp:term":[{"taxonomy":"product_brand","embeddable":true,"href":"https:\/\/shop.yipinqian.com\/es\/wp-json\/wp\/v2\/product_brand?post=14120"},{"taxonomy":"product_cat","embeddable":true,"href":"https:\/\/shop.yipinqian.com\/es\/wp-json\/wp\/v2\/product_cat?post=14120"},{"taxonomy":"product_tag","embeddable":true,"href":"https:\/\/shop.yipinqian.com\/es\/wp-json\/wp\/v2\/product_tag?post=14120"}],"curies":[{"name":"wp","href":"https:\/\/api.w.org\/{rel}","templated":true}]}}