{"id":1411,"date":"2024-10-24T23:19:02","date_gmt":"2024-10-24T15:19:02","guid":{"rendered":"https:\/\/shop.yipinqian.com\/product\/high-quality-good-translucent-natural-type-a-jadeite-jade-crafted-as-112-beads-with-99-perfection-as-bracelet-or-necklace-certificate-weighs-52-21-grams-measurement-6-6-mm-bracelet28\/"},"modified":"2026-04-18T18:43:34","modified_gmt":"2026-04-18T10:43:34","slug":"high-quality-good-translucent-natural-type-a-jadeite-jade-crafted-as-112-beads-with-99-perfection-as-bracelet-or-necklace-certificate-weighs-52-21-grams-measurement-6-6-mm-bracelet28","status":"publish","type":"product","link":"https:\/\/shop.yipinqian.com\/es\/producto\/high-quality-good-translucent-natural-type-a-jadeite-jade-crafted-as-112-beads-with-99-perfection-as-bracelet-or-necklace-certificate-weighs-52-21-grams-measurement-6-6-mm-bracelet28\/","title":{"rendered":"Jade\u00edta natural transl\u00facida tipo A de alta calidad, elaborada en 112 cuentas con certificado de perfecci\u00f3n 99%, como pulsera o collar, pesa 52,21 gramos, medida 6,6 mm (pulsera 28)"},"content":{"rendered":"<p>Experience elegance and sophistication with our High-Quality Natural Type A Jadeite Jade Bracelet crafted with 112 beads of exceptional translucency and 99% perfection.<\/p>\n<p>Certificate numbers: GD2110H006844<\/p>\n<p><img fetchpriority=\"high\" decoding=\"async\" src=\"https:\/\/shop.yipinqian.com\/wp-content\/uploads\/2024\/10\/5ddf27933d0f9401ac606f9e1d047211.jpg?from=476444299\" width=\"1080\" height=\"1080\" \/><\/p>\n<ul>\n<li><strong>Material:<\/strong> Jade\u00edta natural tipo A<\/li>\n<li><strong>Peso:<\/strong> 52.21 grams<\/li>\n<li><strong>Medici\u00f3n:<\/strong> 6.6 mm (bracelet length: 28 cm)<\/li>\n<li><strong>Certificado:<\/strong> S\u00ed<\/li>\n<li><strong>Hecho en:<\/strong> Birmania<\/li>\n<\/ul>\n<p>This exquisite piece is suitable for daily wear, making it the perfect accessory for any occasion. The unisex design of the bracelet adds versatility, suitable for both men and women.<\/p>\n<ul>\n<li><strong>Jade Type: JadeiteBuilt to Last: No Warranty IncludedType: Beaded Bracelet Necklace<\/strong><\/li>\n<\/ul>\n<p>Yi Pin Qian \u2013 Comerciante de piedras preciosas y metales preciosos en Singapur \u2013 N\u00famero de licencia PS20190000031<\/p>\n<p>*Todos los jade\u00edtas comprados a Yi Pin Qian en Singapur, los clientes pueden reservar espacios para pulirlos o hacer reparaciones menores por mal manejo; se aplican tarifas y solo para los clientes de Yi Pin Qian en Singapur*<\/p>\n<p><strong>**Tipos de certificados**<\/strong><\/p>\n<p><strong>NGI (Gemolog\u00eda Nan Yang)<\/strong><\/p>\n<p>o <strong>Certificados en el extranjero <\/strong>(Yi Pin Qian solo utiliza certificados aut\u00e9nticos de laboratorios extranjeros y tambi\u00e9n controla la calidad de cada uno de nuestros productos antes de ponerlos a la venta en SG)<\/p>\n<p>Todos los productos de TikTok contar\u00e1n con el tipo de certificado que se indica en la descripci\u00f3n. Para cualquier cliente que desee enviar su pedido a NGI Singapur, habr\u00e1 un tiempo de espera para la entrega del pedido estimado de aproximadamente 4 semanas para recibirlo. <strong>Las solicitudes de informes de NGI Gemstone deben realizarse envi\u00e1ndonos un mensaje.<\/strong> Gracias, <strong><u>Se aplican tarifas adicionales<\/u><\/strong>.<\/p>\n<p><strong>La jade\u00edta natural no es perfecta, solo un peque\u00f1o recordatorio: nuestra jade\u00edta natural, como todas las cosas hermosas de la naturaleza, tiene sus caracter\u00edsticas y variaciones \u00fanicas. Invitamos a nuestros valiosos clientes a adoptar estas variaciones naturales. \u00a1Felices compras!<\/strong><\/p>\n<p><strong><u>Ninguna de las fotograf\u00edas ni los v\u00eddeos han sido filtrados. Animamos a nuestros clientes a que vean tambi\u00e9n los v\u00eddeos adjuntos para tener una visi\u00f3n m\u00e1s completa de nuestros productos.<\/u><\/strong><\/p>\n<ul>\n<li>Las diferentes plataformas solo pueden ver videos a trav\u00e9s de la computadora de escritorio<\/li>\n<\/ul>\n<p><strong>.<\/strong><\/p>","protected":false},"excerpt":{"rendered":"<p>Experience elegance and sophistication with our High-Quality Natural Type A Jadeite Jade Bracelet crafted with 112 beads of exceptional translucency and 99% perfection. Certificate numbers: GD2110H006844 Material: Natural Type A Jadeite Jade Weight: 52.21 grams Measurement: 6.6 mm (bracelet length: 28 cm) Certificate: Yes Made in: Myanmar This exquisite piece is suitable for daily wear, [&hellip;]<\/p>","protected":false},"featured_media":4281,"comment_status":"open","ping_status":"closed","template":"","meta":[],"product_brand":[],"product_cat":[121,84],"product_tag":[],"class_list":{"0":"post-1411","1":"product","2":"type-product","3":"status-publish","4":"has-post-thumbnail","6":"product_cat-bracelets-bangles","7":"product_cat-charms-and-charm-bracelet","9":"first","10":"outofstock","11":"sale","12":"shipping-taxable","13":"purchasable","14":"product-type-simple"},"_links":{"self":[{"href":"https:\/\/shop.yipinqian.com\/es\/wp-json\/wp\/v2\/product\/1411","targetHints":{"allow":["GET"]}}],"collection":[{"href":"https:\/\/shop.yipinqian.com\/es\/wp-json\/wp\/v2\/product"}],"about":[{"href":"https:\/\/shop.yipinqian.com\/es\/wp-json\/wp\/v2\/types\/product"}],"replies":[{"embeddable":true,"href":"https:\/\/shop.yipinqian.com\/es\/wp-json\/wp\/v2\/comments?post=1411"}],"version-history":[{"count":0,"href":"https:\/\/shop.yipinqian.com\/es\/wp-json\/wp\/v2\/product\/1411\/revisions"}],"wp:featuredmedia":[{"embeddable":true,"href":"https:\/\/shop.yipinqian.com\/es\/wp-json\/wp\/v2\/media\/4281"}],"wp:attachment":[{"href":"https:\/\/shop.yipinqian.com\/es\/wp-json\/wp\/v2\/media?parent=1411"}],"wp:term":[{"taxonomy":"product_brand","embeddable":true,"href":"https:\/\/shop.yipinqian.com\/es\/wp-json\/wp\/v2\/product_brand?post=1411"},{"taxonomy":"product_cat","embeddable":true,"href":"https:\/\/shop.yipinqian.com\/es\/wp-json\/wp\/v2\/product_cat?post=1411"},{"taxonomy":"product_tag","embeddable":true,"href":"https:\/\/shop.yipinqian.com\/es\/wp-json\/wp\/v2\/product_tag?post=1411"}],"curies":[{"name":"wp","href":"https:\/\/api.w.org\/{rel}","templated":true}]}}