{"id":1408,"date":"2024-10-24T23:19:00","date_gmt":"2024-10-24T15:19:00","guid":{"rendered":"https:\/\/shop.yipinqian.com\/product\/high-quality-bluish-green-hue-natural-type-a-jadeite-jade-crafted-with-sceneries-as-pendant-certificatependant294\/"},"modified":"2025-02-17T00:01:37","modified_gmt":"2025-02-16T16:01:37","slug":"high-quality-bluish-green-hue-natural-type-a-jadeite-jade-crafted-with-sceneries-as-pendant-certificatependant294","status":"publish","type":"product","link":"https:\/\/shop.yipinqian.com\/es\/producto\/high-quality-bluish-green-hue-natural-type-a-jadeite-jade-crafted-with-sceneries-as-pendant-certificatependant294\/","title":{"rendered":"High Quality Bluish Green Hue Natural Type A Jadeite Jade crafted with sceneries as Pendant, certificate(pendant294)"},"content":{"rendered":"<p>This high-quality bluish green hue natural Type A Jadeite Jade pendant is a stunning piece crafted with beautiful sceneries.<\/p>\n<p>Certificate numbers: GD2201H013236<\/p>\n<p>\u2022 Material: Natural Type A Jadeite Jade <br \/>\u2022 Weight: 40.34 grams <br \/>\u2022 Measurement: 59.5 * 35 * 11.6 mm <br \/>\u2022 Certificate: Yes<\/p>\n<p>The pendant features exquisite craftsmanship and a unique design that makes it perfect for daily wear.<br \/>\u2022 .<br \/>Yi Pin Qian \u2013 Comerciante de piedras preciosas y metales preciosos en Singapur \u2013 N\u00famero de licencia PS20190000031<br \/>*Todos los jade\u00edtas comprados a Yi Pin Qian en Singapur, los clientes pueden reservar espacios para pulirlos o hacer reparaciones menores por mal manejo; se aplican tarifas y solo para los clientes de Yi Pin Qian en Singapur*<\/p>\n<p>**Tipos de certificados**<br \/>NGI (Gemolog\u00eda Nan Yang)<br \/>o certificados extranjeros (Yi Pin Qian solo utiliza certificados aut\u00e9nticos de laboratorios extranjeros y tambi\u00e9n realiza controles de calidad de cada uno de nuestros productos antes de ponerlos a la venta en SG)<\/p>\n<p>Every product on TikTok will have the type of certificate provided indicated in the description. For any customer that wishes to send their order to NGI Singapore, there will be a waiting time for order delivery estimated around 4 weeks to receive your order. NGI Gemstone report requests need to be done by messaging us. <\/p>\n<p>Gracias, se aplican tarifas adicionales.<\/p>\n<p>La jade\u00edta natural no es perfecta, solo un peque\u00f1o recordatorio: nuestra jade\u00edta natural, como todas las cosas hermosas de la naturaleza, tiene sus caracter\u00edsticas y variaciones \u00fanicas. Invitamos a nuestros valiosos clientes a adoptar estas variaciones naturales. \u00a1Felices compras!<\/p>\n<p>Ninguna de las fotograf\u00edas ni los v\u00eddeos han sido filtrados. Animamos a nuestros clientes a que vean tambi\u00e9n los v\u00eddeos adjuntos para tener una visi\u00f3n m\u00e1s completa de nuestros productos.<\/p>\n<p>Las diferentes plataformas solo pueden ver videos a trav\u00e9s de la computadora de escritorio<\/p>","protected":false},"excerpt":{"rendered":"<p>This high-quality bluish green hue natural Type A Jadeite Jade pendant is a stunning piece crafted with beautiful sceneries. Certificate numbers: GD2201H013236 \u2022 Material: Natural Type A Jadeite Jade \u2022 Weight: 40.34 grams \u2022 Measurement: 59.5 * 35 * 11.6 mm \u2022 Certificate: Yes The pendant features exquisite craftsmanship and a unique design that makes [&hellip;]<\/p>","protected":false},"featured_media":4237,"comment_status":"open","ping_status":"closed","template":"","meta":[],"product_brand":[],"product_cat":[63,48],"product_tag":[],"class_list":{"0":"post-1408","1":"product","2":"type-product","3":"status-publish","4":"has-post-thumbnail","6":"product_cat-charms-pendants-ornaments","7":"product_cat-pendants","9":"first","10":"instock","11":"sale","12":"shipping-taxable","13":"purchasable","14":"product-type-simple"},"_links":{"self":[{"href":"https:\/\/shop.yipinqian.com\/es\/wp-json\/wp\/v2\/product\/1408","targetHints":{"allow":["GET"]}}],"collection":[{"href":"https:\/\/shop.yipinqian.com\/es\/wp-json\/wp\/v2\/product"}],"about":[{"href":"https:\/\/shop.yipinqian.com\/es\/wp-json\/wp\/v2\/types\/product"}],"replies":[{"embeddable":true,"href":"https:\/\/shop.yipinqian.com\/es\/wp-json\/wp\/v2\/comments?post=1408"}],"version-history":[{"count":0,"href":"https:\/\/shop.yipinqian.com\/es\/wp-json\/wp\/v2\/product\/1408\/revisions"}],"wp:featuredmedia":[{"embeddable":true,"href":"https:\/\/shop.yipinqian.com\/es\/wp-json\/wp\/v2\/media\/4237"}],"wp:attachment":[{"href":"https:\/\/shop.yipinqian.com\/es\/wp-json\/wp\/v2\/media?parent=1408"}],"wp:term":[{"taxonomy":"product_brand","embeddable":true,"href":"https:\/\/shop.yipinqian.com\/es\/wp-json\/wp\/v2\/product_brand?post=1408"},{"taxonomy":"product_cat","embeddable":true,"href":"https:\/\/shop.yipinqian.com\/es\/wp-json\/wp\/v2\/product_cat?post=1408"},{"taxonomy":"product_tag","embeddable":true,"href":"https:\/\/shop.yipinqian.com\/es\/wp-json\/wp\/v2\/product_tag?post=1408"}],"curies":[{"name":"wp","href":"https:\/\/api.w.org\/{rel}","templated":true}]}}