{"id":1402,"date":"2024-10-24T23:18:58","date_gmt":"2024-10-24T15:18:58","guid":{"rendered":"https:\/\/shop.yipinqian.com\/product\/high-premium-light-lavender-and-yellow-natural-type-a-jadeite-jade-crafted-with-milo-buddha-as-pendant-certificate-weighs-49-13-grams-measurement-58-6-39-5-18-7-mm-pendant284\/"},"modified":"2025-02-24T01:34:19","modified_gmt":"2025-02-23T17:34:19","slug":"high-premium-light-lavender-and-yellow-natural-type-a-jadeite-jade-crafted-with-milo-buddha-as-pendant-certificate-weighs-49-13-grams-measurement-58-6-39-5-18-7-mm-pendant284","status":"publish","type":"product","link":"https:\/\/shop.yipinqian.com\/es\/producto\/high-premium-light-lavender-and-yellow-natural-type-a-jadeite-jade-crafted-with-milo-buddha-as-pendant-certificate-weighs-49-13-grams-measurement-58-6-39-5-18-7-mm-pendant284\/","title":{"rendered":"High Premium Light Lavender and Yellow Natural Type A Jadeite Jade crafted with Milo Buddha as Pendant, certificate weighs 49.13 grams, measurement 58.6 * 39.5 * 18.7 mm (pendant284)"},"content":{"rendered":"<p>This High Premium Light Lavender and Yellow Natural Type A Jadeite Jade necklace features a Milo Buddha pendant, exuding elegance and spirituality.<\/p>\n<p>\u00a0<\/p>\n<p>Certificate numbers: 920560002560<\/p>\n<p><img fetchpriority=\"high\" decoding=\"async\" height=\"1080\" src=\"https:\/\/shop.yipinqian.com\/wp-content\/uploads\/2024\/10\/625172f4b9c394892491076ef711c623.jpg?from=476444299\" width=\"1080\"><\/p>\n<ul>\n<li>\n<strong>Material:<\/strong> Crafted from natural Type A Jadeite Jade<\/li>\n<li>\n<strong>Peso:<\/strong> Weighs 49.13 grams<\/li>\n<li>\n<strong>Medidas:<\/strong> 58.6 * 39.5 * 18.7 mm<\/li>\n<li>\n<strong>Certificado:<\/strong> Viene con un certificado de autenticidad.<\/li>\n<li><strong>Milo Buddha Pendant: This pendant adds an auspicious touch to the piece.<\/strong><\/li>\n<li><strong>The necklace is perfect for both men and women, making it a versatile accessory for any occasion.<\/strong><\/li>\n<li><strong>Jade Type: Jadeite this piece originates from Myanmar, a country known for its rich jade heritage. No warranty is provided with this product, but its timeless design ensures long-lasting beauty.<\/strong><\/li>\n<\/ul>\n<p>Yi Pin Qian \u2013 Comerciante de piedras preciosas y metales preciosos en Singapur \u2013 N\u00famero de licencia PS20190000031<\/p>\n<p>\u00a0<\/p>\n<p>*Todos los jade\u00edtas comprados a Yi Pin Qian en Singapur, los clientes pueden reservar espacios para pulirlos o hacer reparaciones menores por mal manejo; se aplican tarifas y solo para los clientes de Yi Pin Qian en Singapur*<\/p>\n<p>\u00a0<\/p>\n<p><strong>**Tipos de certificados**<\/strong><\/p>\n<p>\u00a0<\/p>\n<p><strong>NGI (Gemolog\u00eda Nan Yang)<\/strong><\/p>\n<p>o <strong>Certificados en el extranjero <\/strong>(Yi Pin Qian solo utiliza certificados aut\u00e9nticos de laboratorios extranjeros y tambi\u00e9n controla la calidad de cada uno de nuestros productos antes de ponerlos a la venta en SG)<\/p>\n<p>\u00a0<\/p>\n<p>Todos los productos de TikTok contar\u00e1n con el tipo de certificado que se indica en la descripci\u00f3n. Para cualquier cliente que desee enviar su pedido a NGI Singapur, habr\u00e1 un tiempo de espera para la entrega del pedido estimado de aproximadamente 4 semanas para recibirlo. <strong>Las solicitudes de informes de NGI Gemstone deben realizarse enviando un mensaje a la tienda TikTok de Yi Pin Qian.<\/strong> Gracias, <strong><u>Se aplican tarifas adicionales<\/u><\/strong>.<\/p>\n<p>\u00a0<\/p>\n<p><strong>La jade\u00edta natural no es perfecta, solo un peque\u00f1o recordatorio: nuestra jade\u00edta natural, como todas las cosas hermosas de la naturaleza, tiene sus caracter\u00edsticas y variaciones \u00fanicas. Invitamos a nuestros valiosos clientes a adoptar estas variaciones naturales. \u00a1Felices compras!<\/strong><\/p>\n<p>\u00a0<\/p>\n<p><strong><u>Ninguna de las fotograf\u00edas ni los v\u00eddeos han sido filtrados. Animamos a nuestros clientes a que vean tambi\u00e9n los v\u00eddeos adjuntos para tener una visi\u00f3n m\u00e1s completa de nuestros productos.<\/u><\/strong><\/p>\n<p>\u00a0<\/p>\n<ul>\n<li>Las diferentes plataformas solo pueden ver videos a trav\u00e9s de la computadora de escritorio<\/li>\n<\/ul>","protected":false},"excerpt":{"rendered":"<p>This High Premium Light Lavender and Yellow Natural Type A Jadeite Jade necklace features a Milo Buddha pendant, exuding elegance and spirituality. \u00a0 Certificate numbers: 920560002560 Material: Crafted from natural Type A Jadeite Jade Weight: Weighs 49.13 grams Measurements: 58.6 * 39.5 * 18.7 mm Certificate: Comes with a certificate of authenticity Milo Buddha Pendant: [&hellip;]<\/p>","protected":false},"featured_media":4154,"comment_status":"open","ping_status":"closed","template":"","meta":[],"product_brand":[],"product_cat":[196],"product_tag":[],"class_list":{"0":"post-1402","1":"product","2":"type-product","3":"status-publish","4":"has-post-thumbnail","6":"product_cat-vault-collection","8":"first","9":"instock","10":"sale","11":"shipping-taxable","12":"purchasable","13":"product-type-simple"},"_links":{"self":[{"href":"https:\/\/shop.yipinqian.com\/es\/wp-json\/wp\/v2\/product\/1402","targetHints":{"allow":["GET"]}}],"collection":[{"href":"https:\/\/shop.yipinqian.com\/es\/wp-json\/wp\/v2\/product"}],"about":[{"href":"https:\/\/shop.yipinqian.com\/es\/wp-json\/wp\/v2\/types\/product"}],"replies":[{"embeddable":true,"href":"https:\/\/shop.yipinqian.com\/es\/wp-json\/wp\/v2\/comments?post=1402"}],"version-history":[{"count":0,"href":"https:\/\/shop.yipinqian.com\/es\/wp-json\/wp\/v2\/product\/1402\/revisions"}],"wp:featuredmedia":[{"embeddable":true,"href":"https:\/\/shop.yipinqian.com\/es\/wp-json\/wp\/v2\/media\/4154"}],"wp:attachment":[{"href":"https:\/\/shop.yipinqian.com\/es\/wp-json\/wp\/v2\/media?parent=1402"}],"wp:term":[{"taxonomy":"product_brand","embeddable":true,"href":"https:\/\/shop.yipinqian.com\/es\/wp-json\/wp\/v2\/product_brand?post=1402"},{"taxonomy":"product_cat","embeddable":true,"href":"https:\/\/shop.yipinqian.com\/es\/wp-json\/wp\/v2\/product_cat?post=1402"},{"taxonomy":"product_tag","embeddable":true,"href":"https:\/\/shop.yipinqian.com\/es\/wp-json\/wp\/v2\/product_tag?post=1402"}],"curies":[{"name":"wp","href":"https:\/\/api.w.org\/{rel}","templated":true}]}}