{"id":1398,"date":"2024-10-24T23:18:55","date_gmt":"2024-10-24T15:18:55","guid":{"rendered":"https:\/\/shop.yipinqian.com\/product\/green-bluish-green-brown-natural-type-a-jadeite-pendant-necklace-crafted-as-nine-tails-fox-symbols-increase-the-relationship-with-the-opposite-sex-and-enhance-personal-charm-plus-good-luck-certificate\/"},"modified":"2025-02-17T00:01:37","modified_gmt":"2025-02-16T16:01:37","slug":"green-bluish-green-brown-natural-type-a-jadeite-pendant-necklace-crafted-as-nine-tails-fox-symbols-increase-the-relationship-with-the-opposite-sex-and-enhance-personal-charm-plus-good-luck-certificate","status":"publish","type":"product","link":"https:\/\/shop.yipinqian.com\/es\/producto\/green-bluish-green-brown-natural-type-a-jadeite-pendant-necklace-crafted-as-nine-tails-fox-symbols-increase-the-relationship-with-the-opposite-sex-and-enhance-personal-charm-plus-good-luck-certificate\/","title":{"rendered":"Collar con colgante de jade\u00edta natural tipo A, verde, verde azulado y marr\u00f3n, elaborado con s\u00edmbolos de zorro de nueve colas, aumenta la relaci\u00f3n con el sexo opuesto y mejora el encanto personal adem\u00e1s de la buena suerte, el certificado pesa 30 gramos, 57 * 29,3 * 9,3 mm (colgante 50)"},"content":{"rendered":"<p>Realza tu encanto personal y mejora tu suerte con este impresionante collar con colgante de jade\u00edta natural tipo A en tonos verdes, marrones y azulados. Este accesorio, elaborado con la forma de los s\u00edmbolos del zorro de nueve colas, est\u00e1 dise\u00f1ado para aumentar la relaci\u00f3n con el sexo opuesto.<\/p>\n<ul>\n<li>\n<strong>Dise\u00f1o simb\u00f3lico:<\/strong> El dise\u00f1o del zorro de nueve colas est\u00e1 intrincadamente tallado en este colgante de jade\u00edta para realzar su encanto y suerte personal.<\/li>\n<li>\n<strong>Jade natural:<\/strong> Este collar cuenta con jade\u00edta natural tipo A que proviene de Myanmar, lo que garantiza su autenticidad.<\/li>\n<li>\n<strong>Certificado incluido:<\/strong> Con un certificado incluido, puedes estar seguro de que est\u00e1s comprando un producto genuino.<\/li>\n<\/ul>\n<p><strong>N\u00fameros de certificado: GD2110H012853<\/strong><\/p>\n<p><img fetchpriority=\"high\" decoding=\"async\" height=\"1080\" src=\"https:\/\/shop.yipinqian.com\/wp-content\/uploads\/2024\/10\/17b9747705a7ae5e64ded24535f253aa.jpg?from=476444299\" width=\"1072\"><\/p>\n<p>El tono verde, marr\u00f3n y azulado de este collar a\u00f1ade un toque ex\u00f3tico a cualquier atuendo informal. Con un peso de 30 gramos y un tama\u00f1o de 57 x 29,3 x 9,3 mm, se adapta perfectamente a cualquier cuello para su uso diario.<\/p>\n<ul>\n<li>\n<strong>Estilo casual:<\/strong>El estilo casual de este collar lo hace perfecto para el uso diario o como accesorio diario.<\/li>\n<\/ul>\n<p>Mejora tu estilo a\u00f1adiendo un toque de misticismo con los s\u00edmbolos del Zorro de Nueve Colas alrededor de tu cuello todos los d\u00edas.<\/p>\n<p>\u00a0<\/p>\n<p>Yi Pin Qian \u2013 Comerciante de piedras preciosas y metales preciosos en Singapur \u2013 N\u00famero de licencia PS20190000031<\/p>\n<p>\u00a0<\/p>\n<p>*Todos los jade\u00edtas comprados a Yi Pin Qian en Singapur, los clientes pueden reservar espacios para pulirlos o hacer reparaciones menores por mal manejo; se aplican tarifas y solo para los clientes de Yi Pin Qian en Singapur*<\/p>\n<p>\u00a0<\/p>\n<p><strong>**Tipos de certificados**<\/strong><\/p>\n<p>\u00a0<\/p>\n<p><strong>NGI (Gemolog\u00eda Nan Yang)<\/strong><\/p>\n<p>o <strong>Certificados en el extranjero <\/strong>(Yi Pin Qian solo utiliza certificados aut\u00e9nticos de laboratorios extranjeros y tambi\u00e9n controla la calidad de cada uno de nuestros productos antes de ponerlos a la venta en SG)<\/p>\n<p>\u00a0<\/p>\n<p>Todos los productos de TikTok contar\u00e1n con el tipo de certificado que se indica en la descripci\u00f3n. Para cualquier cliente que desee enviar su pedido a NGI Singapur, habr\u00e1 un tiempo de espera para la entrega del pedido estimado de aproximadamente 4 semanas para recibirlo. <strong>Las solicitudes de informes de NGI Gemstone deben realizarse enviando un mensaje a la tienda TikTok de Yi Pin Qian.<\/strong> Gracias, <strong><u>Se aplican tarifas adicionales<\/u><\/strong>.<\/p>\n<p>\u00a0<\/p>\n<p><strong>La jade\u00edta natural no es perfecta, solo un peque\u00f1o recordatorio: nuestra jade\u00edta natural, como todas las cosas hermosas de la naturaleza, tiene sus caracter\u00edsticas y variaciones \u00fanicas. Invitamos a nuestros valiosos clientes a adoptar estas variaciones naturales. \u00a1Felices compras!<\/strong><\/p>\n<p>\u00a0<\/p>\n<p><strong><u>Ninguna de las fotograf\u00edas ni los v\u00eddeos han sido filtrados. Animamos a nuestros clientes a que vean tambi\u00e9n los v\u00eddeos adjuntos para tener una visi\u00f3n m\u00e1s completa de nuestros productos.<\/u><\/strong><\/p>","protected":false},"excerpt":{"rendered":"<p>Realza tu encanto personal y mejora tu suerte con este impresionante collar colgante de jade\u00edta natural tipo A en tonos verdes, marrones y azulados. Elaborado con la forma de los s\u00edmbolos del zorro de nueve colas, este accesorio est\u00e1 dise\u00f1ado para aumentar la relaci\u00f3n con el sexo opuesto. Dise\u00f1o simb\u00f3lico: el dise\u00f1o del zorro de nueve colas est\u00e1 intrincadamente tallado [\u2026]<\/p>","protected":false},"featured_media":4127,"comment_status":"open","ping_status":"closed","template":"","meta":[],"product_brand":[],"product_cat":[48],"product_tag":[],"class_list":{"0":"post-1398","1":"product","2":"type-product","3":"status-publish","4":"has-post-thumbnail","6":"product_cat-pendants","8":"first","9":"instock","10":"sale","11":"shipping-taxable","12":"purchasable","13":"product-type-simple"},"_links":{"self":[{"href":"https:\/\/shop.yipinqian.com\/es\/wp-json\/wp\/v2\/product\/1398","targetHints":{"allow":["GET"]}}],"collection":[{"href":"https:\/\/shop.yipinqian.com\/es\/wp-json\/wp\/v2\/product"}],"about":[{"href":"https:\/\/shop.yipinqian.com\/es\/wp-json\/wp\/v2\/types\/product"}],"replies":[{"embeddable":true,"href":"https:\/\/shop.yipinqian.com\/es\/wp-json\/wp\/v2\/comments?post=1398"}],"version-history":[{"count":0,"href":"https:\/\/shop.yipinqian.com\/es\/wp-json\/wp\/v2\/product\/1398\/revisions"}],"wp:featuredmedia":[{"embeddable":true,"href":"https:\/\/shop.yipinqian.com\/es\/wp-json\/wp\/v2\/media\/4127"}],"wp:attachment":[{"href":"https:\/\/shop.yipinqian.com\/es\/wp-json\/wp\/v2\/media?parent=1398"}],"wp:term":[{"taxonomy":"product_brand","embeddable":true,"href":"https:\/\/shop.yipinqian.com\/es\/wp-json\/wp\/v2\/product_brand?post=1398"},{"taxonomy":"product_cat","embeddable":true,"href":"https:\/\/shop.yipinqian.com\/es\/wp-json\/wp\/v2\/product_cat?post=1398"},{"taxonomy":"product_tag","embeddable":true,"href":"https:\/\/shop.yipinqian.com\/es\/wp-json\/wp\/v2\/product_tag?post=1398"}],"curies":[{"name":"wp","href":"https:\/\/api.w.org\/{rel}","templated":true}]}}