{"id":1395,"date":"2024-10-24T23:18:54","date_gmt":"2024-10-24T15:18:54","guid":{"rendered":"https:\/\/shop.yipinqian.com\/product\/green-with-red-patches-natural-type-a-jadeite-pendant-necklae-crafted-with-old-school-phoenix-and-ruyi-with-certificate-weigh-50-24-grams-67-7-35-11-8-mm-symbols-of-good-luck-and-a-good-life-noble-aut\/"},"modified":"2025-02-24T00:49:55","modified_gmt":"2025-02-23T16:49:55","slug":"green-with-red-patches-natural-type-a-jadeite-pendant-necklae-crafted-with-old-school-phoenix-and-ruyi-with-certificate-weigh-50-24-grams-67-7-35-11-8-mm-symbols-of-good-luck-and-a-good-life-noble-aut","status":"publish","type":"product","link":"https:\/\/shop.yipinqian.com\/es\/producto\/green-with-red-patches-natural-type-a-jadeite-pendant-necklae-crafted-with-old-school-phoenix-and-ruyi-with-certificate-weigh-50-24-grams-67-7-35-11-8-mm-symbols-of-good-luck-and-a-good-life-noble-aut\/","title":{"rendered":"Green with Red Patches Natural Type A Jadeite Pendant Necklae Crafted with Old School Phoenix and ruyi with certificate weigh 50.24 grams, 67.7 * 35 * 11.8 mm, symbols of Good luck and a good life noble authority (pendant23)"},"content":{"rendered":"<p>This Green with Red Patches Natural Type A Jadeite Pendant Necklace weighs 50.24 grams and measures 67.7 * 35 * 11.8 mm. It is adorned with Old School Phoenix and ruyi, which are symbols of good luck, a good life, and noble authority.<\/p>\n<ul>\n<li>\n<strong>Authentic Certificate:<\/strong> Este colgante viene con un certificado de autenticidad.<\/li>\n<\/ul>\n<p><strong>Certificate numbers: 911189012131<\/strong><\/p>\n<p><img fetchpriority=\"high\" decoding=\"async\" height=\"1080\" src=\"https:\/\/shop.yipinqian.com\/wp-content\/uploads\/2024\/10\/15166b5a0b26e98f502c610180dd8076.jpg?from=476444299\" width=\"1080\"><\/p>\n<ul>\n<li>\n<strong>Dise\u00f1o unisex:<\/strong> Adecuado tanto para hombres como para mujeres.<\/li>\n<li>\n<strong>Estilo casual:<\/strong> Perfect for daily wear or as an accessory to complement your outfit.<\/li>\n<\/ul>\n<p>This necklace is made from high-quality Jadeite, also known as Type A Jade &#8211; making it a valuable addition to your jewelry collection that can be worn every day without losing its luster or beauty.<\/p>\n<p>Add an elegant touch to your look while attracting positive energy into your life by wearing this Green with Red Patches Natural Type A Jadeite Pendant Necklace &#8211; truly a symbol of good fortune!<\/p>\n<p>\u00a0<\/p>\n<p>Yi Pin Qian \u2013 Comerciante de piedras preciosas y metales preciosos en Singapur \u2013 N\u00famero de licencia PS20190000031<\/p>\n<p>\u00a0<\/p>\n<p>*Todos los jade\u00edtas comprados a Yi Pin Qian en Singapur, los clientes pueden reservar espacios para pulirlos o hacer reparaciones menores por mal manejo; se aplican tarifas y solo para los clientes de Yi Pin Qian en Singapur*<\/p>\n<p>\u00a0<\/p>\n<p><strong>**Tipos de certificados**<\/strong><\/p>\n<p>\u00a0<\/p>\n<p><strong>NGI (Gemolog\u00eda Nan Yang)<\/strong><\/p>\n<p>o <strong>Certificados en el extranjero <\/strong>(Yi Pin Qian solo utiliza certificados aut\u00e9nticos de laboratorios extranjeros y tambi\u00e9n controla la calidad de cada uno de nuestros productos antes de ponerlos a la venta en SG)<\/p>\n<p>\u00a0<\/p>\n<p>Todos los productos de TikTok contar\u00e1n con el tipo de certificado que se indica en la descripci\u00f3n. Para cualquier cliente que desee enviar su pedido a NGI Singapur, habr\u00e1 un tiempo de espera para la entrega del pedido estimado de aproximadamente 4 semanas para recibirlo. <strong>Las solicitudes de informes de NGI Gemstone deben realizarse enviando un mensaje a la tienda TikTok de Yi Pin Qian.<\/strong> Gracias, <strong><u>Se aplican tarifas adicionales<\/u><\/strong>.<\/p>\n<p>\u00a0<\/p>\n<p><strong>La jade\u00edta natural no es perfecta, solo un peque\u00f1o recordatorio: nuestra jade\u00edta natural, como todas las cosas hermosas de la naturaleza, tiene sus caracter\u00edsticas y variaciones \u00fanicas. Invitamos a nuestros valiosos clientes a adoptar estas variaciones naturales. \u00a1Felices compras!<\/strong><\/p>\n<p>\u00a0<\/p>\n<p><strong><u>Ninguna de las fotograf\u00edas ni los v\u00eddeos han sido filtrados. Animamos a nuestros clientes a que vean tambi\u00e9n los v\u00eddeos adjuntos para tener una visi\u00f3n m\u00e1s completa de nuestros productos.<\/u><\/strong><\/p>","protected":false},"excerpt":{"rendered":"<p>This Green with Red Patches Natural Type A Jadeite Pendant Necklace weighs 50.24 grams and measures 67.7 * 35 * 11.8 mm. It is adorned with Old School Phoenix and ruyi, which are symbols of good luck, a good life, and noble authority. Authentic Certificate: This pendant comes with a certificate of authenticity. Certificate numbers: [&hellip;]<\/p>","protected":false},"featured_media":4097,"comment_status":"open","ping_status":"closed","template":"","meta":[],"product_brand":[],"product_cat":[194],"product_tag":[],"class_list":{"0":"post-1395","1":"product","2":"type-product","3":"status-publish","4":"has-post-thumbnail","6":"product_cat-value-picks","8":"first","9":"instock","10":"sale","11":"shipping-taxable","12":"purchasable","13":"product-type-simple"},"_links":{"self":[{"href":"https:\/\/shop.yipinqian.com\/es\/wp-json\/wp\/v2\/product\/1395","targetHints":{"allow":["GET"]}}],"collection":[{"href":"https:\/\/shop.yipinqian.com\/es\/wp-json\/wp\/v2\/product"}],"about":[{"href":"https:\/\/shop.yipinqian.com\/es\/wp-json\/wp\/v2\/types\/product"}],"replies":[{"embeddable":true,"href":"https:\/\/shop.yipinqian.com\/es\/wp-json\/wp\/v2\/comments?post=1395"}],"version-history":[{"count":0,"href":"https:\/\/shop.yipinqian.com\/es\/wp-json\/wp\/v2\/product\/1395\/revisions"}],"wp:featuredmedia":[{"embeddable":true,"href":"https:\/\/shop.yipinqian.com\/es\/wp-json\/wp\/v2\/media\/4097"}],"wp:attachment":[{"href":"https:\/\/shop.yipinqian.com\/es\/wp-json\/wp\/v2\/media?parent=1395"}],"wp:term":[{"taxonomy":"product_brand","embeddable":true,"href":"https:\/\/shop.yipinqian.com\/es\/wp-json\/wp\/v2\/product_brand?post=1395"},{"taxonomy":"product_cat","embeddable":true,"href":"https:\/\/shop.yipinqian.com\/es\/wp-json\/wp\/v2\/product_cat?post=1395"},{"taxonomy":"product_tag","embeddable":true,"href":"https:\/\/shop.yipinqian.com\/es\/wp-json\/wp\/v2\/product_tag?post=1395"}],"curies":[{"name":"wp","href":"https:\/\/api.w.org\/{rel}","templated":true}]}}