{"id":1392,"date":"2024-10-24T23:18:53","date_gmt":"2024-10-24T15:18:53","guid":{"rendered":"https:\/\/shop.yipinqian.com\/product\/green-with-green-patches-natural-type-a-jadeite-pendant-carved-with-butterfly-and-flowers-represents-sweet-love-with-happy-marriage-wealthy-with-flowers-blooming-and-mutual-love-certificate-weigh-26-0\/"},"modified":"2025-02-24T01:17:31","modified_gmt":"2025-02-23T17:17:31","slug":"green-with-green-patches-natural-type-a-jadeite-pendant-carved-with-butterfly-and-flowers-represents-sweet-love-with-happy-marriage-wealthy-with-flowers-blooming-and-mutual-love-certificate-weigh-26-0","status":"publish","type":"product","link":"https:\/\/shop.yipinqian.com\/es\/producto\/green-with-green-patches-natural-type-a-jadeite-pendant-carved-with-butterfly-and-flowers-represents-sweet-love-with-happy-marriage-wealthy-with-flowers-blooming-and-mutual-love-certificate-weigh-26-0\/","title":{"rendered":"Green with green patches Natural Type A Jadeite Pendant carved with Butterfly and flowers represents Sweet Love with happy marriage, wealthy with flowers blooming and mutual love, certificate weigh 26.02 g, 49.3 * 40.6 * 6.8 mm (pendant84)"},"content":{"rendered":"<p>This Green with green patches Natural Type A Jadeite Pendant is not only a beautiful piece of jewelry but also carries deep symbolism. Carved with a butterfly and flowers, it represents Sweet Love with happy marriage, wealthy with flowers blooming and mutual love. It&#8217;s perfect for daily wear or as part of a collection.<\/p>\n<ul>\n<li>\n<strong>Simbolismo:<\/strong> The butterfly and flower carving represents sweet love, happy marriage, wealth, blooming flowers and mutual love.<\/li>\n<li>\n<strong>Certificado:<\/strong> This pendant comes with a certificate to ensure the authenticity of the Natural Type A Jadeite used in its making.<\/li>\n<\/ul>\n<p><strong>Certificate numbers: 910569039397<\/strong><\/p>\n<p><img fetchpriority=\"high\" decoding=\"async\" height=\"1080\" src=\"https:\/\/shop.yipinqian.com\/wp-content\/uploads\/2024\/10\/967a88256e566ef6fa8e60cacd306e4b.jpg?from=476444299\" width=\"1080\"><\/p>\n<ul>\n<li>\n<strong>Pa\u00eds natal:<\/strong> This pendant comes from Myanmar which is known for producing high-quality natural jadeite.<\/li>\n<\/ul>\n<p>The pendant measures 49.3 * 40.6 * 6.8 mm in size and weighs 26.02 g which makes it lightweight yet substantial enough to make an impression on any occasion.<\/p>\n<ul>\n<li>\n<strong>Tipo de jade:<\/strong>This product features high-quality natural type A jadeite known for its vivid green coloration<\/li>\n<li>\n<strong>Estilo de joyer\u00eda: <\/strong>The necklace style is casual making it perfect for daily wear or special occasions<\/li>\n<li>.<\/li>\n<\/ul>\n<p>This piece would make an excellent addition to any jewelry collection or as a thoughtful gift for someone special who appreciates symbolism and the beauty of natural stones!<\/p>\n<p>\u00a0<\/p>\n<p>Yi Pin Qian \u2013 Comerciante de piedras preciosas y metales preciosos en Singapur \u2013 N\u00famero de licencia PS20190000031<\/p>\n<p>\u00a0<\/p>\n<p>*Todos los jade\u00edtas comprados a Yi Pin Qian en Singapur, los clientes pueden reservar espacios para pulirlos o hacer reparaciones menores por mal manejo; se aplican tarifas y solo para los clientes de Yi Pin Qian en Singapur*<\/p>\n<p>\u00a0<\/p>\n<p><strong>**Tipos de certificados**<\/strong><\/p>\n<p>\u00a0<\/p>\n<p><strong>NGI (Gemolog\u00eda Nan Yang)<\/strong><\/p>\n<p>o <strong>Certificados en el extranjero <\/strong>(Yi Pin Qian solo utiliza certificados aut\u00e9nticos de laboratorios extranjeros y tambi\u00e9n controla la calidad de cada uno de nuestros productos antes de ponerlos a la venta en SG)<\/p>\n<p>\u00a0<\/p>\n<p>Todos los productos de TikTok contar\u00e1n con el tipo de certificado que se indica en la descripci\u00f3n. Para cualquier cliente que desee enviar su pedido a NGI Singapur, habr\u00e1 un tiempo de espera para la entrega del pedido estimado de aproximadamente 4 semanas para recibirlo. <strong>Las solicitudes de informes de NGI Gemstone deben realizarse enviando un mensaje a la tienda TikTok de Yi Pin Qian.<\/strong> Gracias, <strong><u>Se aplican tarifas adicionales<\/u><\/strong>.<\/p>\n<p>\u00a0<\/p>\n<p><strong>La jade\u00edta natural no es perfecta, solo un peque\u00f1o recordatorio: nuestra jade\u00edta natural, como todas las cosas hermosas de la naturaleza, tiene sus caracter\u00edsticas y variaciones \u00fanicas. Invitamos a nuestros valiosos clientes a adoptar estas variaciones naturales. \u00a1Felices compras!<\/strong><\/p>\n<p>\u00a0<\/p>\n<p><strong><u>Ninguna de las fotograf\u00edas ni los v\u00eddeos han sido filtrados. Animamos a nuestros clientes a que vean tambi\u00e9n los v\u00eddeos adjuntos para tener una visi\u00f3n m\u00e1s completa de nuestros productos.<\/u><\/strong><\/p>","protected":false},"excerpt":{"rendered":"<p>This Green with green patches Natural Type A Jadeite Pendant is not only a beautiful piece of jewelry but also carries deep symbolism. Carved with a butterfly and flowers, it represents Sweet Love with happy marriage, wealthy with flowers blooming and mutual love. It&#8217;s perfect for daily wear or as part of a collection. Symbolism: [&hellip;]<\/p>","protected":false},"featured_media":4077,"comment_status":"open","ping_status":"closed","template":"","meta":[],"product_brand":[],"product_cat":[195],"product_tag":[],"class_list":{"0":"post-1392","1":"product","2":"type-product","3":"status-publish","4":"has-post-thumbnail","6":"product_cat-heirloom-grade","8":"first","9":"instock","10":"sale","11":"shipping-taxable","12":"purchasable","13":"product-type-simple"},"_links":{"self":[{"href":"https:\/\/shop.yipinqian.com\/es\/wp-json\/wp\/v2\/product\/1392","targetHints":{"allow":["GET"]}}],"collection":[{"href":"https:\/\/shop.yipinqian.com\/es\/wp-json\/wp\/v2\/product"}],"about":[{"href":"https:\/\/shop.yipinqian.com\/es\/wp-json\/wp\/v2\/types\/product"}],"replies":[{"embeddable":true,"href":"https:\/\/shop.yipinqian.com\/es\/wp-json\/wp\/v2\/comments?post=1392"}],"version-history":[{"count":0,"href":"https:\/\/shop.yipinqian.com\/es\/wp-json\/wp\/v2\/product\/1392\/revisions"}],"wp:featuredmedia":[{"embeddable":true,"href":"https:\/\/shop.yipinqian.com\/es\/wp-json\/wp\/v2\/media\/4077"}],"wp:attachment":[{"href":"https:\/\/shop.yipinqian.com\/es\/wp-json\/wp\/v2\/media?parent=1392"}],"wp:term":[{"taxonomy":"product_brand","embeddable":true,"href":"https:\/\/shop.yipinqian.com\/es\/wp-json\/wp\/v2\/product_brand?post=1392"},{"taxonomy":"product_cat","embeddable":true,"href":"https:\/\/shop.yipinqian.com\/es\/wp-json\/wp\/v2\/product_cat?post=1392"},{"taxonomy":"product_tag","embeddable":true,"href":"https:\/\/shop.yipinqian.com\/es\/wp-json\/wp\/v2\/product_tag?post=1392"}],"curies":[{"name":"wp","href":"https:\/\/api.w.org\/{rel}","templated":true}]}}