{"id":13892,"date":"2024-11-26T21:07:18","date_gmt":"2024-11-26T13:07:18","guid":{"rendered":"https:\/\/shop.yipinqian.com\/new-arrival-crafted-as-pixiu-on-natural-type-a-jadeite-jade-as-s925-ring-certificate-weighs-3-55-grams-measurement-15-9-11-6-6-7-mm-s925ring25\/"},"modified":"2025-01-26T00:00:49","modified_gmt":"2025-01-25T16:00:49","slug":"new-arrival-crafted-as-pixiu-on-natural-type-a-jadeite-jade-as-s925-ring-certificate-weighs-3-55-grams-measurement-15-9-11-6-6-7-mm-s925ring25","status":"publish","type":"product","link":"https:\/\/shop.yipinqian.com\/es\/producto\/new-arrival-crafted-as-pixiu-on-natural-type-a-jadeite-jade-as-s925-ring-certificate-weighs-3-55-grams-measurement-15-9-11-6-6-7-mm-s925ring25\/","title":{"rendered":"Reci\u00e9n llegado elaborado como Pixiu en jade\u00edta natural tipo A como anillo S925 con certificado que pesa 3,55 gramos y mide 15,9 x 11,6 x 6,7 mm (s925ring25)"},"content":{"rendered":"<p>Descubra nuestra nueva llegada elaborada como Pixiu en jade\u00edta natural tipo A, presentada como un elegante anillo S925. Esta exquisita pieza viene acompa\u00f1ada de un certificado que garantiza su autenticidad y calidad.<\/p>\n<p><\/p>\n<p>N\u00fameros de certificado: GD2111H017523 <u>Talla libre ajustable<\/u><\/p>\n<p><img fetchpriority=\"high\" decoding=\"async\" src=\"https:\/\/shop.yipinqian.com\/wp-content\/uploads\/2024\/11\/31ab397e00af467bbbaadc822a72d562tplv-aphluv4xwc-origin-jpeg.jpeg?dr=15568&#038;nonce=39625&#038;refresh_token=9eedc2310cd3dc984297c3e9dcb8bec2&#038;from=476444299&#038;idc=my2&#038;ps=933b5bde&#038;shcp=9b759fb9&#038;shp=1c65f68b&#038;t=555f072d\" width=\"1080\" height=\"1080\"><\/p>\n<ul>\n<li>\n<strong>Peso y medidas:<\/strong> Con un peso de 3,55 gramos, este impresionante anillo mide 15,9 * 11,6 * 6,7 mm.<\/li>\n<li>\n<strong>Tipo de jade:<\/strong> Hecho de jade\u00edta genuina, conocida por su belleza y durabilidad.<\/li>\n<li>\n<strong>Material de configuraci\u00f3n:<\/strong> El anillo est\u00e1 elaborado con material S925 para un dise\u00f1o elegante y moderno.<\/li>\n<li>\n<strong>Origen:<\/strong> Esta hermosa pieza es originaria de Myanmar y agregar\u00e1 un toque de riqueza cultural a su colecci\u00f3n.<\/li>\n<\/ul>\n<p><img decoding=\"async\" src=\"https:\/\/shop.yipinqian.com\/wp-content\/uploads\/2024\/11\/d4214f52b28d45a087ef019f32c0f494tplv-aphluv4xwc-origin-jpeg.jpeg?dr=15568&#038;nonce=52771&#038;refresh_token=041ef7427163b3714e720bfc81d42bd2&#038;from=476444299&#038;idc=my2&#038;ps=933b5bde&#038;shcp=9b759fb9&#038;shp=1c65f68b&#038;t=555f072d\" width=\"1080\" height=\"1080\"><\/p>\n<p>Ideal tanto para hombres como para mujeres, este anillo de jade Pixiu es perfecto para ocasiones auspiciosas o como un accesorio diario \u00fanico para complementar su estilo individual con un toque de elegancia.<\/p>\n<ul>\n<li><strong>Sin garant\u00eda: Este producto no viene con cobertura de garant\u00eda; sin embargo, su artesan\u00eda de calidad asegura una belleza duradera en el tiempo.<\/strong><\/li>\n<\/ul>\n<p><strong>.<\/strong><\/p>\n<p><strong>La jade\u00edta natural no es perfecta, solo un peque\u00f1o recordatorio: nuestra jade\u00edta natural, como todas las cosas hermosas de la naturaleza, tiene sus caracter\u00edsticas y variaciones \u00fanicas. Invitamos a nuestros valiosos clientes a adoptar estas variaciones naturales. \u00a1Felices compras!<\/strong><\/p>\n<p><\/p>\n<p><strong><u>Ninguna de las fotograf\u00edas ni los v\u00eddeos han sido filtrados. Animamos a nuestros clientes a que vean tambi\u00e9n los v\u00eddeos adjuntos para tener una visi\u00f3n m\u00e1s completa de nuestros productos.<\/u><\/strong><\/p>\n<p><\/p>\n<ul>\n<li>Las diferentes plataformas solo pueden ver videos a trav\u00e9s de la computadora de escritorio<\/li>\n<\/ul>","protected":false},"excerpt":{"rendered":"<p>Descubra nuestra nueva llegada elaborada como Pixiu en jade\u00edta natural tipo A, presentada como un elegante anillo S925. Esta exquisita pieza viene acompa\u00f1ada de un certificado que garantiza su autenticidad y calidad. N\u00fameros de certificado: GD2111H017523 Talla libre ajustable Peso y medida: Con un peso de 3,55 gramos, este impresionante anillo mide 15,9 * 11,6 * 6,7 mm. Jade [\u2026]<\/p>","protected":false},"featured_media":14073,"comment_status":"open","ping_status":"closed","template":"","meta":[],"product_brand":[],"product_cat":[80,122,126,125],"product_tag":[64,92,66,55,58,85,60,61,62],"class_list":{"0":"post-13892","1":"product","2":"type-product","3":"status-publish","4":"has-post-thumbnail","6":"product_cat-jade-rings","7":"product_cat-jadeite-rings","8":"product_cat-new-arrivals","9":"product_cat-s925-settings-jadeites","10":"product_tag-cabochon","11":"product_tag-free-size","12":"product_tag-jade-ring","13":"product_tag-jadeite","14":"product_tag-new-arrivals","15":"product_tag-pixiu","16":"product_tag-type-a-jadeite","17":"product_tag-unisex","18":"product_tag-yi-pin-qian-exclusive","20":"first","21":"instock","22":"sale","23":"shipping-taxable","24":"purchasable","25":"product-type-simple"},"_links":{"self":[{"href":"https:\/\/shop.yipinqian.com\/es\/wp-json\/wp\/v2\/product\/13892","targetHints":{"allow":["GET"]}}],"collection":[{"href":"https:\/\/shop.yipinqian.com\/es\/wp-json\/wp\/v2\/product"}],"about":[{"href":"https:\/\/shop.yipinqian.com\/es\/wp-json\/wp\/v2\/types\/product"}],"replies":[{"embeddable":true,"href":"https:\/\/shop.yipinqian.com\/es\/wp-json\/wp\/v2\/comments?post=13892"}],"version-history":[{"count":0,"href":"https:\/\/shop.yipinqian.com\/es\/wp-json\/wp\/v2\/product\/13892\/revisions"}],"wp:featuredmedia":[{"embeddable":true,"href":"https:\/\/shop.yipinqian.com\/es\/wp-json\/wp\/v2\/media\/14073"}],"wp:attachment":[{"href":"https:\/\/shop.yipinqian.com\/es\/wp-json\/wp\/v2\/media?parent=13892"}],"wp:term":[{"taxonomy":"product_brand","embeddable":true,"href":"https:\/\/shop.yipinqian.com\/es\/wp-json\/wp\/v2\/product_brand?post=13892"},{"taxonomy":"product_cat","embeddable":true,"href":"https:\/\/shop.yipinqian.com\/es\/wp-json\/wp\/v2\/product_cat?post=13892"},{"taxonomy":"product_tag","embeddable":true,"href":"https:\/\/shop.yipinqian.com\/es\/wp-json\/wp\/v2\/product_tag?post=13892"}],"curies":[{"name":"wp","href":"https:\/\/api.w.org\/{rel}","templated":true}]}}