{"id":1389,"date":"2024-10-24T23:18:52","date_gmt":"2024-10-24T15:18:52","guid":{"rendered":"https:\/\/shop.yipinqian.com\/product\/green-natural-type-a-jadeite-jade-pendant-necklace-crafted-as-gourd-with-certificate-weigh-4-75-grams-measurement-29-3-14-3-6-3-mm-pendant179\/"},"modified":"2025-02-24T00:49:55","modified_gmt":"2025-02-23T16:49:55","slug":"green-natural-type-a-jadeite-jade-pendant-necklace-crafted-as-gourd-with-certificate-weigh-4-75-grams-measurement-29-3-14-3-6-3-mm-pendant179","status":"publish","type":"product","link":"https:\/\/shop.yipinqian.com\/es\/producto\/green-natural-type-a-jadeite-jade-pendant-necklace-crafted-as-gourd-with-certificate-weigh-4-75-grams-measurement-29-3-14-3-6-3-mm-pendant179\/","title":{"rendered":"Green Natural Type A Jadeite Jade Pendant Necklace crafted as Gourd with certificate weigh 4.75 grams, measurement 29.3 * 14.3 * 6.3 mm (pendant179)"},"content":{"rendered":"<p>This Green Natural Type A Jadeite Jade Pendant Necklace is a must-have for those who appreciate the beauty of ethnic accessories. With a certificate of authenticity, you can be sure that you are getting the real deal.<\/p>\n<p><\/p>\n<p><strong>Certificate numbers: 910979033012<\/strong><\/p>\n<ul>\n<li>\n<strong>Dise\u00f1o exquisito:<\/strong> The pendant is crafted in the shape of a gourd, which symbolizes good luck and prosperity in Chinese culture. The green color represents harmony and balance.<\/li>\n<li>\n<strong>Calidad Premium:<\/strong> Made from Type A Jadeite Jade, this necklace is durable and resistant to scratches. It weighs 4.75 grams and has a measurement of 29.3 * 14.3 * 6.3 mm.<\/li>\n<li>\n<strong>Estilo casual:<\/strong> This necklace has been designed for daily wear or casual occasions, making it an ideal accessory for any outfit or occasion.<\/li>\n<\/ul>\n<p>The necklace originates from Myanmar &#8211; renowned worldwide as one of the best sources for jade &#8211; making it an excellent addition to your jewelry collection if you value ethnic accessories with historical significance.<\/p>\n<p><\/p>\n<p>This product comes with no warranty but given its timeless quality it will last long enough to be handed down as an heirloom item that will hold sentimental value throughout generations.<\/p>\n<p><\/p>\n<p>The Necklace Style is Casual while being unisex so is suitable both men&#8217;s wear as well as women&#8217;s attire.<\/p>\n<p><\/p>\n<p>Yi Pin Qian \u2013 Comerciante de piedras preciosas y metales preciosos en Singapur \u2013 N\u00famero de licencia PS20190000031<\/p>\n<p><\/p>\n<p>*Todos los jade\u00edtas comprados a Yi Pin Qian en Singapur, los clientes pueden reservar espacios para pulirlos o hacer reparaciones menores por mal manejo; se aplican tarifas y solo para los clientes de Yi Pin Qian en Singapur*<\/p>\n<p><\/p>\n<p><strong>**Tipos de certificados**<\/strong><\/p>\n<p><\/p>\n<p><strong>NGI (Gemolog\u00eda Nan Yang)<\/strong><\/p>\n<p>o <strong>Certificados en el extranjero <\/strong>(Yi Pin Qian solo utiliza certificados aut\u00e9nticos de laboratorios extranjeros y tambi\u00e9n controla la calidad de cada uno de nuestros productos antes de ponerlos a la venta en SG)<\/p>\n<p><\/p>\n<p>Todos los productos de TikTok contar\u00e1n con el tipo de certificado que se indica en la descripci\u00f3n. Para cualquier cliente que desee enviar su pedido a NGI Singapur, habr\u00e1 un tiempo de espera para la entrega del pedido estimado de aproximadamente 4 semanas para recibirlo. <strong>Las solicitudes de informes de NGI Gemstone deben realizarse enviando un mensaje a la tienda TikTok de Yi Pin Qian.<\/strong> Gracias, <strong><u>Se aplican tarifas adicionales<\/u><\/strong>.<\/p>\n<p><\/p>\n<p><strong>La jade\u00edta natural no es perfecta, solo un peque\u00f1o recordatorio: nuestra jade\u00edta natural, como todas las cosas hermosas de la naturaleza, tiene sus caracter\u00edsticas y variaciones \u00fanicas. Invitamos a nuestros valiosos clientes a adoptar estas variaciones naturales. \u00a1Felices compras!<\/strong><\/p>\n<p><\/p>\n<p><strong><u>Ninguna de las fotograf\u00edas ni los v\u00eddeos han sido filtrados. Animamos a nuestros clientes a que vean tambi\u00e9n los v\u00eddeos adjuntos para tener una visi\u00f3n m\u00e1s completa de nuestros productos.<\/u><\/strong><\/p>","protected":false},"excerpt":{"rendered":"<p>This Green Natural Type A Jadeite Jade Pendant Necklace is a must-have for those who appreciate the beauty of ethnic accessories. With a certificate of authenticity, you can be sure that you are getting the real deal. Certificate numbers: 910979033012 Exquisite Design: The pendant is crafted in the shape of a gourd, which symbolizes good [&hellip;]<\/p>","protected":false},"featured_media":4045,"comment_status":"open","ping_status":"closed","template":"","meta":[],"product_brand":[],"product_cat":[194],"product_tag":[],"class_list":{"0":"post-1389","1":"product","2":"type-product","3":"status-publish","4":"has-post-thumbnail","6":"product_cat-value-picks","8":"first","9":"instock","10":"sale","11":"shipping-taxable","12":"purchasable","13":"product-type-simple"},"_links":{"self":[{"href":"https:\/\/shop.yipinqian.com\/es\/wp-json\/wp\/v2\/product\/1389","targetHints":{"allow":["GET"]}}],"collection":[{"href":"https:\/\/shop.yipinqian.com\/es\/wp-json\/wp\/v2\/product"}],"about":[{"href":"https:\/\/shop.yipinqian.com\/es\/wp-json\/wp\/v2\/types\/product"}],"replies":[{"embeddable":true,"href":"https:\/\/shop.yipinqian.com\/es\/wp-json\/wp\/v2\/comments?post=1389"}],"version-history":[{"count":0,"href":"https:\/\/shop.yipinqian.com\/es\/wp-json\/wp\/v2\/product\/1389\/revisions"}],"wp:featuredmedia":[{"embeddable":true,"href":"https:\/\/shop.yipinqian.com\/es\/wp-json\/wp\/v2\/media\/4045"}],"wp:attachment":[{"href":"https:\/\/shop.yipinqian.com\/es\/wp-json\/wp\/v2\/media?parent=1389"}],"wp:term":[{"taxonomy":"product_brand","embeddable":true,"href":"https:\/\/shop.yipinqian.com\/es\/wp-json\/wp\/v2\/product_brand?post=1389"},{"taxonomy":"product_cat","embeddable":true,"href":"https:\/\/shop.yipinqian.com\/es\/wp-json\/wp\/v2\/product_cat?post=1389"},{"taxonomy":"product_tag","embeddable":true,"href":"https:\/\/shop.yipinqian.com\/es\/wp-json\/wp\/v2\/product_tag?post=1389"}],"curies":[{"name":"wp","href":"https:\/\/api.w.org\/{rel}","templated":true}]}}