{"id":13885,"date":"2024-11-26T21:07:05","date_gmt":"2024-11-26T13:07:05","guid":{"rendered":"https:\/\/shop.yipinqian.com\/latest-arrival-sg-local-seller-crafted-as-snake-pendant-natural-type-a-jadeite-jade-certificate-weighs-78-16-grams-measurement-51-2-31-3-33-mm-pendant-359\/"},"modified":"2025-02-24T00:49:47","modified_gmt":"2025-02-23T16:49:47","slug":"latest-arrival-sg-local-seller-crafted-as-snake-pendant-natural-type-a-jadeite-jade-certificate-weighs-78-16-grams-measurement-51-2-31-3-33-mm-pendant-359","status":"publish","type":"product","link":"https:\/\/shop.yipinqian.com\/es\/producto\/latest-arrival-sg-local-seller-crafted-as-snake-pendant-natural-type-a-jadeite-jade-certificate-weighs-78-16-grams-measurement-51-2-31-3-33-mm-pendant-359\/","title":{"rendered":"Fabricado como colgante de serpiente, jade\u00edta natural tipo A, certificado, pesa 78,16 gramos, medida 51,2 * 31,3 * 33 mm (colgante 359)"},"content":{"rendered":"<p>Realza tu estilo con la \u00faltima llegada de SG, un colgante de serpiente elaborado localmente con jade\u00edta natural tipo A. Esta exquisita pieza viene con un certificado y pesa 78,16 gramos, midiendo 51,2 * 31,3 * 33 mm.<\/p>\n<p><\/p>\n<p>N\u00fameros de certificado: ZS12303063685<\/p>\n<p><img fetchpriority=\"high\" decoding=\"async\" src=\"https:\/\/shop.yipinqian.com\/wp-content\/uploads\/2024\/11\/fe269f5f25ee4461be2077b5bff122b8tplv-aphluv4xwc-origin-jpeg.jpeg?dr=15568&#038;nonce=5045&#038;refresh_token=12a9f1652b4b63870c9ae4e243755f0e&#038;from=476444299&#038;idc=my2&#038;ps=933b5bde&#038;shcp=9b759fb9&#038;shp=1c65f68b&#038;t=555f072d\" width=\"1080\" height=\"1080\"><\/p>\n<ul>\n<li>\n<strong>Jade\u00edta tipo A:<\/strong> Elaborado con jade jade\u00edta natural de alta calidad.<\/li>\n<li>\n<strong>Ocasi\u00f3n auspiciosa:<\/strong> Perfecto para traer suerte y positividad a cualquier evento o celebraci\u00f3n.<\/li>\n<li>\n<strong>Estilo de collar casual:<\/strong> Adecuado para uso diario, a\u00f1adiendo un toque de elegancia a tu atuendo.<\/li>\n<\/ul>\n<p><img decoding=\"async\" src=\"https:\/\/shop.yipinqian.com\/wp-content\/uploads\/2024\/11\/82a5309dd264466c9e74ce317a15ebdftplv-aphluv4xwc-origin-jpeg.jpeg?dr=15568&#038;nonce=98906&#038;refresh_token=1ca1dcff2bfae86323bc7b73386c136a&#038;from=476444299&#038;idc=my2&#038;ps=933b5bde&#038;shcp=9b759fb9&#038;shp=1c65f68b&#038;t=555f072d\" width=\"1080\" height=\"1080\"><\/p>\n<p>Este colgante unisex proviene de Myanmar y rezuma un encanto atemporal con su intrincado dise\u00f1o de serpiente. Marque la diferencia mientras disfruta de los beneficios de este auspicioso accesorio sin necesidad de preocuparse por la garant\u00eda.<\/p>\n<p><\/p>\n<p><strong>La jade\u00edta natural no es perfecta, solo un peque\u00f1o recordatorio: nuestra jade\u00edta natural, como todas las cosas hermosas de la naturaleza, tiene sus caracter\u00edsticas y variaciones \u00fanicas. Invitamos a nuestros valiosos clientes a adoptar estas variaciones naturales. \u00a1Felices compras!<\/strong><\/p>\n<p><\/p>\n<p><strong><u>Ninguna de las fotograf\u00edas ni los v\u00eddeos han sido filtrados. Animamos a nuestros clientes a que vean tambi\u00e9n los v\u00eddeos adjuntos para tener una visi\u00f3n m\u00e1s completa de nuestros productos.<\/u><\/strong><\/p>\n<p><\/p>\n<ul>\n<li>Las diferentes plataformas solo pueden ver videos a trav\u00e9s de la computadora de escritorio<\/li>\n<\/ul>","protected":false},"excerpt":{"rendered":"<p>Enhance your style with the latest arrival from SG, a locally crafted snake pendant made from natural Type A Jadeite Jade. This exquisite piece comes with a certificate and weighs 78.16 grams, measuring 51.2 * 31.3 * 33 mm. Certificate numbers: ZS12303063685 Type A Jadeite Jade: Crafted from high-quality natural jadeite jade. Auspicious Occasion: Perfect [&hellip;]<\/p>","protected":false},"featured_media":14049,"comment_status":"open","ping_status":"closed","template":"","meta":[],"product_brand":[],"product_cat":[194],"product_tag":[140,52,56,58,73,60,61],"class_list":{"0":"post-13885","1":"product","2":"type-product","3":"status-publish","4":"has-post-thumbnail","6":"product_cat-value-picks","7":"product_tag-black-wuji","8":"product_tag-certified","9":"product_tag-limited-editions","10":"product_tag-new-arrivals","11":"product_tag-pendant","12":"product_tag-type-a-jadeite","13":"product_tag-unisex","15":"first","16":"instock","17":"sale","18":"shipping-taxable","19":"purchasable","20":"product-type-simple"},"_links":{"self":[{"href":"https:\/\/shop.yipinqian.com\/es\/wp-json\/wp\/v2\/product\/13885","targetHints":{"allow":["GET"]}}],"collection":[{"href":"https:\/\/shop.yipinqian.com\/es\/wp-json\/wp\/v2\/product"}],"about":[{"href":"https:\/\/shop.yipinqian.com\/es\/wp-json\/wp\/v2\/types\/product"}],"replies":[{"embeddable":true,"href":"https:\/\/shop.yipinqian.com\/es\/wp-json\/wp\/v2\/comments?post=13885"}],"version-history":[{"count":0,"href":"https:\/\/shop.yipinqian.com\/es\/wp-json\/wp\/v2\/product\/13885\/revisions"}],"wp:featuredmedia":[{"embeddable":true,"href":"https:\/\/shop.yipinqian.com\/es\/wp-json\/wp\/v2\/media\/14049"}],"wp:attachment":[{"href":"https:\/\/shop.yipinqian.com\/es\/wp-json\/wp\/v2\/media?parent=13885"}],"wp:term":[{"taxonomy":"product_brand","embeddable":true,"href":"https:\/\/shop.yipinqian.com\/es\/wp-json\/wp\/v2\/product_brand?post=13885"},{"taxonomy":"product_cat","embeddable":true,"href":"https:\/\/shop.yipinqian.com\/es\/wp-json\/wp\/v2\/product_cat?post=13885"},{"taxonomy":"product_tag","embeddable":true,"href":"https:\/\/shop.yipinqian.com\/es\/wp-json\/wp\/v2\/product_tag?post=13885"}],"curies":[{"name":"wp","href":"https:\/\/api.w.org\/{rel}","templated":true}]}}