{"id":13883,"date":"2024-11-26T21:07:04","date_gmt":"2024-11-26T13:07:04","guid":{"rendered":"https:\/\/shop.yipinqian.com\/latest-arrival-sg-local-seller-crafted-as-sceneries-pendant-light-green-hue-green-and-white-natural-type-a-jadeite-jade-certificate-weighs-21-24-grams-measurement-47-26-9-7-5-mm-pendant353\/"},"modified":"2025-02-24T00:49:47","modified_gmt":"2025-02-23T16:49:47","slug":"latest-arrival-sg-local-seller-crafted-as-sceneries-pendant-light-green-hue-green-and-white-natural-type-a-jadeite-jade-certificate-weighs-21-24-grams-measurement-47-26-9-7-5-mm-pendant353","status":"publish","type":"product","link":"https:\/\/shop.yipinqian.com\/es\/producto\/latest-arrival-sg-local-seller-crafted-as-sceneries-pendant-light-green-hue-green-and-white-natural-type-a-jadeite-jade-certificate-weighs-21-24-grams-measurement-47-26-9-7-5-mm-pendant353\/","title":{"rendered":"\u00daltima llegada Vendedor local de SG elaborado como paisajes Colgante de luz verde Tono, Jade\u00edta natural verde y blanco Tipo A, certificado pesa 21,24 gramos, medida 47 * 26,9 * 7,5 mm (colgante 353)"},"content":{"rendered":"<p>This stunning pendant features a sceneries design crafted from natural Type A Jadeite Jade in a beautiful light green hue with hints of green and white.<\/p>\n<p><\/p>\n<p>Certificate numbers: GD2110H011995<\/p>\n<p><img fetchpriority=\"high\" decoding=\"async\" src=\"https:\/\/shop.yipinqian.com\/wp-content\/uploads\/2024\/11\/3770a836f7b943d9abf9947f15a4f24etplv-aphluv4xwc-origin-jpeg.jpeg?dr=15568&#038;nonce=37052&#038;refresh_token=9c4edc514139f1851171ae24718fa2bb&#038;from=476444299&#038;idc=my2&#038;ps=933b5bde&#038;shcp=9b759fb9&#038;shp=1c65f68b&#038;t=555f072d\" width=\"1200\" height=\"1600\"><\/p>\n<ul>\n<li>\n<strong>Material:<\/strong> Green and white natural Type A Jadeite Jade<\/li>\n<li>\n<strong>Peso:<\/strong> 21.24 grams<\/li>\n<li>\n<strong>Medici\u00f3n:<\/strong> 47 x 26.9 x 7.5 mm<\/li>\n<li>\n<strong>Certificado:<\/strong> S\u00ed (incluido)<\/li>\n<li><strong>Tipo de jade: jade\u00edta<\/strong><\/li>\n<\/ul>\n<p><img decoding=\"async\" src=\"https:\/\/shop.yipinqian.com\/wp-content\/uploads\/2024\/11\/d30e73296a9b4946b2fdf3da9cc54cc6tplv-aphluv4xwc-origin-jpeg.jpeg?dr=15568&#038;nonce=83005&#038;refresh_token=6fee485d6534387dfecf1b76001dc9e8&#038;from=476444299&#038;idc=my2&#038;ps=933b5bde&#038;shcp=9b759fb9&#038;shp=1c65f68b&#038;t=555f072d\" width=\"1080\" height=\"1080\"><\/p>\n<p><strong>This exquisite pendant is the latest arrival from an SG Local Seller, showcasing fine craftsmanship and attention to detail.<\/strong><\/p>\n<ul>\n<li><strong>Ocassion: Auspicious (perfect for any special occasion)Gneder:<\/strong><\/li>\n<\/ul>\n<p><strong>La jade\u00edta natural no es perfecta, solo un peque\u00f1o recordatorio: nuestra jade\u00edta natural, como todas las cosas hermosas de la naturaleza, tiene sus caracter\u00edsticas y variaciones \u00fanicas. Invitamos a nuestros valiosos clientes a adoptar estas variaciones naturales. \u00a1Felices compras!<\/strong><\/p>\n<p><\/p>\n<p><strong><u>Ninguna de las fotograf\u00edas ni los v\u00eddeos han sido filtrados. Animamos a nuestros clientes a que vean tambi\u00e9n los v\u00eddeos adjuntos para tener una visi\u00f3n m\u00e1s completa de nuestros productos.<\/u><\/strong><\/p>\n<p><\/p>\n<ul>\n<li>Las diferentes plataformas solo pueden ver videos a trav\u00e9s de la computadora de escritorio<\/li>\n<\/ul>","protected":false},"excerpt":{"rendered":"<p>This stunning pendant features a sceneries design crafted from natural Type A Jadeite Jade in a beautiful light green hue with hints of green and white. Certificate numbers: GD2110H011995 Material: Green and white natural Type A Jadeite Jade Weight: 21.24 grams Measurement: 47 x 26.9 x 7.5 mm Certificate: Yes (included) Jade Type:Jadeite This exquisite [&hellip;]<\/p>","protected":false},"featured_media":14036,"comment_status":"open","ping_status":"closed","template":"","meta":[],"product_brand":[],"product_cat":[194],"product_tag":[52,70,65,55,82,58,73,75,60,61,62],"class_list":{"0":"post-13883","1":"product","2":"type-product","3":"status-publish","4":"has-post-thumbnail","6":"product_cat-value-picks","7":"product_tag-certified","8":"product_tag-green","9":"product_tag-high-quality","10":"product_tag-jadeite","11":"product_tag-light-green","12":"product_tag-new-arrivals","13":"product_tag-pendant","14":"product_tag-traditional","15":"product_tag-type-a-jadeite","16":"product_tag-unisex","17":"product_tag-yi-pin-qian-exclusive","19":"first","20":"instock","21":"sale","22":"shipping-taxable","23":"purchasable","24":"product-type-simple"},"_links":{"self":[{"href":"https:\/\/shop.yipinqian.com\/es\/wp-json\/wp\/v2\/product\/13883","targetHints":{"allow":["GET"]}}],"collection":[{"href":"https:\/\/shop.yipinqian.com\/es\/wp-json\/wp\/v2\/product"}],"about":[{"href":"https:\/\/shop.yipinqian.com\/es\/wp-json\/wp\/v2\/types\/product"}],"replies":[{"embeddable":true,"href":"https:\/\/shop.yipinqian.com\/es\/wp-json\/wp\/v2\/comments?post=13883"}],"version-history":[{"count":0,"href":"https:\/\/shop.yipinqian.com\/es\/wp-json\/wp\/v2\/product\/13883\/revisions"}],"wp:featuredmedia":[{"embeddable":true,"href":"https:\/\/shop.yipinqian.com\/es\/wp-json\/wp\/v2\/media\/14036"}],"wp:attachment":[{"href":"https:\/\/shop.yipinqian.com\/es\/wp-json\/wp\/v2\/media?parent=13883"}],"wp:term":[{"taxonomy":"product_brand","embeddable":true,"href":"https:\/\/shop.yipinqian.com\/es\/wp-json\/wp\/v2\/product_brand?post=13883"},{"taxonomy":"product_cat","embeddable":true,"href":"https:\/\/shop.yipinqian.com\/es\/wp-json\/wp\/v2\/product_cat?post=13883"},{"taxonomy":"product_tag","embeddable":true,"href":"https:\/\/shop.yipinqian.com\/es\/wp-json\/wp\/v2\/product_tag?post=13883"}],"curies":[{"name":"wp","href":"https:\/\/api.w.org\/{rel}","templated":true}]}}