{"id":13868,"date":"2024-11-26T21:06:35","date_gmt":"2024-11-26T13:06:35","guid":{"rendered":"https:\/\/shop.yipinqian.com\/crafted-as-pixiu-pendant-on-natural-type-a-jadeite-jade-with-18k-gold-clasp-certificate-weighs-6-82-grams-measurement-41-6-16-9-8-5-mm-18kp80\/"},"modified":"2025-01-09T00:46:44","modified_gmt":"2025-01-08T16:46:44","slug":"crafted-as-pixiu-pendant-on-natural-type-a-jadeite-jade-with-18k-gold-clasp-certificate-weighs-6-82-grams-measurement-41-6-16-9-8-5-mm-18kp80","status":"publish","type":"product","link":"https:\/\/shop.yipinqian.com\/es\/producto\/crafted-as-pixiu-pendant-on-natural-type-a-jadeite-jade-with-18k-gold-clasp-certificate-weighs-6-82-grams-measurement-41-6-16-9-8-5-mm-18kp80\/","title":{"rendered":"Fabricado como colgante Pixiu en jade\u00edta natural tipo A con certificado de cierre de oro de 18 k, pesa 6,82 gramos, medida 41,6 * 16,9 * 8,5 mm (18kp80)"},"content":{"rendered":"<p>Este exquisito colgante Pixiu est\u00e1 elaborado en jade jade\u00edta natural tipo A y cuenta con un elegante cierre de oro de 18 k, creando una impresionante pieza de joyer\u00eda.<\/p>\n<p><\/p>\n<p>N\u00fameros de certificado: GD2112H010357<\/p>\n<p><img fetchpriority=\"high\" decoding=\"async\" src=\"https:\/\/shop.yipinqian.com\/wp-content\/uploads\/2024\/11\/e2287ee588164d6fbf70805023e899b3tplv-aphluv4xwc-origin-jpeg.jpeg?dr=15568&#038;nonce=36300&#038;refresh_token=b74b4cbba5491014119d76846843d3ea&#038;from=476444299&#038;idc=my2&#038;ps=933b5bde&#038;shcp=9b759fb9&#038;shp=1c65f68b&#038;t=555f072d\" width=\"1080\" height=\"1080\"><\/p>\n<ul>\n<li>Con un peso de 6,82 gramos, este colgante tiene unas medidas \u00fanicas de 41,6 * 16,9 * 8,5 mm, lo que lo convierte en un accesorio destacado.<\/li>\n<\/ul>\n<p><img decoding=\"async\" src=\"https:\/\/shop.yipinqian.com\/wp-content\/uploads\/2024\/11\/811cf87b57d54e498e65c744e7c73990tplv-aphluv4xwc-origin-jpeg.jpeg?dr=15568&#038;nonce=34174&#038;refresh_token=bf090ce00223b2623b76ceda0f0d7a0f&#038;from=476444299&#038;idc=my2&#038;ps=933b5bde&#038;shcp=9b759fb9&#038;shp=1c65f68b&#038;t=555f072d\" width=\"1080\" height=\"1080\"><\/p>\n<p>Con su certificado de autenticidad incluido, puedes estar seguro de la calidad y el origen de esta pieza de Myanmar.<\/p>\n<ul>\n<li>Perfecto para cualquier ocasi\u00f3n auspiciosa, este colgante es adecuado tanto para hombres como para mujeres con su dise\u00f1o unisex.<\/li>\n<li>El estilo casual de collar agrega versatilidad a tu guardarropa, convirti\u00e9ndolo en un accesorio imprescindible para el uso diario o eventos especiales.<\/li>\n<\/ul>\n<p><strong>La jade\u00edta natural no es perfecta, solo un peque\u00f1o recordatorio: nuestra jade\u00edta natural, como todas las cosas hermosas de la naturaleza, tiene sus caracter\u00edsticas y variaciones \u00fanicas. Invitamos a nuestros valiosos clientes a adoptar estas variaciones naturales. \u00a1Felices compras!<\/strong><\/p>\n<p><\/p>\n<p><strong><u>Ninguna de las fotograf\u00edas ni los v\u00eddeos han sido filtrados. Animamos a nuestros clientes a que vean tambi\u00e9n los v\u00eddeos adjuntos para tener una visi\u00f3n m\u00e1s completa de nuestros productos.<\/u><\/strong><\/p>\n<p><\/p>\n<ul>\n<li>Las diferentes plataformas solo pueden ver videos a trav\u00e9s de la computadora de escritorio<\/li>\n<\/ul>","protected":false},"excerpt":{"rendered":"<p>This exquisite Pixiu pendant is crafted on natural Type A Jadeite Jade and features an elegant 18k gold clasp, creating a stunning piece of jewelry. Certificate numbers:GD2112H010357 Weighing 6.82 grams, this pendant has a unique measurement of 41.6 * 16.9 * 8.5 mm, making it a standout accessory. With its certificate of authenticity included, you [&hellip;]<\/p>","protected":false},"featured_media":13995,"comment_status":"open","ping_status":"closed","template":"","meta":[],"product_brand":[],"product_cat":[120,83,126],"product_tag":[50,52,69,55,58,73,85,60],"class_list":{"0":"post-13868","1":"product","2":"type-product","3":"status-publish","4":"has-post-thumbnail","6":"product_cat-18k-gold-setting-pendants","7":"product_cat-jade-necklaces-pendants","8":"product_cat-new-arrivals","9":"product_tag-18k-gold","10":"product_tag-certified","11":"product_tag-clasp","12":"product_tag-jadeite","13":"product_tag-new-arrivals","14":"product_tag-pendant","15":"product_tag-pixiu","16":"product_tag-type-a-jadeite","18":"first","19":"instock","20":"sale","21":"shipping-taxable","22":"purchasable","23":"product-type-simple"},"_links":{"self":[{"href":"https:\/\/shop.yipinqian.com\/es\/wp-json\/wp\/v2\/product\/13868","targetHints":{"allow":["GET"]}}],"collection":[{"href":"https:\/\/shop.yipinqian.com\/es\/wp-json\/wp\/v2\/product"}],"about":[{"href":"https:\/\/shop.yipinqian.com\/es\/wp-json\/wp\/v2\/types\/product"}],"replies":[{"embeddable":true,"href":"https:\/\/shop.yipinqian.com\/es\/wp-json\/wp\/v2\/comments?post=13868"}],"version-history":[{"count":0,"href":"https:\/\/shop.yipinqian.com\/es\/wp-json\/wp\/v2\/product\/13868\/revisions"}],"wp:featuredmedia":[{"embeddable":true,"href":"https:\/\/shop.yipinqian.com\/es\/wp-json\/wp\/v2\/media\/13995"}],"wp:attachment":[{"href":"https:\/\/shop.yipinqian.com\/es\/wp-json\/wp\/v2\/media?parent=13868"}],"wp:term":[{"taxonomy":"product_brand","embeddable":true,"href":"https:\/\/shop.yipinqian.com\/es\/wp-json\/wp\/v2\/product_brand?post=13868"},{"taxonomy":"product_cat","embeddable":true,"href":"https:\/\/shop.yipinqian.com\/es\/wp-json\/wp\/v2\/product_cat?post=13868"},{"taxonomy":"product_tag","embeddable":true,"href":"https:\/\/shop.yipinqian.com\/es\/wp-json\/wp\/v2\/product_tag?post=13868"}],"curies":[{"name":"wp","href":"https:\/\/api.w.org\/{rel}","templated":true}]}}