{"id":13859,"date":"2024-11-26T21:06:27","date_gmt":"2024-11-26T13:06:27","guid":{"rendered":"https:\/\/shop.yipinqian.com\/crafted-as-big-dragon-pendant-on-natural-type-a-jadeite-jade-certificate-weighs-72-71-grams-measurement-67-7-41-14-6-mm-pendant360\/"},"modified":"2025-02-24T01:17:24","modified_gmt":"2025-02-23T17:17:24","slug":"crafted-as-big-dragon-pendant-on-natural-type-a-jadeite-jade-certificate-weighs-72-71-grams-measurement-67-7-41-14-6-mm-pendant360","status":"publish","type":"product","link":"https:\/\/shop.yipinqian.com\/es\/producto\/crafted-as-big-dragon-pendant-on-natural-type-a-jadeite-jade-certificate-weighs-72-71-grams-measurement-67-7-41-14-6-mm-pendant360\/","title":{"rendered":"Fabricado como un gran colgante de drag\u00f3n en jade\u00edta natural tipo A, certificado con un peso de 72,71 gramos y unas medidas de 67,7 x 41 x 14,6 mm (colgante 360)"},"content":{"rendered":"<p>Este exquisito colgante de jade presenta un dise\u00f1o de gran drag\u00f3n bellamente elaborado, que muestra la elegancia del jade\u00edta natural tipo A. Con un peso de 72,71 gramos y unas medidas de 67,7 x 41 x 14,6 mm, este colgante es una impresionante pieza de joyer\u00eda.<\/p>\n<p>N\u00fameros de certificado: 920250003676<\/p>\n<p><img fetchpriority=\"high\" decoding=\"async\" src=\"https:\/\/shop.yipinqian.com\/wp-content\/uploads\/2024\/11\/d4684aa24510447aa4cdb8dca4cfd508tplv-aphluv4xwc-origin-jpeg.jpeg?dr=15568&#038;nonce=1192&#038;refresh_token=f86a87bb4602c0085fca75119da4d867&#038;from=476444299&#038;idc=my2&#038;ps=933b5bde&#038;shcp=9b759fb9&#038;shp=1c65f68b&#038;t=555f072d\" width=\"1080\" height=\"1080\"><\/p>\n<ul>\n<li><strong>Caracter\u00edsticas principales:<\/strong><\/li>\n<li>Dise\u00f1o de gran drag\u00f3n<\/li>\n<li>Jade\u00edta natural tipo A<\/li>\n<li>Pesa 72,71 gramos<\/li>\n<li>Medida: 67,7 * 41 * 14,6 mm<\/li>\n<\/ul>\n<p><img decoding=\"async\" src=\"https:\/\/shop.yipinqian.com\/wp-content\/uploads\/2024\/11\/b123de0e866443f09123dd1d814248betplv-aphluv4xwc-origin-jpeg.jpeg?dr=15568&#038;nonce=69661&#038;refresh_token=617b31d79ec364ce13fa569a01a21b49&#038;from=476444299&#038;idc=my2&#038;ps=933b5bde&#038;shcp=9b759fb9&#038;shp=1c65f68b&#038;t=555f072d\" width=\"1080\" height=\"1080\"><\/p>\n<p>Originario de Myanmar, este colgante viene con un certificado que garantiza su autenticidad y calidad, lo que lo hace perfecto para ocasiones auspiciosas.<\/p>\n<ul>\n<li><strong>Atributos del producto:<\/strong><\/li>\n<li>Certificado: S\u00ed<\/li>\n<\/ul>\n<p><\/p>\n<p>Yi Pin Qian \u2013 Comerciante de piedras preciosas y metales preciosos en Singapur \u2013 N\u00famero de licencia PS20190000031<\/p>\n<p><\/p>\n<p>*Todos los jade\u00edtas comprados a Yi Pin Qian en Singapur, los clientes pueden reservar espacios para pulirlos o hacer reparaciones menores por mal manejo; se aplican tarifas y solo para los clientes de Yi Pin Qian en Singapur*<\/p>\n<p><\/p>\n<p><strong>**Tipos de certificados**<\/strong><\/p>\n<p><\/p>\n<p><strong>NGI (Gemolog\u00eda Nan Yang)<\/strong><\/p>\n<p>o <strong>Certificados en el extranjero <\/strong>(Yi Pin Qian solo utiliza certificados aut\u00e9nticos de laboratorios extranjeros y tambi\u00e9n controla la calidad de cada uno de nuestros productos antes de ponerlos a la venta en SG)<\/p>\n<p><\/p>\n<p>Todos los productos de TikTok contar\u00e1n con el tipo de certificado que se indica en la descripci\u00f3n. Para cualquier cliente que desee enviar su pedido a NGI Singapur, habr\u00e1 un tiempo de espera para la entrega del pedido estimado de aproximadamente 4 semanas para recibirlo. <strong>Las solicitudes de informes de NGI Gemstone deben realizarse envi\u00e1ndonos un mensaje.<\/strong> Gracias, <strong><u>Se aplican tarifas adicionales<\/u><\/strong>.<\/p>\n<p><\/p>\n<p><strong>La jade\u00edta natural no es perfecta, solo un peque\u00f1o recordatorio: nuestra jade\u00edta natural, como todas las cosas hermosas de la naturaleza, tiene sus caracter\u00edsticas y variaciones \u00fanicas. Invitamos a nuestros valiosos clientes a adoptar estas variaciones naturales. \u00a1Felices compras!<\/strong><\/p>\n<p><\/p>\n<p><strong><u>Ninguna de las fotograf\u00edas ni los v\u00eddeos han sido filtrados. Animamos a nuestros clientes a que vean tambi\u00e9n los v\u00eddeos adjuntos para tener una visi\u00f3n m\u00e1s completa de nuestros productos.<\/u><\/strong><\/p>\n<p><\/p>\n<ul>\n<li>Las diferentes plataformas solo pueden ver videos a trav\u00e9s de la computadora de escritorio<\/li>\n<\/ul>","protected":false},"excerpt":{"rendered":"<p>Este exquisito colgante de jade presenta un dise\u00f1o de gran drag\u00f3n bellamente elaborado, que muestra la elegancia del jade\u00edta natural tipo A. Con un peso de 72,71 gramos y unas medidas de 67,7 x 41 x 14,6 mm, este colgante es una impresionante pieza de joyer\u00eda. N\u00fameros de certificado: 920250003676 Caracter\u00edsticas principales: Dise\u00f1o de gran drag\u00f3n Jade\u00edta natural tipo A Pesa 72,71 gramos [\u2026]<\/p>","protected":false},"featured_media":13919,"comment_status":"open","ping_status":"closed","template":"","meta":[],"product_brand":[],"product_cat":[195],"product_tag":[52,78,65,58,73,75,60,61,62],"class_list":{"0":"post-13859","1":"product","2":"type-product","3":"status-publish","4":"has-post-thumbnail","6":"product_cat-heirloom-grade","7":"product_tag-certified","8":"product_tag-dragon","9":"product_tag-high-quality","10":"product_tag-new-arrivals","11":"product_tag-pendant","12":"product_tag-traditional","13":"product_tag-type-a-jadeite","14":"product_tag-unisex","15":"product_tag-yi-pin-qian-exclusive","17":"first","18":"instock","19":"sale","20":"shipping-taxable","21":"purchasable","22":"product-type-simple"},"_links":{"self":[{"href":"https:\/\/shop.yipinqian.com\/es\/wp-json\/wp\/v2\/product\/13859","targetHints":{"allow":["GET"]}}],"collection":[{"href":"https:\/\/shop.yipinqian.com\/es\/wp-json\/wp\/v2\/product"}],"about":[{"href":"https:\/\/shop.yipinqian.com\/es\/wp-json\/wp\/v2\/types\/product"}],"replies":[{"embeddable":true,"href":"https:\/\/shop.yipinqian.com\/es\/wp-json\/wp\/v2\/comments?post=13859"}],"version-history":[{"count":0,"href":"https:\/\/shop.yipinqian.com\/es\/wp-json\/wp\/v2\/product\/13859\/revisions"}],"wp:featuredmedia":[{"embeddable":true,"href":"https:\/\/shop.yipinqian.com\/es\/wp-json\/wp\/v2\/media\/13919"}],"wp:attachment":[{"href":"https:\/\/shop.yipinqian.com\/es\/wp-json\/wp\/v2\/media?parent=13859"}],"wp:term":[{"taxonomy":"product_brand","embeddable":true,"href":"https:\/\/shop.yipinqian.com\/es\/wp-json\/wp\/v2\/product_brand?post=13859"},{"taxonomy":"product_cat","embeddable":true,"href":"https:\/\/shop.yipinqian.com\/es\/wp-json\/wp\/v2\/product_cat?post=13859"},{"taxonomy":"product_tag","embeddable":true,"href":"https:\/\/shop.yipinqian.com\/es\/wp-json\/wp\/v2\/product_tag?post=13859"}],"curies":[{"name":"wp","href":"https:\/\/api.w.org\/{rel}","templated":true}]}}