{"id":1378,"date":"2024-10-24T23:18:47","date_gmt":"2024-10-24T15:18:47","guid":{"rendered":"https:\/\/shop.yipinqian.com\/product\/green-floating-patches-rare-old-school-natural-type-a-jadeite-jade-crafted-with-traditional-dragon-as-pendant-certificate-weighs-34-91-grams-measurement-60-6-38-8-8-2-mm-pendant302\/"},"modified":"2025-01-10T06:13:13","modified_gmt":"2025-01-09T22:13:13","slug":"green-floating-patches-rare-old-school-natural-type-a-jadeite-jade-crafted-with-traditional-dragon-as-pendant-certificate-weighs-34-91-grams-measurement-60-6-38-8-8-2-mm-pendant302","status":"publish","type":"product","link":"https:\/\/shop.yipinqian.com\/es\/producto\/green-floating-patches-rare-old-school-natural-type-a-jadeite-jade-crafted-with-traditional-dragon-as-pendant-certificate-weighs-34-91-grams-measurement-60-6-38-8-8-2-mm-pendant302\/","title":{"rendered":"Parches flotantes verdes raros de la vieja escuela, jade\u00edta natural tipo A, jade elaborado con drag\u00f3n tradicional como colgante, certificado, pesa 34,91 gramos, medida 60,6 * 38,8 * 8,2 mm (colgante 302)"},"content":{"rendered":"<p>Este raro collar de jade\u00edta-jade natural tipo A de la vieja escuela con parches flotantes verdes presenta un colgante de drag\u00f3n tradicional, que irradia elegancia y encanto.<\/p>\n<p>N\u00fameros de certificado: 90159010972<\/p>\n<p><img fetchpriority=\"high\" decoding=\"async\" height=\"1080\" width=\"1080\" src=\"https:\/\/shop.yipinqian.com\/wp-content\/uploads\/2024\/10\/f3898ba8ebbe44988696ee7bede576b7tplv-aphluv4xwc-origin-jpeg.jpeg?from=476444299\"><\/p>\n<ul>\n<li>\n<strong>Material:<\/strong> Elaborado con jade\u00edta tipo A de alta calidad.<\/li>\n<li>\n<strong>Peso:<\/strong> Pesa 34,91 gramos<\/li>\n<li>\n<strong>Medidas:<\/strong> El tama\u00f1o del colgante es 60,6 * 38,8 * 8,2 mm (colgante 302)<\/li>\n<\/ul>\n<p><img decoding=\"async\" height=\"1080\" width=\"1080\" src=\"https:\/\/shop.yipinqian.com\/wp-content\/uploads\/2024\/10\/ad48f0a40e6d4cec85c7c1f630dd18b9tplv-aphluv4xwc-origin-jpeg.jpeg?from=476444299\"><\/p>\n<p>El dise\u00f1o intrincado y el color verde vibrante hacen de este collar una pieza destacada adecuada para diversas ocasiones.<\/p>\n<ul>\n<li>\n<strong>Certificado:<\/strong> Viene con un certificado que garantiza su autenticidad. Este collar de jade es perfecto para quienes buscan agregar un toque auspicioso a su estilo, lo que lo convierte en una opci\u00f3n ideal para ropa informal. El drag\u00f3n tradicional simboliza fuerza, poder y buena suerte: una adici\u00f3n significativa a su colecci\u00f3n de joyas.<\/li>\n<\/ul>\n<p>Yi Pin Qian \u2013 Comerciante de piedras preciosas y metales preciosos en Singapur \u2013 N\u00famero de licencia PS20190000031<\/p>\n<p><\/p>\n<p>*Todos los jade\u00edtas comprados a Yi Pin Qian en Singapur, los clientes pueden reservar espacios para pulirlos o hacer reparaciones menores por mal manejo; se aplican tarifas y solo para los clientes de Yi Pin Qian en Singapur*<\/p>\n<p><\/p>\n<p><strong>**Tipos de certificados**<\/strong><\/p>\n<p><\/p>\n<p><strong>NGI (Gemolog\u00eda Nan Yang)<\/strong><\/p>\n<p>o <strong>Certificados en el extranjero <\/strong>(Yi Pin Qian solo utiliza certificados aut\u00e9nticos de laboratorios extranjeros y tambi\u00e9n controla la calidad de cada uno de nuestros productos antes de ponerlos a la venta en SG)<\/p>\n<p><\/p>\n<p>Todos los productos de TikTok contar\u00e1n con el tipo de certificado que se indica en la descripci\u00f3n. Para cualquier cliente que desee enviar su pedido a NGI Singapur, habr\u00e1 un tiempo de espera para la entrega del pedido estimado de aproximadamente 4 semanas para recibirlo. <strong>Las solicitudes de informes de NGI Gemstone deben realizarse envi\u00e1ndonos un mensaje.<\/strong> Gracias, <strong><u>Se aplican tarifas adicionales<\/u><\/strong>.<\/p>\n<p><\/p>\n<p><strong>La jade\u00edta natural no es perfecta, solo un peque\u00f1o recordatorio: nuestra jade\u00edta natural, como todas las cosas hermosas de la naturaleza, tiene sus caracter\u00edsticas y variaciones \u00fanicas. Invitamos a nuestros valiosos clientes a adoptar estas variaciones naturales. \u00a1Felices compras!<\/strong><\/p>\n<p><\/p>\n<p><strong><u>Ninguna de las fotograf\u00edas ni los v\u00eddeos han sido filtrados. Animamos a nuestros clientes a que vean tambi\u00e9n los v\u00eddeos adjuntos para tener una visi\u00f3n m\u00e1s completa de nuestros productos.<\/u><\/strong><\/p>\n<p><\/p>\n<ul>\n<li>Las diferentes plataformas solo pueden ver videos a trav\u00e9s de la computadora de escritorio<\/li>\n<\/ul>","protected":false},"excerpt":{"rendered":"<p>Este raro collar de jade\u00edta-jade natural tipo A de la vieja escuela con parches flotantes verdes presenta un colgante de drag\u00f3n tradicional, que rezuma elegancia y encanto. N\u00fameros de certificado: 90159010972 Material: elaborado con jade\u00edta-jade tipo A de alta calidad Peso: pesa 34,91 gramos Medidas: el tama\u00f1o del colgante es de 60,6 * 38,8 * 8,2 mm (colgante 302) El dise\u00f1o intrincado y el color verde vibrante hacen de este collar una pieza destacada [\u2026]<\/p>","protected":false},"featured_media":3929,"comment_status":"open","ping_status":"closed","template":"","meta":[],"product_brand":[],"product_cat":[83,126,48],"product_tag":[52,78,79,96,65,55,56,58,73,75,60,61,62],"class_list":{"0":"post-1378","1":"product","2":"type-product","3":"status-publish","4":"has-post-thumbnail","6":"product_cat-jade-necklaces-pendants","7":"product_cat-new-arrivals","8":"product_cat-pendants","9":"product_tag-certified","10":"product_tag-dragon","11":"product_tag-green-hue","12":"product_tag-green-patches","13":"product_tag-high-quality","14":"product_tag-jadeite","15":"product_tag-limited-editions","16":"product_tag-new-arrivals","17":"product_tag-pendant","18":"product_tag-traditional","19":"product_tag-type-a-jadeite","20":"product_tag-unisex","21":"product_tag-yi-pin-qian-exclusive","23":"first","24":"instock","25":"sale","26":"shipping-taxable","27":"purchasable","28":"product-type-simple"},"_links":{"self":[{"href":"https:\/\/shop.yipinqian.com\/es\/wp-json\/wp\/v2\/product\/1378","targetHints":{"allow":["GET"]}}],"collection":[{"href":"https:\/\/shop.yipinqian.com\/es\/wp-json\/wp\/v2\/product"}],"about":[{"href":"https:\/\/shop.yipinqian.com\/es\/wp-json\/wp\/v2\/types\/product"}],"replies":[{"embeddable":true,"href":"https:\/\/shop.yipinqian.com\/es\/wp-json\/wp\/v2\/comments?post=1378"}],"version-history":[{"count":0,"href":"https:\/\/shop.yipinqian.com\/es\/wp-json\/wp\/v2\/product\/1378\/revisions"}],"wp:featuredmedia":[{"embeddable":true,"href":"https:\/\/shop.yipinqian.com\/es\/wp-json\/wp\/v2\/media\/3929"}],"wp:attachment":[{"href":"https:\/\/shop.yipinqian.com\/es\/wp-json\/wp\/v2\/media?parent=1378"}],"wp:term":[{"taxonomy":"product_brand","embeddable":true,"href":"https:\/\/shop.yipinqian.com\/es\/wp-json\/wp\/v2\/product_brand?post=1378"},{"taxonomy":"product_cat","embeddable":true,"href":"https:\/\/shop.yipinqian.com\/es\/wp-json\/wp\/v2\/product_cat?post=1378"},{"taxonomy":"product_tag","embeddable":true,"href":"https:\/\/shop.yipinqian.com\/es\/wp-json\/wp\/v2\/product_tag?post=1378"}],"curies":[{"name":"wp","href":"https:\/\/api.w.org\/{rel}","templated":true}]}}