{"id":1377,"date":"2024-10-24T23:18:47","date_gmt":"2024-10-24T15:18:47","guid":{"rendered":"https:\/\/shop.yipinqian.com\/product\/green-and-yellow-natural-type-a-jadeite-pendant-necklace-crafted-with-ruyi-and-beetle-certificate-included-weigh-23-25-grams-52-3-29-9-9-mm-symbols-of-a-steady-flow-of-wealth-protection-from-danger-sa\/"},"modified":"2025-02-24T01:17:31","modified_gmt":"2025-02-23T17:17:31","slug":"green-and-yellow-natural-type-a-jadeite-pendant-necklace-crafted-with-ruyi-and-beetle-certificate-included-weigh-23-25-grams-52-3-29-9-9-mm-symbols-of-a-steady-flow-of-wealth-protection-from-danger-sa","status":"publish","type":"product","link":"https:\/\/shop.yipinqian.com\/es\/producto\/green-and-yellow-natural-type-a-jadeite-pendant-necklace-crafted-with-ruyi-and-beetle-certificate-included-weigh-23-25-grams-52-3-29-9-9-mm-symbols-of-a-steady-flow-of-wealth-protection-from-danger-sa\/","title":{"rendered":"Green and Yellow Natural Type A Jadeite Pendant Necklace Crafted with Ruyi and Beetle, certificate included weigh 23.25 grams, 52.3 * 29 * 9.9 mm, symbols of A steady flow of wealth, protection from danger, safety and health (pendant163)"},"content":{"rendered":"<p>This Green and Yellow Natural Type A Jadeite Pendant Necklace is the perfect accessory for those looking to add a touch of elegance to their outfit. Crafted with <strong>Ruyi and Beetle<\/strong>, this necklace is not only stylish but also symbolizes a steady flow of wealth, protection from danger, safety and health.<\/p>\n<p>\u00a0<\/p>\n<p><strong>Certificate numbers: 920660024521<\/strong><\/p>\n<ul>\n<li>Symbolizes Wealth and Protection<\/li>\n<li>Elegant Necklace Style<\/li>\n<li>Weighs <strong>23.25 grams<\/strong>\n<\/li>\n<li>Measurements<strong> 52.3 *<em> 29 *<\/em> 9.9 mm<\/strong>\n<\/li>\n<li>Certificate Included for Authenticity<\/li>\n<\/ul>\n<p>Made with natural Type A Jadeite from Myanmar, this pendant necklace is the perfect choice for daily wear. The unisex design makes it a great gift option as well.<\/p>\n<ul>\n<li>Pa\u00eds de origen: Myanmar<\/li>\n<li>Tipo de jade: jade\u00edta<\/li>\n<li>OCCASION: Daily Wear<\/li>\n<li>GENDER: Unisex<\/li>\n<li>Certificado incluido: S\u00ed<\/li>\n<\/ul>\n<p>Add this elegant Green and Yellow Natural Type A Jadeite Pendant Necklace to your collection today!<\/p>\n<p>.<\/p>\n<p>Yi Pin Qian \u2013 Comerciante de piedras preciosas y metales preciosos en Singapur \u2013 N\u00famero de licencia PS20190000031<\/p>\n<p>\u00a0<\/p>\n<p>*Todos los jade\u00edtas comprados a Yi Pin Qian en Singapur, los clientes pueden reservar espacios para pulirlos o hacer reparaciones menores por mal manejo; se aplican tarifas y solo para los clientes de Yi Pin Qian en Singapur*<\/p>\n<p>\u00a0<\/p>\n<p><strong>**Tipos de certificados**<\/strong><\/p>\n<p>\u00a0<\/p>\n<p><strong>NGI (Gemolog\u00eda Nan Yang)<\/strong><\/p>\n<p>o <strong>Certificados en el extranjero <\/strong>(Yi Pin Qian solo utiliza certificados aut\u00e9nticos de laboratorios extranjeros y tambi\u00e9n controla la calidad de cada uno de nuestros productos antes de ponerlos a la venta en SG)<\/p>\n<p>\u00a0<\/p>\n<p>Todos los productos de TikTok contar\u00e1n con el tipo de certificado que se indica en la descripci\u00f3n. Para cualquier cliente que desee enviar su pedido a NGI Singapur, habr\u00e1 un tiempo de espera para la entrega del pedido estimado de aproximadamente 4 semanas para recibirlo. <strong>Las solicitudes de informes de NGI Gemstone deben realizarse enviando un mensaje a la tienda TikTok de Yi Pin Qian.<\/strong> Gracias, <strong><u>Se aplican tarifas adicionales<\/u><\/strong>.<\/p>\n<p>\u00a0<\/p>\n<p><strong>La jade\u00edta natural no es perfecta, solo un peque\u00f1o recordatorio: nuestra jade\u00edta natural, como todas las cosas hermosas de la naturaleza, tiene sus caracter\u00edsticas y variaciones \u00fanicas. Invitamos a nuestros valiosos clientes a adoptar estas variaciones naturales. \u00a1Felices compras!<\/strong><\/p>\n<p>\u00a0<\/p>\n<p><strong><u>Ninguna de las fotograf\u00edas ni los v\u00eddeos han sido filtrados. Animamos a nuestros clientes a que vean tambi\u00e9n los v\u00eddeos adjuntos para tener una visi\u00f3n m\u00e1s completa de nuestros productos.<\/u><\/strong><\/p>\n<p>\u00a0<\/p>","protected":false},"excerpt":{"rendered":"<p>This Green and Yellow Natural Type A Jadeite Pendant Necklace is the perfect accessory for those looking to add a touch of elegance to their outfit. Crafted with Ruyi and Beetle, this necklace is not only stylish but also symbolizes a steady flow of wealth, protection from danger, safety and health. \u00a0 Certificate numbers: 920660024521 [&hellip;]<\/p>","protected":false},"featured_media":3917,"comment_status":"open","ping_status":"closed","template":"","meta":[],"product_brand":[],"product_cat":[195],"product_tag":[],"class_list":{"0":"post-1377","1":"product","2":"type-product","3":"status-publish","4":"has-post-thumbnail","6":"product_cat-heirloom-grade","8":"first","9":"instock","10":"sale","11":"shipping-taxable","12":"purchasable","13":"product-type-simple"},"_links":{"self":[{"href":"https:\/\/shop.yipinqian.com\/es\/wp-json\/wp\/v2\/product\/1377","targetHints":{"allow":["GET"]}}],"collection":[{"href":"https:\/\/shop.yipinqian.com\/es\/wp-json\/wp\/v2\/product"}],"about":[{"href":"https:\/\/shop.yipinqian.com\/es\/wp-json\/wp\/v2\/types\/product"}],"replies":[{"embeddable":true,"href":"https:\/\/shop.yipinqian.com\/es\/wp-json\/wp\/v2\/comments?post=1377"}],"version-history":[{"count":0,"href":"https:\/\/shop.yipinqian.com\/es\/wp-json\/wp\/v2\/product\/1377\/revisions"}],"wp:featuredmedia":[{"embeddable":true,"href":"https:\/\/shop.yipinqian.com\/es\/wp-json\/wp\/v2\/media\/3917"}],"wp:attachment":[{"href":"https:\/\/shop.yipinqian.com\/es\/wp-json\/wp\/v2\/media?parent=1377"}],"wp:term":[{"taxonomy":"product_brand","embeddable":true,"href":"https:\/\/shop.yipinqian.com\/es\/wp-json\/wp\/v2\/product_brand?post=1377"},{"taxonomy":"product_cat","embeddable":true,"href":"https:\/\/shop.yipinqian.com\/es\/wp-json\/wp\/v2\/product_cat?post=1377"},{"taxonomy":"product_tag","embeddable":true,"href":"https:\/\/shop.yipinqian.com\/es\/wp-json\/wp\/v2\/product_tag?post=1377"}],"curies":[{"name":"wp","href":"https:\/\/api.w.org\/{rel}","templated":true}]}}