{"id":13732,"date":"2024-11-23T21:21:24","date_gmt":"2024-11-23T13:21:24","guid":{"rendered":"https:\/\/shop.yipinqian.com\/crafted-with-sceneries-pendant-on-light-green-natural-type-a-jadeite-jade-certificate-weighs-63-08-grams-measurement-68-5-41-1-10-7-mm-pendant350\/"},"modified":"2025-02-24T01:17:24","modified_gmt":"2025-02-23T17:17:24","slug":"crafted-with-sceneries-pendant-on-light-green-natural-type-a-jadeite-jade-certificate-weighs-63-08-grams-measurement-68-5-41-1-10-7-mm-pendant350","status":"publish","type":"product","link":"https:\/\/shop.yipinqian.com\/es\/producto\/crafted-with-sceneries-pendant-on-light-green-natural-type-a-jadeite-jade-certificate-weighs-63-08-grams-measurement-68-5-41-1-10-7-mm-pendant350\/","title":{"rendered":"Colgante elaborado con paisajes en jade\u00edta natural tipo A verde claro, certificado, peso 63,08 gramos, medida 68,5 * 41,1 * 10,7 mm (colgante 350)"},"content":{"rendered":"<p>Este colgante presenta un dise\u00f1o impresionante elaborado en jade jade\u00edta natural tipo A de color verde claro.<\/p>\n<p><\/p>\n<p>N\u00fameros de certificado: GD2202H004475<\/p>\n<p><img fetchpriority=\"high\" decoding=\"async\" src=\"https:\/\/shop.yipinqian.com\/wp-content\/uploads\/2024\/11\/3744f84ecca248dd92ba098724706b82tplv-aphluv4xwc-origin-jpeg.jpeg?dr=15568&#038;nonce=32849&#038;refresh_token=7da14566481a0f6ad694ea91781e9560&#038;from=476444299&#038;idc=my2&#038;ps=933b5bde&#038;shcp=9b759fb9&#038;shp=1c65f68b&#038;t=555f072d\" width=\"1080\" height=\"1080\"><\/p>\n<ul>\n<li>Dise\u00f1o \u00fanico: el colgante est\u00e1 elaborado intrincadamente con paisajes, lo que lo convierte en una pieza \u00fanica y llamativa.<\/li>\n<li>Alta calidad: hecho con jade\u00edta natural tipo A, lo que garantiza calidad y autenticidad.<\/li>\n<li>Peso del certificado: Con un peso de 63,08 gramos, el colgante es sustancial pero c\u00f3modo de llevar.<\/li>\n<li>Medida: El colgante mide 68,5 x 41,1 x 10,7 mm, lo que lo convierte en una pieza llamativa que se puede exhibir f\u00e1cilmente.<\/li>\n<\/ul>\n<p><img decoding=\"async\" src=\"https:\/\/shop.yipinqian.com\/wp-content\/uploads\/2024\/11\/fb67056ced0141cb9cd1d4ab5da4f797tplv-aphluv4xwc-origin-jpeg.jpeg?dr=15568&#038;nonce=58158&#038;refresh_token=f306e1a676064ad36d59c0b61f2bc5f6&#038;from=476444299&#038;idc=my2&#038;ps=933b5bde&#038;shcp=9b759fb9&#038;shp=1c65f68b&#038;t=555f072d\" width=\"1080\" height=\"1080\"><\/p>\n<p>Yi Pin Qian \u2013 Comerciante de piedras preciosas y metales preciosos en Singapur \u2013 N\u00famero de licencia PS20190000031<\/p>\n<p><\/p>\n<p>*Todos los jade\u00edtas comprados a Yi Pin Qian en Singapur, los clientes pueden reservar espacios para pulirlos o hacer reparaciones menores por mal manejo; se aplican tarifas y solo para los clientes de Yi Pin Qian en Singapur*<\/p>\n<p><\/p>\n<p><strong>**Tipos de certificados**<\/strong><\/p>\n<p><\/p>\n<p><strong>NGI (Gemolog\u00eda Nan Yang)<\/strong><\/p>\n<p>o <strong>Certificados en el extranjero <\/strong>(Yi Pin Qian solo utiliza certificados aut\u00e9nticos de laboratorios extranjeros y tambi\u00e9n controla la calidad de cada uno de nuestros productos antes de ponerlos a la venta en SG)<\/p>\n<p><\/p>\n<p>Todos los productos de TikTok contar\u00e1n con el tipo de certificado que se indica en la descripci\u00f3n. Para cualquier cliente que desee enviar su pedido a NGI Singapur, habr\u00e1 un tiempo de espera para la entrega del pedido estimado de aproximadamente 4 semanas para recibirlo. <strong>Las solicitudes de informes de NGI Gemstone deben realizarse envi\u00e1ndonos un mensaje.<\/strong> Gracias, <strong><u>Se aplican tarifas adicionales<\/u><\/strong>.<\/p>\n<p><\/p>\n<p><strong>La jade\u00edta natural no es perfecta, solo un peque\u00f1o recordatorio: nuestra jade\u00edta natural, como todas las cosas hermosas de la naturaleza, tiene sus caracter\u00edsticas y variaciones \u00fanicas. Invitamos a nuestros valiosos clientes a adoptar estas variaciones naturales. \u00a1Felices compras!<\/strong><\/p>\n<p><\/p>\n<p><strong><u>Ninguna de las fotograf\u00edas ni los v\u00eddeos han sido filtrados. Animamos a nuestros clientes a que vean tambi\u00e9n los v\u00eddeos adjuntos para tener una visi\u00f3n m\u00e1s completa de nuestros productos.<\/u><\/strong><\/p>\n<p><\/p>\n<ul>\n<li>Las diferentes plataformas solo pueden ver videos a trav\u00e9s de la computadora de escritorio<\/li>\n<\/ul>","protected":false},"excerpt":{"rendered":"<p>This pendant features a stunning design crafted on light green natural Type A jadeite jade. Certificate numbers: GD2202H004475 Unique Design: The pendant is intricately crafted with sceneries, making it a unique and eye-catching piece. High Quality: Made with natural Type A jadeite jade, ensuring quality and authenticity. Certificate Weight: Weighing 63.08 grams, the pendant is [&hellip;]<\/p>","protected":false},"featured_media":13800,"comment_status":"open","ping_status":"closed","template":"","meta":[],"product_brand":[],"product_cat":[195],"product_tag":[65,55,82,58,60,61,62],"class_list":{"0":"post-13732","1":"product","2":"type-product","3":"status-publish","4":"has-post-thumbnail","6":"product_cat-heirloom-grade","7":"product_tag-high-quality","8":"product_tag-jadeite","9":"product_tag-light-green","10":"product_tag-new-arrivals","11":"product_tag-type-a-jadeite","12":"product_tag-unisex","13":"product_tag-yi-pin-qian-exclusive","15":"first","16":"instock","17":"sale","18":"shipping-taxable","19":"purchasable","20":"product-type-simple"},"_links":{"self":[{"href":"https:\/\/shop.yipinqian.com\/es\/wp-json\/wp\/v2\/product\/13732","targetHints":{"allow":["GET"]}}],"collection":[{"href":"https:\/\/shop.yipinqian.com\/es\/wp-json\/wp\/v2\/product"}],"about":[{"href":"https:\/\/shop.yipinqian.com\/es\/wp-json\/wp\/v2\/types\/product"}],"replies":[{"embeddable":true,"href":"https:\/\/shop.yipinqian.com\/es\/wp-json\/wp\/v2\/comments?post=13732"}],"version-history":[{"count":0,"href":"https:\/\/shop.yipinqian.com\/es\/wp-json\/wp\/v2\/product\/13732\/revisions"}],"wp:featuredmedia":[{"embeddable":true,"href":"https:\/\/shop.yipinqian.com\/es\/wp-json\/wp\/v2\/media\/13800"}],"wp:attachment":[{"href":"https:\/\/shop.yipinqian.com\/es\/wp-json\/wp\/v2\/media?parent=13732"}],"wp:term":[{"taxonomy":"product_brand","embeddable":true,"href":"https:\/\/shop.yipinqian.com\/es\/wp-json\/wp\/v2\/product_brand?post=13732"},{"taxonomy":"product_cat","embeddable":true,"href":"https:\/\/shop.yipinqian.com\/es\/wp-json\/wp\/v2\/product_cat?post=13732"},{"taxonomy":"product_tag","embeddable":true,"href":"https:\/\/shop.yipinqian.com\/es\/wp-json\/wp\/v2\/product_tag?post=13732"}],"curies":[{"name":"wp","href":"https:\/\/api.w.org\/{rel}","templated":true}]}}