{"id":1373,"date":"2024-10-24T23:18:45","date_gmt":"2024-10-24T15:18:45","guid":{"rendered":"https:\/\/shop.yipinqian.com\/product\/green-and-brown-two-colours-natural-type-a-jadeite-pendant-carved-as-dragon-with-certificate-weighs-33-15-grams-41-8-26-5-16-5-mm-meaning-power-and-dignity-spirit-of-courage-and-perseverance-prosperit\/"},"modified":"2025-02-17T00:01:36","modified_gmt":"2025-02-16T16:01:36","slug":"green-and-brown-two-colours-natural-type-a-jadeite-pendant-carved-as-dragon-with-certificate-weighs-33-15-grams-41-8-26-5-16-5-mm-meaning-power-and-dignity-spirit-of-courage-and-perseverance-prosperit","status":"publish","type":"product","link":"https:\/\/shop.yipinqian.com\/es\/producto\/green-and-brown-two-colours-natural-type-a-jadeite-pendant-carved-as-dragon-with-certificate-weighs-33-15-grams-41-8-26-5-16-5-mm-meaning-power-and-dignity-spirit-of-courage-and-perseverance-prosperit\/","title":{"rendered":"Green and Brown Two Colours Natural Type A Jadeite Pendant carved as Dragon with certificate weighs 33.15 grams, 41.8 * 26.5 * 16.5 mm, meaning Power and dignity, spirit of courage and perseverance, Prosperity and wealth (pendant88)"},"content":{"rendered":"<p>This Green and Brown Two Colours Natural Type A Jadeite Pendant is expertly carved as a Dragon, symbolizing power and dignity, spirit of courage and perseverance, prosperity and wealth. Made from high-quality jadeite weighing 33.15 grams with dimensions of 41.8 * 26.5 * 16.5 mm, this pendant exudes elegance in its natural beauty.<\/p>\n<ul>\n<li>Powerful Dragon Carving<\/li>\n<li>Jade\u00edta natural tipo A<\/li>\n<li>33.15 Grams Weight<\/li>\n<li>41.8 * 26.5 *16 .5 mm Dimensions<\/li>\n<\/ul>\n<p>This pendant comes with a certificate of authenticity<\/p>\n<ul>\n<li>Certificate of Authenticity Included<\/li>\n<\/ul>\n<p><strong>Certificate numbers: GD2112HD017951<\/strong><\/p>\n<p><img fetchpriority=\"high\" decoding=\"async\" height=\"1080\" src=\"https:\/\/shop.yipinqian.com\/wp-content\/uploads\/2024\/10\/52170aba747fd2e94c4d3a3a4be5ca48.jpg?from=476444299\" width=\"1080\"><img decoding=\"async\" height=\"1080\" src=\"https:\/\/shop.yipinqian.com\/wp-content\/uploads\/2024\/10\/4cc16c7a0adb234c8d33a7bf76918c54.jpg?from=476444299\" width=\"1080\"><\/p>\n<ul>\n<li>Jadeite Origin: Myanmar<\/li>\n<\/ul>\n<p>\u00a0<\/p>\n<p>The perfect accessory for everyday wear for both men and women alike with its casual necklace style makes it versatile to wear on any occasion.<\/p>\n<p>\u00a0<\/p>\n<ul>\n<li>Estilo de collar casual<\/li>\n<li>Suitable For Daily Wear Unisex Design For Men And Women<\/li>\n<\/ul>\n<p>Note: Warranty is not applicable to this product<\/p>\n<p>\u00a0<\/p>\n<p>Yi Pin Qian \u2013 Comerciante de piedras preciosas y metales preciosos en Singapur \u2013 N\u00famero de licencia PS20190000031<\/p>\n<p>\u00a0<\/p>\n<p>*Todos los jade\u00edtas comprados a Yi Pin Qian en Singapur, los clientes pueden reservar espacios para pulirlos o hacer reparaciones menores por mal manejo; se aplican tarifas y solo para los clientes de Yi Pin Qian en Singapur*<\/p>\n<p>\u00a0<\/p>\n<p><strong>**Tipos de certificados**<\/strong><\/p>\n<p>\u00a0<\/p>\n<p><strong>NGI (Gemolog\u00eda Nan Yang)<\/strong><\/p>\n<p>o <strong>Certificados en el extranjero <\/strong>(Yi Pin Qian solo utiliza certificados aut\u00e9nticos de laboratorios extranjeros y tambi\u00e9n controla la calidad de cada uno de nuestros productos antes de ponerlos a la venta en SG)<\/p>\n<p>\u00a0<\/p>\n<p>Todos los productos de TikTok contar\u00e1n con el tipo de certificado que se indica en la descripci\u00f3n. Para cualquier cliente que desee enviar su pedido a NGI Singapur, habr\u00e1 un tiempo de espera para la entrega del pedido estimado de aproximadamente 4 semanas para recibirlo. <strong>Las solicitudes de informes de NGI Gemstone deben realizarse enviando un mensaje a la tienda TikTok de Yi Pin Qian.<\/strong> Gracias, <strong><u>Se aplican tarifas adicionales<\/u><\/strong>.<\/p>\n<p>\u00a0<\/p>\n<p>.<\/p>","protected":false},"excerpt":{"rendered":"<p>This Green and Brown Two Colours Natural Type A Jadeite Pendant is expertly carved as a Dragon, symbolizing power and dignity, spirit of courage and perseverance, prosperity and wealth. Made from high-quality jadeite weighing 33.15 grams with dimensions of 41.8 * 26.5 * 16.5 mm, this pendant exudes elegance in its natural beauty. Powerful Dragon [&hellip;]<\/p>","protected":false},"featured_media":3889,"comment_status":"open","ping_status":"closed","template":"","meta":[],"product_brand":[],"product_cat":[48],"product_tag":[],"class_list":{"0":"post-1373","1":"product","2":"type-product","3":"status-publish","4":"has-post-thumbnail","6":"product_cat-pendants","8":"first","9":"instock","10":"sale","11":"shipping-taxable","12":"purchasable","13":"product-type-simple"},"_links":{"self":[{"href":"https:\/\/shop.yipinqian.com\/es\/wp-json\/wp\/v2\/product\/1373","targetHints":{"allow":["GET"]}}],"collection":[{"href":"https:\/\/shop.yipinqian.com\/es\/wp-json\/wp\/v2\/product"}],"about":[{"href":"https:\/\/shop.yipinqian.com\/es\/wp-json\/wp\/v2\/types\/product"}],"replies":[{"embeddable":true,"href":"https:\/\/shop.yipinqian.com\/es\/wp-json\/wp\/v2\/comments?post=1373"}],"version-history":[{"count":0,"href":"https:\/\/shop.yipinqian.com\/es\/wp-json\/wp\/v2\/product\/1373\/revisions"}],"wp:featuredmedia":[{"embeddable":true,"href":"https:\/\/shop.yipinqian.com\/es\/wp-json\/wp\/v2\/media\/3889"}],"wp:attachment":[{"href":"https:\/\/shop.yipinqian.com\/es\/wp-json\/wp\/v2\/media?parent=1373"}],"wp:term":[{"taxonomy":"product_brand","embeddable":true,"href":"https:\/\/shop.yipinqian.com\/es\/wp-json\/wp\/v2\/product_brand?post=1373"},{"taxonomy":"product_cat","embeddable":true,"href":"https:\/\/shop.yipinqian.com\/es\/wp-json\/wp\/v2\/product_cat?post=1373"},{"taxonomy":"product_tag","embeddable":true,"href":"https:\/\/shop.yipinqian.com\/es\/wp-json\/wp\/v2\/product_tag?post=1373"}],"curies":[{"name":"wp","href":"https:\/\/api.w.org\/{rel}","templated":true}]}}