{"id":13729,"date":"2024-11-23T21:21:19","date_gmt":"2024-11-23T13:21:19","guid":{"rendered":"https:\/\/shop.yipinqian.com\/crafted-as-lion-pendant-on-natural-type-a-jadeite-jade-with-qic-approved-labs-certificate-weighs-14-65-grams-measurement-28-1-14-8-15-mm-pendant348\/"},"modified":"2025-01-09T01:13:19","modified_gmt":"2025-01-08T17:13:19","slug":"crafted-as-lion-pendant-on-natural-type-a-jadeite-jade-with-qic-approved-labs-certificate-weighs-14-65-grams-measurement-28-1-14-8-15-mm-pendant348","status":"publish","type":"product","link":"https:\/\/shop.yipinqian.com\/es\/producto\/crafted-as-lion-pendant-on-natural-type-a-jadeite-jade-with-qic-approved-labs-certificate-weighs-14-65-grams-measurement-28-1-14-8-15-mm-pendant348\/","title":{"rendered":"Fabricado como colgante de le\u00f3n en jade\u00edta natural tipo A con certificado de laboratorio aprobado por QIC, pesa 14,65 gramos, medida 28,1 * 14,8 * 15 mm (colgante 348)"},"content":{"rendered":"<p>Este colgante de le\u00f3n elaborado en jade jade\u00edta natural tipo A es una impresionante pieza de joyer\u00eda que irradia elegancia y sofisticaci\u00f3n.<\/p>\n<p><\/p>\n<p>N\u00fameros de certificado: 5924022002372<\/p>\n<p><img fetchpriority=\"high\" decoding=\"async\" src=\"https:\/\/shop.yipinqian.com\/wp-content\/uploads\/2024\/11\/0049608f2a08437ea773b6ea7075d811tplv-aphluv4xwc-origin-jpeg.jpeg?dr=15568&#038;nonce=93261&#038;refresh_token=2913d76f6e0afa0f042a93dbc76f57ac&#038;from=476444299&#038;idc=my2&#038;ps=933b5bde&#038;shcp=9b759fb9&#038;shp=1c65f68b&#038;t=555f072d\" width=\"1200\" height=\"1600\"><\/p>\n<ul>\n<li>\n<strong>Peso y medidas:<\/strong> Con un peso de 14,65 gramos, este colgante tiene unas dimensiones de 28,1 * 14,8 * 15 mm, lo que lo convierte en un accesorio sustancial pero llevable.<\/li>\n<li>\n<strong>Calidad asegurada:<\/strong> Este exquisito colgante viene con un certificado de laboratorios aprobados por QIC, lo que garantiza su autenticidad y calidad.<\/li>\n<li>\n<strong>Origen del jade:<\/strong> Originaria de Myanmar, esta pieza muestra la belleza de la artesan\u00eda del jade birmano.<\/li>\n<\/ul>\n<p><img decoding=\"async\" src=\"https:\/\/shop.yipinqian.com\/wp-content\/uploads\/2024\/11\/5385a407987346fabf9e138d0c816ce3tplv-aphluv4xwc-origin-jpeg.jpeg?dr=15568&#038;nonce=97594&#038;refresh_token=1b7e27ecd29416213beb56f8a199182e&#038;from=476444299&#038;idc=my2&#038;ps=933b5bde&#038;shcp=9b759fb9&#038;shp=1c65f68b&#038;t=555f072d\" width=\"1536\" height=\"2048\"><\/p>\n<p>Este colgante de le\u00f3n en jade\u00edta natural tipo A es ideal para usar a diario y est\u00e1 dise\u00f1ado para complementar cualquier atuendo sin esfuerzo. Su dise\u00f1o unisex lo convierte en un accesorio vers\u00e1til para cualquiera que busque agregar un toque de sofisticaci\u00f3n a su conjunto sin comprometer el estilo.<\/p>\n<ul>\n<li>\n<strong>Tipo de jade:<\/strong> Fabricado con jade\u00edta de alta calidad, conocida por sus impresionantes colores y durabilidad.<\/li>\n<li><strong>Estilo del collar:<\/strong><\/li>\n<\/ul>\n<p><strong>La jade\u00edta natural no es perfecta, solo un peque\u00f1o recordatorio: nuestra jade\u00edta natural, como todas las cosas hermosas de la naturaleza, tiene sus caracter\u00edsticas y variaciones \u00fanicas. Invitamos a nuestros valiosos clientes a adoptar estas variaciones naturales. \u00a1Felices compras!<\/strong><\/p>\n<p><\/p>\n<p><strong><u>Ninguna de las fotograf\u00edas ni los v\u00eddeos han sido filtrados. Animamos a nuestros clientes a que vean tambi\u00e9n los v\u00eddeos adjuntos para tener una visi\u00f3n m\u00e1s completa de nuestros productos.<\/u><\/strong><\/p>\n<p><\/p>\n<ul>\n<li>Las diferentes plataformas solo pueden ver videos a trav\u00e9s de la computadora de escritorio<\/li>\n<\/ul>","protected":false},"excerpt":{"rendered":"<p>This Lion Pendant crafted on Natural Type A Jadeite Jade is a stunning piece of jewelry that exudes elegance and sophistication. Certificate numbers: 5924022002372 Weight and Measurement: Weighing 14.65 grams, this pendant has dimensions of 28.1 * 14.8 * 15 mm, making it a substantial yet wearable accessory. Quality Assured: This exquisite pendant comes with [&hellip;]<\/p>","protected":false},"featured_media":13774,"comment_status":"open","ping_status":"closed","template":"","meta":[],"product_brand":[],"product_cat":[83,126,48],"product_tag":[139,52,55,175,58,73,74,60,61],"class_list":{"0":"post-13729","1":"product","2":"type-product","3":"status-publish","4":"has-post-thumbnail","6":"product_cat-jade-necklaces-pendants","7":"product_cat-new-arrivals","8":"product_cat-pendants","9":"product_tag-brown","10":"product_tag-certified","11":"product_tag-jadeite","12":"product_tag-lion","13":"product_tag-new-arrivals","14":"product_tag-pendant","15":"product_tag-qic-approved-certificate","16":"product_tag-type-a-jadeite","17":"product_tag-unisex","19":"first","20":"instock","21":"sale","22":"shipping-taxable","23":"purchasable","24":"product-type-simple"},"_links":{"self":[{"href":"https:\/\/shop.yipinqian.com\/es\/wp-json\/wp\/v2\/product\/13729","targetHints":{"allow":["GET"]}}],"collection":[{"href":"https:\/\/shop.yipinqian.com\/es\/wp-json\/wp\/v2\/product"}],"about":[{"href":"https:\/\/shop.yipinqian.com\/es\/wp-json\/wp\/v2\/types\/product"}],"replies":[{"embeddable":true,"href":"https:\/\/shop.yipinqian.com\/es\/wp-json\/wp\/v2\/comments?post=13729"}],"version-history":[{"count":0,"href":"https:\/\/shop.yipinqian.com\/es\/wp-json\/wp\/v2\/product\/13729\/revisions"}],"wp:featuredmedia":[{"embeddable":true,"href":"https:\/\/shop.yipinqian.com\/es\/wp-json\/wp\/v2\/media\/13774"}],"wp:attachment":[{"href":"https:\/\/shop.yipinqian.com\/es\/wp-json\/wp\/v2\/media?parent=13729"}],"wp:term":[{"taxonomy":"product_brand","embeddable":true,"href":"https:\/\/shop.yipinqian.com\/es\/wp-json\/wp\/v2\/product_brand?post=13729"},{"taxonomy":"product_cat","embeddable":true,"href":"https:\/\/shop.yipinqian.com\/es\/wp-json\/wp\/v2\/product_cat?post=13729"},{"taxonomy":"product_tag","embeddable":true,"href":"https:\/\/shop.yipinqian.com\/es\/wp-json\/wp\/v2\/product_tag?post=13729"}],"curies":[{"name":"wp","href":"https:\/\/api.w.org\/{rel}","templated":true}]}}