{"id":13727,"date":"2024-11-23T21:21:16","date_gmt":"2024-11-23T13:21:16","guid":{"rendered":"https:\/\/shop.yipinqian.com\/crafted-as-bean-pendant-on-natural-type-a-jadeite-jade-certificate-weighs-8-99-grams-measurement-45-3-17-5-6-7-mm-pendant347-5\/"},"modified":"2025-02-24T01:17:24","modified_gmt":"2025-02-23T17:17:24","slug":"crafted-as-bean-pendant-on-natural-type-a-jadeite-jade-certificate-weighs-8-99-grams-measurement-45-3-17-5-6-7-mm-pendant347-5","status":"publish","type":"product","link":"https:\/\/shop.yipinqian.com\/es\/producto\/crafted-as-bean-pendant-on-natural-type-a-jadeite-jade-certificate-weighs-8-99-grams-measurement-45-3-17-5-6-7-mm-pendant347-5\/","title":{"rendered":"Fabricado como colgante de frijol en jade\u00edta natural tipo A, certificado, pesa 8,99 gramos, medida 45,3 * 17,5 * 6,7 mm (colgante 347 - #5)"},"content":{"rendered":"<p>This Bean Pendant is crafted from Natural Type A Jadeite Jade, originating from Myanmar. It comes with a certificate guaranteeing its authenticity, weighing 8.99 grams and measuring 45.3 * 17.5 * 6.7 mm.<\/p>\n<p><\/p>\n<p>Certificate numbers: GD2204H002691<\/p>\n<p><img fetchpriority=\"high\" decoding=\"async\" src=\"https:\/\/shop.yipinqian.com\/wp-content\/uploads\/2024\/11\/d049daef1a264e8d9bdc9e6d40a75f41tplv-aphluv4xwc-origin-jpeg.jpeg?dr=15568&#038;nonce=94343&#038;refresh_token=417a9cc9a9d035da364a5d33b208f8b8&#038;from=476444299&#038;idc=my2&#038;ps=933b5bde&#038;shcp=9b759fb9&#038;shp=1c65f68b&#038;t=555f072d\" width=\"1536\" height=\"2048\"><\/p>\n<ul>\n<li>\n<strong>Material:<\/strong> Jade\u00edta natural tipo A<\/li>\n<li>\n<strong>Peso:<\/strong> 8.99 grams<\/li>\n<li>\n<strong>Medici\u00f3n:<\/strong> 45.3 * 17.5 * 6.7 mm<\/li>\n<li>\n<strong>Certificado:<\/strong> S\u00ed<\/li>\n<li>\n<strong>Tipo de jade:<\/strong> Jade\u00edta<\/li>\n<\/ul>\n<p><img decoding=\"async\" src=\"https:\/\/shop.yipinqian.com\/wp-content\/uploads\/2024\/11\/3697845ec7d7420c8c26b594c6499625tplv-aphluv4xwc-origin-jpeg.jpeg?dr=15568&#038;nonce=12985&#038;refresh_token=42d226b92c340b56c2a3f89ca44714c3&#038;from=476444299&#038;idc=my2&#038;ps=933b5bde&#038;shcp=9b759fb9&#038;shp=1c65f68b&#038;t=555f072d\" width=\"1536\" height=\"2048\"><\/p>\n<p>This Unisex pendant is perfect for daily wear, featuring a casual necklace style that adds a touch of elegance to any outfit.<\/p>\n<ul>\n<li>\n<strong>Ocasi\u00f3n: <\/strong>A diario<\/li>\n<\/ul>\n<p>Yi Pin Qian \u2013 Comerciante de piedras preciosas y metales preciosos en Singapur \u2013 N\u00famero de licencia PS20190000031<\/p>\n<p><\/p>\n<p>*Todos los jade\u00edtas comprados a Yi Pin Qian en Singapur, los clientes pueden reservar espacios para pulirlos o hacer reparaciones menores por mal manejo; se aplican tarifas y solo para los clientes de Yi Pin Qian en Singapur*<\/p>\n<p><\/p>\n<p><strong>**Tipos de certificados**<\/strong><\/p>\n<p><\/p>\n<p><strong>NGI (Gemolog\u00eda Nan Yang)<\/strong><\/p>\n<p>o <strong>Certificados en el extranjero <\/strong>(Yi Pin Qian solo utiliza certificados aut\u00e9nticos de laboratorios extranjeros y tambi\u00e9n controla la calidad de cada uno de nuestros productos antes de ponerlos a la venta en SG)<\/p>\n<p><\/p>\n<p>Todos los productos de TikTok contar\u00e1n con el tipo de certificado que se indica en la descripci\u00f3n. Para cualquier cliente que desee enviar su pedido a NGI Singapur, habr\u00e1 un tiempo de espera para la entrega del pedido estimado de aproximadamente 4 semanas para recibirlo. <strong>Las solicitudes de informes de NGI Gemstone deben realizarse envi\u00e1ndonos un mensaje.<\/strong> Gracias, <strong><u>Se aplican tarifas adicionales<\/u><\/strong>.<\/p>\n<p><\/p>\n<p><strong>La jade\u00edta natural no es perfecta, solo un peque\u00f1o recordatorio: nuestra jade\u00edta natural, como todas las cosas hermosas de la naturaleza, tiene sus caracter\u00edsticas y variaciones \u00fanicas. Invitamos a nuestros valiosos clientes a adoptar estas variaciones naturales. \u00a1Felices compras!<\/strong><\/p>\n<p><\/p>\n<p><strong><u>Ninguna de las fotograf\u00edas ni los v\u00eddeos han sido filtrados. Animamos a nuestros clientes a que vean tambi\u00e9n los v\u00eddeos adjuntos para tener una visi\u00f3n m\u00e1s completa de nuestros productos.<\/u><\/strong><\/p>\n<p><\/p>\n<ul>\n<li>Las diferentes plataformas solo pueden ver videos a trav\u00e9s de la computadora de escritorio<\/li>\n<\/ul>\n<p><\/p>\n<p>.<\/p>","protected":false},"excerpt":{"rendered":"<p>Este colgante de frijol est\u00e1 elaborado con jade\u00edta natural tipo A, originario de Myanmar. Viene con un certificado que garantiza su autenticidad, pesa 8,99 gramos y mide 45,3 * 17,5 * 6,7 mm. N\u00fameros de certificado: GD2204H002691 Material: jade\u00edta natural tipo A Peso: 8,99 gramos Medida: 45,3 * 17,5 * 6,7 mm Certificado: S\u00ed Colgante de jade [\u2026]<\/p>","protected":false},"featured_media":13761,"comment_status":"open","ping_status":"closed","template":"","meta":[],"product_brand":[],"product_cat":[195],"product_tag":[52,53,112,55,56,58,73,75,59,60,61,62],"class_list":{"0":"post-13727","1":"product","2":"type-product","3":"status-publish","4":"has-post-thumbnail","6":"product_cat-heirloom-grade","7":"product_tag-certified","8":"product_tag-fine-quality","9":"product_tag-french-bean","10":"product_tag-jadeite","11":"product_tag-limited-editions","12":"product_tag-new-arrivals","13":"product_tag-pendant","14":"product_tag-traditional","15":"product_tag-translucent","16":"product_tag-type-a-jadeite","17":"product_tag-unisex","18":"product_tag-yi-pin-qian-exclusive","20":"first","21":"instock","22":"sale","23":"shipping-taxable","24":"purchasable","25":"product-type-simple"},"_links":{"self":[{"href":"https:\/\/shop.yipinqian.com\/es\/wp-json\/wp\/v2\/product\/13727","targetHints":{"allow":["GET"]}}],"collection":[{"href":"https:\/\/shop.yipinqian.com\/es\/wp-json\/wp\/v2\/product"}],"about":[{"href":"https:\/\/shop.yipinqian.com\/es\/wp-json\/wp\/v2\/types\/product"}],"replies":[{"embeddable":true,"href":"https:\/\/shop.yipinqian.com\/es\/wp-json\/wp\/v2\/comments?post=13727"}],"version-history":[{"count":0,"href":"https:\/\/shop.yipinqian.com\/es\/wp-json\/wp\/v2\/product\/13727\/revisions"}],"wp:featuredmedia":[{"embeddable":true,"href":"https:\/\/shop.yipinqian.com\/es\/wp-json\/wp\/v2\/media\/13761"}],"wp:attachment":[{"href":"https:\/\/shop.yipinqian.com\/es\/wp-json\/wp\/v2\/media?parent=13727"}],"wp:term":[{"taxonomy":"product_brand","embeddable":true,"href":"https:\/\/shop.yipinqian.com\/es\/wp-json\/wp\/v2\/product_brand?post=13727"},{"taxonomy":"product_cat","embeddable":true,"href":"https:\/\/shop.yipinqian.com\/es\/wp-json\/wp\/v2\/product_cat?post=13727"},{"taxonomy":"product_tag","embeddable":true,"href":"https:\/\/shop.yipinqian.com\/es\/wp-json\/wp\/v2\/product_tag?post=13727"}],"curies":[{"name":"wp","href":"https:\/\/api.w.org\/{rel}","templated":true}]}}