{"id":1370,"date":"2024-10-24T23:18:44","date_gmt":"2024-10-24T15:18:44","guid":{"rendered":"https:\/\/shop.yipinqian.com\/product\/good-translucent-icy-natural-type-a-jadeite-jade-crafted-with-shape-of-cylindrical-set-with-18k-gold-clasp-as-pendant-certificate-weighs-6-96-grams-measurement-43-8-8-1-7-1-mm-18kp64\/"},"modified":"2025-02-24T00:49:56","modified_gmt":"2025-02-23T16:49:56","slug":"good-translucent-icy-natural-type-a-jadeite-jade-crafted-with-shape-of-cylindrical-set-with-18k-gold-clasp-as-pendant-certificate-weighs-6-96-grams-measurement-43-8-8-1-7-1-mm-18kp64","status":"publish","type":"product","link":"https:\/\/shop.yipinqian.com\/es\/producto\/good-translucent-icy-natural-type-a-jadeite-jade-crafted-with-shape-of-cylindrical-set-with-18k-gold-clasp-as-pendant-certificate-weighs-6-96-grams-measurement-43-8-8-1-7-1-mm-18kp64\/","title":{"rendered":"Jade\u00edta-Jade Natural Tipo A Transl\u00facido Helado de Buena Calidad elaborado con forma de Cil\u00edndrico engastado con broche de oro de 18k como Colgante, certificado pesa 6,96 gramos, medida 43,8 * 8,1 * 7,1 mm (18kp64)"},"content":{"rendered":"<p>Este exquisito colgante presenta una jade\u00edta natural tipo A transl\u00facida elaborada en forma cil\u00edndrica y engastada con un elegante broche de oro de 18 k.<\/p>\n<p><\/p>\n<p>N\u00fameros de certificado: GD2112H009375<\/p>\n<p>Diamantes: 3 * 0,003 quilates<\/p>\n<p>Oro de 18k. Peso: 0,55 gramos. <\/p>\n<p><img fetchpriority=\"high\" decoding=\"async\" src=\"https:\/\/shop.yipinqian.com\/wp-content\/uploads\/2024\/10\/e74052176ee84cea982835b9610904e7tplv-aphluv4xwc-origin-jpeg.jpeg?from=476444299\" width=\"1080\" height=\"1080\"><\/p>\n<ul>\n<li>\n<strong>Material:<\/strong> El colgante est\u00e1 hecho de jade\u00edta tipo A y oro de 18 quilates, y rezuma lujo y sofisticaci\u00f3n.<\/li>\n<li>\n<strong>Peso y medidas:<\/strong> Con un peso de 6,96 gramos, el colgante mide 43,8 * 8,1 * 7,1 mm.<\/li>\n<li>\n<strong>Certificado:<\/strong> Esta impresionante pieza viene con un certificado de autenticidad y garant\u00eda de calidad.<\/li>\n<\/ul>\n<p>Este colgante \u00fanico es perfecto para usar a diario y le agrega un toque de elegancia a cualquier atuendo. El dise\u00f1o unisex lo hace adecuado para todos los g\u00e9neros, mientras que el estilo informal del collar garantiza versatilidad en las opciones de estilo.<\/p>\n<ul>\n<li>\n<strong>Material secundario:<\/strong> Los diamantes a\u00f1aden un brillo extra a esta pieza de joyer\u00eda ya radiante.<\/li>\n<li>\n<strong>Hecho en Myanmar,<\/strong>Este collar lleva consigo la rica herencia y artesan\u00eda de su pa\u00eds de origen.<\/li>\n<\/ul>\n<p><\/p>\n<ul>\n<li>Este impresionante collar de jade ofrece una belleza atemporal que ser\u00e1 apreciada durante muchos a\u00f1os.<\/li>\n<\/ul>\n<p>Yi Pin Qian \u2013 Comerciante de piedras preciosas y metales preciosos en Singapur \u2013 N\u00famero de licencia PS20190000031<\/p>\n<p><\/p>\n<p>*Todos los jade\u00edtas comprados a Yi Pin Qian en Singapur, los clientes pueden reservar espacios para pulirlos o hacer reparaciones menores por mal manejo; se aplican tarifas y solo para los clientes de Yi Pin Qian en Singapur*<\/p>\n<p><\/p>\n<p><strong>**Tipos de certificados**<\/strong><\/p>\n<p><\/p>\n<p><strong>NGI (Gemolog\u00eda Nan Yang)<\/strong><\/p>\n<p>o <strong>Certificados en el extranjero <\/strong>(Yi Pin Qian solo utiliza certificados aut\u00e9nticos de laboratorios extranjeros y tambi\u00e9n controla la calidad de cada uno de nuestros productos antes de ponerlos a la venta en SG)<\/p>\n<p><\/p>\n<p>Todos los productos de TikTok contar\u00e1n con el tipo de certificado que se indica en la descripci\u00f3n. Para cualquier cliente que desee enviar su pedido a NGI Singapur, habr\u00e1 un tiempo de espera para la entrega del pedido estimado de aproximadamente 4 semanas para recibirlo. <strong>Las solicitudes de informes de NGI Gemstone deben realizarse envi\u00e1ndonos un mensaje.<\/strong> Gracias, <strong><u>Se aplican tarifas adicionales<\/u><\/strong>.<\/p>\n<p><\/p>\n<p><strong>La jade\u00edta natural no es perfecta, solo un peque\u00f1o recordatorio: nuestra jade\u00edta natural, como todas las cosas hermosas de la naturaleza, tiene sus caracter\u00edsticas y variaciones \u00fanicas. Invitamos a nuestros valiosos clientes a adoptar estas variaciones naturales. \u00a1Felices compras!<\/strong><\/p>\n<p><\/p>\n<p><strong><u>Ninguna de las fotograf\u00edas ni los v\u00eddeos han sido filtrados. Animamos a nuestros clientes a que vean tambi\u00e9n los v\u00eddeos adjuntos para tener una visi\u00f3n m\u00e1s completa de nuestros productos.<\/u><\/strong><\/p>\n<p><\/p>\n<ul>\n<li>Las diferentes plataformas solo pueden ver videos a trav\u00e9s de la computadora de escritorio<\/li>\n<\/ul>","protected":false},"excerpt":{"rendered":"<p>This exquisite pendant features a Good Translucent Icy Natural Type-A Jadeite-Jade crafted in a cylindrical shape, set with an elegant 18k gold clasp. Certificate numbers: GD2112H009375 Diamonds: 3 * 0.003 carats 18k Gold weigh: 0.55 grams Material: The pendant is made of Type-A Jadeite-Jade and 18k gold, exuding luxury and sophistication. Weight &amp; Measurement: Weighing [&hellip;]<\/p>","protected":false},"featured_media":3847,"comment_status":"open","ping_status":"closed","template":"","meta":[],"product_brand":[],"product_cat":[194],"product_tag":[50,52,88,65,54,55,56,98,58,73,59,60,61,62],"class_list":{"0":"post-1370","1":"product","2":"type-product","3":"status-publish","4":"has-post-thumbnail","6":"product_cat-value-picks","7":"product_tag-18k-gold","8":"product_tag-certified","9":"product_tag-diamonds","10":"product_tag-high-quality","11":"product_tag-icy","12":"product_tag-jadeite","13":"product_tag-limited-editions","14":"product_tag-necklace","15":"product_tag-new-arrivals","16":"product_tag-pendant","17":"product_tag-translucent","18":"product_tag-type-a-jadeite","19":"product_tag-unisex","20":"product_tag-yi-pin-qian-exclusive","22":"first","23":"instock","24":"sale","25":"shipping-taxable","26":"purchasable","27":"product-type-simple"},"_links":{"self":[{"href":"https:\/\/shop.yipinqian.com\/es\/wp-json\/wp\/v2\/product\/1370","targetHints":{"allow":["GET"]}}],"collection":[{"href":"https:\/\/shop.yipinqian.com\/es\/wp-json\/wp\/v2\/product"}],"about":[{"href":"https:\/\/shop.yipinqian.com\/es\/wp-json\/wp\/v2\/types\/product"}],"replies":[{"embeddable":true,"href":"https:\/\/shop.yipinqian.com\/es\/wp-json\/wp\/v2\/comments?post=1370"}],"version-history":[{"count":0,"href":"https:\/\/shop.yipinqian.com\/es\/wp-json\/wp\/v2\/product\/1370\/revisions"}],"wp:featuredmedia":[{"embeddable":true,"href":"https:\/\/shop.yipinqian.com\/es\/wp-json\/wp\/v2\/media\/3847"}],"wp:attachment":[{"href":"https:\/\/shop.yipinqian.com\/es\/wp-json\/wp\/v2\/media?parent=1370"}],"wp:term":[{"taxonomy":"product_brand","embeddable":true,"href":"https:\/\/shop.yipinqian.com\/es\/wp-json\/wp\/v2\/product_brand?post=1370"},{"taxonomy":"product_cat","embeddable":true,"href":"https:\/\/shop.yipinqian.com\/es\/wp-json\/wp\/v2\/product_cat?post=1370"},{"taxonomy":"product_tag","embeddable":true,"href":"https:\/\/shop.yipinqian.com\/es\/wp-json\/wp\/v2\/product_tag?post=1370"}],"curies":[{"name":"wp","href":"https:\/\/api.w.org\/{rel}","templated":true}]}}