{"id":1367,"date":"2024-10-24T23:18:43","date_gmt":"2024-10-24T15:18:43","guid":{"rendered":"https:\/\/shop.yipinqian.com\/product\/good-quality-spicy-green-natural-type-a-jadeite-jade-crafted-with-shape-of-gourd-set-on-s925-as-adjustable-ring-certificate-weighs-2-52-grams-measurement-12-2-8-8-3-2-mm-s925ring14\/"},"modified":"2025-02-24T00:49:56","modified_gmt":"2025-02-23T16:49:56","slug":"good-quality-spicy-green-natural-type-a-jadeite-jade-crafted-with-shape-of-gourd-set-on-s925-as-adjustable-ring-certificate-weighs-2-52-grams-measurement-12-2-8-8-3-2-mm-s925ring14","status":"publish","type":"product","link":"https:\/\/shop.yipinqian.com\/es\/producto\/good-quality-spicy-green-natural-type-a-jadeite-jade-crafted-with-shape-of-gourd-set-on-s925-as-adjustable-ring-certificate-weighs-2-52-grams-measurement-12-2-8-8-3-2-mm-s925ring14\/","title":{"rendered":"Anillo de jade\u00edta natural tipo A de color verde picante de buena calidad elaborado con forma de calabaza engastado en S925 como anillo ajustable, certificado que pesa 2,52 gramos, medida 12,2 * 8,8 * 3,2 mm (s925ring14)"},"content":{"rendered":"<p>Este exquisito anillo de jade jade\u00edta presenta un dise\u00f1o \u00fanico en forma de calabaza, elaborado con jade\u00edta natural tipo A verde picante de buena calidad.<\/p>\n<p>\u00a0<\/p>\n<p>N\u00fameros de certificado: GD2203H005246<\/p>\n<p><img fetchpriority=\"high\" decoding=\"async\" height=\"1080\" src=\"https:\/\/shop.yipinqian.com\/wp-content\/uploads\/2024\/10\/fb3d45ea2e27d121e8b18f0b2e90f45f.jpg?from=476444299\" width=\"1080\"><\/p>\n<ul>\n<li>Elaborado con jade\u00edta tipo A: elaborado con jade\u00edta tipo A natural verde picante de alta calidad para una apariencia deslumbrante.<\/li>\n<li>Anillo S925 ajustable: Montado en un anillo S925 ajustable para un ajuste c\u00f3modo y perfecto.<\/li>\n<li>Dise\u00f1o exquisito: La forma de calabaza agrega un toque elegante y \u00fanico a la pieza.<\/li>\n<\/ul>\n<p>Con un peso de 2,52 gramos y unas medidas de 12,2 * 8,8 * 3,2 mm, este anillo es el accesorio perfecto para el uso diario, a\u00f1adiendo un toque de sofisticaci\u00f3n a cualquier atuendo.<\/p>\n<ul>\n<li>Certificado incluido: viene con un certificado para garantizar la autenticidad de la piedra de jade utilizada en este anillo.<\/li>\n<li>Fabricado en Myanmar: Originario de Myanmar, conocido por su producci\u00f3n de jade de alta calidad.<\/li>\n<\/ul>\n<p><strong>La jade\u00edta natural no es perfecta, solo un peque\u00f1o recordatorio: nuestra jade\u00edta natural, como todas las cosas hermosas de la naturaleza, tiene sus caracter\u00edsticas y variaciones \u00fanicas. Invitamos a nuestros valiosos clientes a adoptar estas variaciones naturales. \u00a1Felices compras!<\/strong><\/p>\n<p>\u00a0<\/p>\n<p><strong><u>Ninguna de las fotograf\u00edas ni los v\u00eddeos han sido filtrados. Animamos a nuestros clientes a que vean tambi\u00e9n los v\u00eddeos adjuntos para tener una visi\u00f3n m\u00e1s completa de nuestros productos.<\/u><\/strong><\/p>\n<p>\u00a0<\/p>\n<ul>\n<li>Las diferentes plataformas solo pueden ver videos a trav\u00e9s de la computadora de escritorio<\/li>\n<\/ul>","protected":false},"excerpt":{"rendered":"<p>Este exquisito anillo de jade\u00edta presenta un dise\u00f1o \u00fanico en forma de calabaza, elaborado con jade\u00edta natural tipo A de color verde picante de buena calidad. N\u00fameros de certificado: GD2203H005246 Elaborado con jade\u00edta tipo A: elaborado con jade\u00edta natural tipo A de color verde picante de alta calidad para una apariencia deslumbrante. Anillo S925 ajustable: montado en un anillo S925 ajustable para un ajuste c\u00f3modo [\u2026]<\/p>","protected":false},"featured_media":3805,"comment_status":"open","ping_status":"closed","template":"","meta":[],"product_brand":[],"product_cat":[194],"product_tag":[],"class_list":{"0":"post-1367","1":"product","2":"type-product","3":"status-publish","4":"has-post-thumbnail","6":"product_cat-value-picks","8":"first","9":"instock","10":"sale","11":"shipping-taxable","12":"purchasable","13":"product-type-simple"},"_links":{"self":[{"href":"https:\/\/shop.yipinqian.com\/es\/wp-json\/wp\/v2\/product\/1367","targetHints":{"allow":["GET"]}}],"collection":[{"href":"https:\/\/shop.yipinqian.com\/es\/wp-json\/wp\/v2\/product"}],"about":[{"href":"https:\/\/shop.yipinqian.com\/es\/wp-json\/wp\/v2\/types\/product"}],"replies":[{"embeddable":true,"href":"https:\/\/shop.yipinqian.com\/es\/wp-json\/wp\/v2\/comments?post=1367"}],"version-history":[{"count":0,"href":"https:\/\/shop.yipinqian.com\/es\/wp-json\/wp\/v2\/product\/1367\/revisions"}],"wp:featuredmedia":[{"embeddable":true,"href":"https:\/\/shop.yipinqian.com\/es\/wp-json\/wp\/v2\/media\/3805"}],"wp:attachment":[{"href":"https:\/\/shop.yipinqian.com\/es\/wp-json\/wp\/v2\/media?parent=1367"}],"wp:term":[{"taxonomy":"product_brand","embeddable":true,"href":"https:\/\/shop.yipinqian.com\/es\/wp-json\/wp\/v2\/product_brand?post=1367"},{"taxonomy":"product_cat","embeddable":true,"href":"https:\/\/shop.yipinqian.com\/es\/wp-json\/wp\/v2\/product_cat?post=1367"},{"taxonomy":"product_tag","embeddable":true,"href":"https:\/\/shop.yipinqian.com\/es\/wp-json\/wp\/v2\/product_tag?post=1367"}],"curies":[{"name":"wp","href":"https:\/\/api.w.org\/{rel}","templated":true}]}}