{"id":1366,"date":"2024-10-24T23:18:42","date_gmt":"2024-10-24T15:18:42","guid":{"rendered":"https:\/\/shop.yipinqian.com\/product\/good-quality-natural-type-a-jadeite-jade-crafted-with-shape-of-lizard-as-pendant-certificate-weighs-15-23-grams-measurement-44-6-21-8-9-7-mm-pendant268\/"},"modified":"2025-02-24T00:49:56","modified_gmt":"2025-02-23T16:49:56","slug":"good-quality-natural-type-a-jadeite-jade-crafted-with-shape-of-lizard-as-pendant-certificate-weighs-15-23-grams-measurement-44-6-21-8-9-7-mm-pendant268","status":"publish","type":"product","link":"https:\/\/shop.yipinqian.com\/es\/producto\/good-quality-natural-type-a-jadeite-jade-crafted-with-shape-of-lizard-as-pendant-certificate-weighs-15-23-grams-measurement-44-6-21-8-9-7-mm-pendant268\/","title":{"rendered":"Good Quality Natural Type A Jadeite Jade crafted with shape of Lizard as Pendant, certificate weighs 15.23 grams, measurement 44.6 * 21.8 * 9.7 mm (pendant268)"},"content":{"rendered":"<p>This exquisite pendant features a lizard-shaped design crafted from Good Quality Natural Type A Jadeite Jade, making it a unique and elegant accessory.<\/p>\n<p>\u00a0<\/p>\n<p>Certificate numbers: GD2202H004478<\/p>\n<p><img fetchpriority=\"high\" decoding=\"async\" height=\"1080\" src=\"https:\/\/shop.yipinqian.com\/wp-content\/uploads\/2024\/10\/b32f0579bacf904369c442d267a1940c.jpg?from=476444299\" width=\"1080\"><\/p>\n<ul>\n<li>\n<strong>Material:<\/strong> Good Quality Natural Type A Jadeite Jade<\/li>\n<li>\n<strong>Peso:<\/strong> 15.23 grams<\/li>\n<li>\n<strong>Medici\u00f3n:<\/strong> 44.6 * 21.8 * 9.7 mm<\/li>\n<li>\n<strong>Certificado:<\/strong> S\u00ed<\/li>\n<li>\n<strong>Tipo de jade:<\/strong>Jade\u00edta<\/li>\n<li><strong>Estilo del collar: Casual<\/strong><\/li>\n<\/ul>\n<p><strong>This pendant is not only a beautiful adornment but also carries the mystique and symbolism associated with jade, making it perfect for daily wear.<\/strong><\/p>\n<ul><\/ul>\n<p><strong>La jade\u00edta natural no es perfecta, solo un peque\u00f1o recordatorio: nuestra jade\u00edta natural, como todas las cosas hermosas de la naturaleza, tiene sus caracter\u00edsticas y variaciones \u00fanicas. Invitamos a nuestros valiosos clientes a adoptar estas variaciones naturales. \u00a1Felices compras!<\/strong><\/p>\n<p>\u00a0<\/p>\n<p><strong><u>Ninguna de las fotograf\u00edas ni los v\u00eddeos han sido filtrados. Animamos a nuestros clientes a que vean tambi\u00e9n los v\u00eddeos adjuntos para tener una visi\u00f3n m\u00e1s completa de nuestros productos.<\/u><\/strong><\/p>","protected":false},"excerpt":{"rendered":"<p>This exquisite pendant features a lizard-shaped design crafted from Good Quality Natural Type A Jadeite Jade, making it a unique and elegant accessory. \u00a0 Certificate numbers: GD2202H004478 Material: Good Quality Natural Type A Jadeite Jade Weight: 15.23 grams Measurement: 44.6 * 21.8 * 9.7 mm Certificate: Yes Jade Type:Jadeite Neklace Style:Casual This pendant is not [&hellip;]<\/p>","protected":false},"featured_media":3785,"comment_status":"open","ping_status":"closed","template":"","meta":[],"product_brand":[],"product_cat":[194],"product_tag":[],"class_list":{"0":"post-1366","1":"product","2":"type-product","3":"status-publish","4":"has-post-thumbnail","6":"product_cat-value-picks","8":"first","9":"instock","10":"sale","11":"shipping-taxable","12":"purchasable","13":"product-type-simple"},"_links":{"self":[{"href":"https:\/\/shop.yipinqian.com\/es\/wp-json\/wp\/v2\/product\/1366","targetHints":{"allow":["GET"]}}],"collection":[{"href":"https:\/\/shop.yipinqian.com\/es\/wp-json\/wp\/v2\/product"}],"about":[{"href":"https:\/\/shop.yipinqian.com\/es\/wp-json\/wp\/v2\/types\/product"}],"replies":[{"embeddable":true,"href":"https:\/\/shop.yipinqian.com\/es\/wp-json\/wp\/v2\/comments?post=1366"}],"version-history":[{"count":0,"href":"https:\/\/shop.yipinqian.com\/es\/wp-json\/wp\/v2\/product\/1366\/revisions"}],"wp:featuredmedia":[{"embeddable":true,"href":"https:\/\/shop.yipinqian.com\/es\/wp-json\/wp\/v2\/media\/3785"}],"wp:attachment":[{"href":"https:\/\/shop.yipinqian.com\/es\/wp-json\/wp\/v2\/media?parent=1366"}],"wp:term":[{"taxonomy":"product_brand","embeddable":true,"href":"https:\/\/shop.yipinqian.com\/es\/wp-json\/wp\/v2\/product_brand?post=1366"},{"taxonomy":"product_cat","embeddable":true,"href":"https:\/\/shop.yipinqian.com\/es\/wp-json\/wp\/v2\/product_cat?post=1366"},{"taxonomy":"product_tag","embeddable":true,"href":"https:\/\/shop.yipinqian.com\/es\/wp-json\/wp\/v2\/product_tag?post=1366"}],"curies":[{"name":"wp","href":"https:\/\/api.w.org\/{rel}","templated":true}]}}