{"id":1362,"date":"2024-10-24T23:18:40","date_gmt":"2024-10-24T15:18:40","guid":{"rendered":"https:\/\/shop.yipinqian.com\/product\/good-quality-light-green-hue-icy-natural-type-a-jadeite-jade-crafted-with-fobe-as-pendant-meaning-good-luck-happiness-wealth-and-honor-certificate-weigh-19-03-grams-measurement-50-2-36-3-6-2-mm-pendan\/"},"modified":"2025-02-24T00:49:57","modified_gmt":"2025-02-23T16:49:57","slug":"good-quality-light-green-hue-icy-natural-type-a-jadeite-jade-crafted-with-fobe-as-pendant-meaning-good-luck-happiness-wealth-and-honor-certificate-weigh-19-03-grams-measurement-50-2-36-3-6-2-mm-pendan","status":"publish","type":"product","link":"https:\/\/shop.yipinqian.com\/es\/producto\/good-quality-light-green-hue-icy-natural-type-a-jadeite-jade-crafted-with-fobe-as-pendant-meaning-good-luck-happiness-wealth-and-honor-certificate-weigh-19-03-grams-measurement-50-2-36-3-6-2-mm-pendan\/","title":{"rendered":"Jade\u00edta natural tipo A de tono verde claro de buena calidad elaborada con Fobe como colgante, que significa buena suerte, felicidad, riqueza y honor, el certificado pesa 19,03 gramos, medida 50,2 * 36,3 * 6,2 mm (colgante 234)"},"content":{"rendered":"<p>This Good Quality Light Green Hue Icy Natural Type A Jadeite Jade pendant, crafted with Fobe, symbolizes good luck, happiness, wealth, and honor.<\/p>\n<p><\/p>\n<p>Certificate numbers: GD2110H009247<\/p>\n<ul>\n<li>\n<strong>Material:<\/strong> Jade\u00edta natural tipo A<\/li>\n<li>\n<strong>Color:<\/strong> Light green hue<\/li>\n<li>\n<strong>Pesa:<\/strong> 19.03 grams<\/li>\n<li>\n<strong>Certificado:<\/strong> S\u00ed<\/li>\n<li><strong>Certificate Details:<\/strong><\/li>\n<\/ul>\n<p><strong><br \/>The Country of Origin is Myanmar. The Occasion is Auspicious.<br \/>The Warranty Type is No.<br \/>The Gender is Unisex.<br \/>Jade Type: Jadeite. Necklace Style: Casual.<\/strong><\/p>\n<p><strong>These exquisite pendant measures 50.2 * 36.3 * 6.2 mm and carries the essence of positivity and fortune with its elegant design.<\/strong><\/p>\n<p><\/p>\n<p><strong>La jade\u00edta natural no es perfecta, solo un peque\u00f1o recordatorio: nuestra jade\u00edta natural, como todas las cosas hermosas de la naturaleza, tiene sus caracter\u00edsticas y variaciones \u00fanicas. Invitamos a nuestros valiosos clientes a adoptar estas variaciones naturales. \u00a1Felices compras!<\/strong><\/p>\n<p><\/p>\n<p><strong><u>Ninguna de las fotograf\u00edas ni los v\u00eddeos han sido filtrados. Animamos a nuestros clientes a que vean tambi\u00e9n los v\u00eddeos adjuntos para tener una visi\u00f3n m\u00e1s completa de nuestros productos.<\/u><\/strong><\/p>","protected":false},"excerpt":{"rendered":"<p>This Good Quality Light Green Hue Icy Natural Type A Jadeite Jade pendant, crafted with Fobe, symbolizes good luck, happiness, wealth, and honor. Certificate numbers: GD2110H009247 Material: Natural Type A Jadeite Jade Color: Light green hue Weighs: 19.03 grams Certificate: Yes Certificate Details: The Country of Origin is Myanmar. The Occasion is Auspicious.The Warranty Type [&hellip;]<\/p>","protected":false},"featured_media":3710,"comment_status":"open","ping_status":"closed","template":"","meta":[],"product_brand":[],"product_cat":[194],"product_tag":[],"class_list":{"0":"post-1362","1":"product","2":"type-product","3":"status-publish","4":"has-post-thumbnail","6":"product_cat-value-picks","8":"first","9":"instock","10":"sale","11":"shipping-taxable","12":"purchasable","13":"product-type-simple"},"_links":{"self":[{"href":"https:\/\/shop.yipinqian.com\/es\/wp-json\/wp\/v2\/product\/1362","targetHints":{"allow":["GET"]}}],"collection":[{"href":"https:\/\/shop.yipinqian.com\/es\/wp-json\/wp\/v2\/product"}],"about":[{"href":"https:\/\/shop.yipinqian.com\/es\/wp-json\/wp\/v2\/types\/product"}],"replies":[{"embeddable":true,"href":"https:\/\/shop.yipinqian.com\/es\/wp-json\/wp\/v2\/comments?post=1362"}],"version-history":[{"count":0,"href":"https:\/\/shop.yipinqian.com\/es\/wp-json\/wp\/v2\/product\/1362\/revisions"}],"wp:featuredmedia":[{"embeddable":true,"href":"https:\/\/shop.yipinqian.com\/es\/wp-json\/wp\/v2\/media\/3710"}],"wp:attachment":[{"href":"https:\/\/shop.yipinqian.com\/es\/wp-json\/wp\/v2\/media?parent=1362"}],"wp:term":[{"taxonomy":"product_brand","embeddable":true,"href":"https:\/\/shop.yipinqian.com\/es\/wp-json\/wp\/v2\/product_brand?post=1362"},{"taxonomy":"product_cat","embeddable":true,"href":"https:\/\/shop.yipinqian.com\/es\/wp-json\/wp\/v2\/product_cat?post=1362"},{"taxonomy":"product_tag","embeddable":true,"href":"https:\/\/shop.yipinqian.com\/es\/wp-json\/wp\/v2\/product_tag?post=1362"}],"curies":[{"name":"wp","href":"https:\/\/api.w.org\/{rel}","templated":true}]}}