{"id":1356,"date":"2024-10-24T23:18:38","date_gmt":"2024-10-24T15:18:38","guid":{"rendered":"https:\/\/shop.yipinqian.com\/product\/full-yellow-old-mine-natural-type-a-jadeite-pendant-carved-with-laughing-buddha-represents-tolerance-and-wisdom-humor-happy-spirit-come-with-certificate-weight-35-13-grams-49-30-27-90-14-30-mm-suitabl\/"},"modified":"2025-02-24T01:34:20","modified_gmt":"2025-02-23T17:34:20","slug":"full-yellow-old-mine-natural-type-a-jadeite-pendant-carved-with-laughing-buddha-represents-tolerance-and-wisdom-humor-happy-spirit-come-with-certificate-weight-35-13-grams-49-30-27-90-14-30-mm-suitabl","status":"publish","type":"product","link":"https:\/\/shop.yipinqian.com\/es\/producto\/full-yellow-old-mine-natural-type-a-jadeite-pendant-carved-with-laughing-buddha-represents-tolerance-and-wisdom-humor-happy-spirit-come-with-certificate-weight-35-13-grams-49-30-27-90-14-30-mm-suitabl\/","title":{"rendered":"Colgante de jade\u00edta natural tipo A de mina antigua amarilla completa tallado con Buda sonriente que representa la tolerancia y la sabidur\u00eda, el humor, el esp\u00edritu feliz, viene con certificado peso 35,13 gramos, 49,30 * 27,90 * 14,30 mm, adecuado para uso diario en todas las ocasiones (colgante 96)"},"content":{"rendered":"<p>Este colgante de jade\u00edta natural tipo A de Old Mine de color amarillo completo es una obra maestra que representa la tolerancia y la sabidur\u00eda, el humor y el esp\u00edritu alegre del Buda sonriente. Su intrincado tallado con un peso de 35,13 gramos y dimensiones de 49,30 x 27,90 x 14,30 mm lo hace adecuado para el uso diario en todas las ocasiones.<\/p>\n<ul>\n<li><strong>Caracter\u00edsticas principales:<\/strong><\/li>\n<li>Colgante de jade\u00edta natural tipo A de mina antigua completamente amarillo<\/li>\n<li>Tallado con Buda sonriente que representa la tolerancia, la sabidur\u00eda, el humor y el esp\u00edritu feliz.<\/li>\n<li>Certificado incluido<\/li>\n<li>Dise\u00f1o unisex con estilo de collar informal<\/li>\n<\/ul>\n<p><strong>N\u00fameros de certificado: GD2201H013233<\/strong><\/p>\n<p><img fetchpriority=\"high\" decoding=\"async\" height=\"1080\" src=\"https:\/\/shop.yipinqian.com\/wp-content\/uploads\/2024\/10\/bfe7d4a153c384f8a995af80ff842277.jpg?from=476444299\" width=\"1080\"><img decoding=\"async\" height=\"1080\" src=\"https:\/\/shop.yipinqian.com\/wp-content\/uploads\/2024\/10\/b551c64a39fd2ac0c71e94e0be01b897.jpg?from=476444299\" width=\"1080\"><\/p>\n<p>El jade utilizado en este colgante proviene de Myanmar (Birmania), pa\u00eds conocido por producir uno de los mejores jades del mundo.<\/p>\n<ul>\n<li><strong>Atributos del producto:<\/strong><\/li>\n<li>Certificado incluido: S\u00ed<\/li>\n<li>Pa\u00eds de origen: Myanmar<\/li>\n<li>Ocasi\u00f3n: diaria<\/li>\n<li>Tipo de garant\u00eda: Sin garant\u00eda\u00a0<\/li>\n<li>G\u00e9nero: unisex<\/li>\n<\/ul>\n<p>\u00a0<\/p>\n<p>Esta exquisita pieza no solo agrega elegancia a tu atuendo, sino que tambi\u00e9n sirve como recordatorio para mantenerte feliz y sabio incluso en tiempos dif\u00edciles.<\/p>\n<p>\u00a0<\/p>\n<p>Yi Pin Qian \u2013 Comerciante de piedras preciosas y metales preciosos en Singapur \u2013 N\u00famero de licencia PS20190000031<\/p>\n<p>\u00a0<\/p>\n<p>*Todos los jade\u00edtas comprados a Yi Pin Qian en Singapur, los clientes pueden reservar espacios para pulirlos o hacer reparaciones menores por mal manejo; se aplican tarifas y solo para los clientes de Yi Pin Qian en Singapur*<\/p>\n<p>\u00a0<\/p>\n<p><strong>**Tipos de certificados**<\/strong><\/p>\n<p>\u00a0<\/p>\n<p><strong>NGI (Gemolog\u00eda Nan Yang)<\/strong><\/p>\n<p>o <strong>Certificados en el extranjero <\/strong>(Yi Pin Qian solo utiliza certificados aut\u00e9nticos de laboratorios extranjeros y tambi\u00e9n controla la calidad de cada uno de nuestros productos antes de ponerlos a la venta en SG)<\/p>\n<p>\u00a0<\/p>\n<p>Todos los productos de TikTok contar\u00e1n con el tipo de certificado que se indica en la descripci\u00f3n. Para cualquier cliente que desee enviar su pedido a NGI Singapur, habr\u00e1 un tiempo de espera para la entrega del pedido estimado de aproximadamente 4 semanas para recibirlo. <strong>Las solicitudes de informes de NGI Gemstone deben realizarse enviando un mensaje a la tienda TikTok de Yi Pin Qian.<\/strong> Gracias, <strong><u>Se aplican tarifas adicionales<\/u><\/strong>.<\/p>","protected":false},"excerpt":{"rendered":"<p>This Full Yellow Old Mine Natural Type A Jadeite pendant is a masterpiece that represents the Tolerance and wisdom, humor, happy spirit of Laughing Buddha. Its intricate carving with a weight of 35.13 grams and dimensions 49.30 * 27.90 * 14.30 mm makes it suitable for daily wear on all occasions. Key Features: Full Yellow [&hellip;]<\/p>","protected":false},"featured_media":3650,"comment_status":"open","ping_status":"closed","template":"","meta":[],"product_brand":[],"product_cat":[196],"product_tag":[],"class_list":{"0":"post-1356","1":"product","2":"type-product","3":"status-publish","4":"has-post-thumbnail","6":"product_cat-vault-collection","8":"first","9":"instock","10":"sale","11":"shipping-taxable","12":"purchasable","13":"product-type-simple"},"_links":{"self":[{"href":"https:\/\/shop.yipinqian.com\/es\/wp-json\/wp\/v2\/product\/1356","targetHints":{"allow":["GET"]}}],"collection":[{"href":"https:\/\/shop.yipinqian.com\/es\/wp-json\/wp\/v2\/product"}],"about":[{"href":"https:\/\/shop.yipinqian.com\/es\/wp-json\/wp\/v2\/types\/product"}],"replies":[{"embeddable":true,"href":"https:\/\/shop.yipinqian.com\/es\/wp-json\/wp\/v2\/comments?post=1356"}],"version-history":[{"count":0,"href":"https:\/\/shop.yipinqian.com\/es\/wp-json\/wp\/v2\/product\/1356\/revisions"}],"wp:featuredmedia":[{"embeddable":true,"href":"https:\/\/shop.yipinqian.com\/es\/wp-json\/wp\/v2\/media\/3650"}],"wp:attachment":[{"href":"https:\/\/shop.yipinqian.com\/es\/wp-json\/wp\/v2\/media?parent=1356"}],"wp:term":[{"taxonomy":"product_brand","embeddable":true,"href":"https:\/\/shop.yipinqian.com\/es\/wp-json\/wp\/v2\/product_brand?post=1356"},{"taxonomy":"product_cat","embeddable":true,"href":"https:\/\/shop.yipinqian.com\/es\/wp-json\/wp\/v2\/product_cat?post=1356"},{"taxonomy":"product_tag","embeddable":true,"href":"https:\/\/shop.yipinqian.com\/es\/wp-json\/wp\/v2\/product_tag?post=1356"}],"curies":[{"name":"wp","href":"https:\/\/api.w.org\/{rel}","templated":true}]}}