{"id":1354,"date":"2024-10-24T23:18:38","date_gmt":"2024-10-24T15:18:38","guid":{"rendered":"https:\/\/shop.yipinqian.com\/product\/full-lavender-with-green-natural-type-a-jadeite-pendant-necklace-crafted-as-the-enlightenment-monk-with-certificate-weigh-47-04-grams-66-37-8-11-mm-pendant66\/"},"modified":"2025-02-17T00:01:35","modified_gmt":"2025-02-16T16:01:35","slug":"full-lavender-with-green-natural-type-a-jadeite-pendant-necklace-crafted-as-the-enlightenment-monk-with-certificate-weigh-47-04-grams-66-37-8-11-mm-pendant66","status":"publish","type":"product","link":"https:\/\/shop.yipinqian.com\/es\/producto\/full-lavender-with-green-natural-type-a-jadeite-pendant-necklace-crafted-as-the-enlightenment-monk-with-certificate-weigh-47-04-grams-66-37-8-11-mm-pendant66\/","title":{"rendered":"Collar con colgante de jade\u00edta natural tipo A verde y lavanda elaborado por el monje de la iluminaci\u00f3n con certificado que pesa 47,04 gramos, 66 * 37,8 * 11 mm (colgante 66)"},"content":{"rendered":"<p>Realza tu estilo con este impresionante collar con colgante de jade\u00edta natural tipo A en tonos verde y lavanda. Elaborada por The Enlightenment Monk, esta pieza es una verdadera obra de arte que muestra la belleza del jade en su forma natural.<\/p>\n<ul>\n<li>\n<strong>Certificado aut\u00e9ntico:<\/strong> Este colgante viene con un certificado de autenticidad, que garantiza que est\u00e1 hecho de jade\u00edta tipo A genuina.<\/li>\n<\/ul>\n<p><strong>N\u00fameros de certificado: GD2201H013230<\/strong><\/p>\n<p><img fetchpriority=\"high\" decoding=\"async\" height=\"1080\" src=\"https:\/\/shop.yipinqian.com\/wp-content\/uploads\/2024\/10\/a5bc025d80620e5b05c92c8a2974a82c.jpg?from=476444299\" width=\"1080\"><\/p>\n<ul>\n<li>\n<strong>Dise\u00f1o unisex:<\/strong> Perfecto tanto para hombres como para mujeres, este colgante presenta un dise\u00f1o vers\u00e1til que se puede usar en cualquier ocasi\u00f3n.<\/li>\n<li>\n<strong>Belleza natural:<\/strong> La combinaci\u00f3n \u00fanica de tonos lavanda y verde de la jade\u00edta crea un patr\u00f3n natural impresionante que hace que cada colgante sea \u00fanico.<\/li>\n<\/ul>\n<p>Este collar, que pesa 47,04 gramos y mide 66 x 37,8 x 11 mm (colgante de 66 mm), es una pieza llamativa y perfecta para a\u00f1adir un toque elegante a tu vestuario diario o para vestirte elegante para ocasiones especiales.<\/p>\n<ul>\n<li>\n<strong>Hecho en Myanmar:<\/strong> Este collar proviene de Myanmar, donde se obtiene una de las jade\u00edtas de mejor calidad del mundo, que se elabora en hermosas piezas como esta.<\/li>\n<li>\n<strong>Estilo casual:<\/strong> El estilo casual lo hace perfecto para usar a diario sin ninguna molestia.<\/li>\n<\/ul>\n<p>Este collar con colgante de jade\u00edta natural tipo A verde y lavanda no viene con garant\u00eda, pero su artesan\u00eda de alta calidad garantiza una durabilidad duradera para que pueda disfrutarlo durante a\u00f1os. \u00a1No deje de agregar esta exquisita pieza a su colecci\u00f3n de joyas!<\/p>\n<p>\u00a0<\/p>\n<p>Yi Pin Qian \u2013 Comerciante de piedras preciosas y metales preciosos en Singapur \u2013 N\u00famero de licencia PS20190000031<\/p>\n<p>\u00a0<\/p>\n<p>*Todos los jade\u00edtas comprados a Yi Pin Qian en Singapur, los clientes pueden reservar espacios para pulirlos o hacer reparaciones menores por mal manejo; se aplican tarifas y solo para los clientes de Yi Pin Qian en Singapur*<\/p>\n<p>\u00a0<\/p>\n<p><strong>**Tipos de certificados**<\/strong><\/p>\n<p>\u00a0<\/p>\n<p><strong>NGI (Gemolog\u00eda Nan Yang)<\/strong><\/p>\n<p>o <strong>Certificados en el extranjero <\/strong>(Yi Pin Qian solo utiliza certificados aut\u00e9nticos de laboratorios extranjeros y tambi\u00e9n controla la calidad de cada uno de nuestros productos antes de ponerlos a la venta en SG)<\/p>\n<p>\u00a0<\/p>\n<p>Todos los productos de TikTok contar\u00e1n con el tipo de certificado que se indica en la descripci\u00f3n. Para cualquier cliente que desee enviar su pedido a NGI Singapur, habr\u00e1 un tiempo de espera para la entrega del pedido estimado de aproximadamente 4 semanas para recibirlo. <strong>Las solicitudes de informes de NGI Gemstone deben realizarse enviando un mensaje a la tienda TikTok de Yi Pin Qian.<\/strong> Gracias, <strong><u>Se aplican tarifas adicionales<\/u><\/strong>.<\/p>\n<p>\u00a0<\/p>\n<p><strong>La jade\u00edta natural no es perfecta, solo un peque\u00f1o recordatorio: nuestra jade\u00edta natural, como todas las cosas hermosas de la naturaleza, tiene sus caracter\u00edsticas y variaciones \u00fanicas. Invitamos a nuestros valiosos clientes a adoptar estas variaciones naturales. \u00a1Felices compras!<\/strong><\/p>\n<p>\u00a0<\/p>\n<p><strong><u>Ninguna de las fotograf\u00edas ni los v\u00eddeos han sido filtrados. Animamos a nuestros clientes a que vean tambi\u00e9n los v\u00eddeos adjuntos para tener una visi\u00f3n m\u00e1s completa de nuestros productos.<\/u><\/strong><\/p>","protected":false},"excerpt":{"rendered":"<p>Elevate your style with this stunning Full Lavender with green Natural Type A Jadeite Pendant Necklace. Crafted as The Enlightenment Monk, this piece is a true work of art, showcasing the beauty of jade in its natural form. Certified Authentic: This pendant comes with a certificate of authenticity, ensuring that it is made from genuine [&hellip;]<\/p>","protected":false},"featured_media":3638,"comment_status":"open","ping_status":"closed","template":"","meta":[],"product_brand":[],"product_cat":[48],"product_tag":[],"class_list":{"0":"post-1354","1":"product","2":"type-product","3":"status-publish","4":"has-post-thumbnail","6":"product_cat-pendants","8":"first","9":"instock","10":"sale","11":"shipping-taxable","12":"purchasable","13":"product-type-simple"},"_links":{"self":[{"href":"https:\/\/shop.yipinqian.com\/es\/wp-json\/wp\/v2\/product\/1354","targetHints":{"allow":["GET"]}}],"collection":[{"href":"https:\/\/shop.yipinqian.com\/es\/wp-json\/wp\/v2\/product"}],"about":[{"href":"https:\/\/shop.yipinqian.com\/es\/wp-json\/wp\/v2\/types\/product"}],"replies":[{"embeddable":true,"href":"https:\/\/shop.yipinqian.com\/es\/wp-json\/wp\/v2\/comments?post=1354"}],"version-history":[{"count":0,"href":"https:\/\/shop.yipinqian.com\/es\/wp-json\/wp\/v2\/product\/1354\/revisions"}],"wp:featuredmedia":[{"embeddable":true,"href":"https:\/\/shop.yipinqian.com\/es\/wp-json\/wp\/v2\/media\/3638"}],"wp:attachment":[{"href":"https:\/\/shop.yipinqian.com\/es\/wp-json\/wp\/v2\/media?parent=1354"}],"wp:term":[{"taxonomy":"product_brand","embeddable":true,"href":"https:\/\/shop.yipinqian.com\/es\/wp-json\/wp\/v2\/product_brand?post=1354"},{"taxonomy":"product_cat","embeddable":true,"href":"https:\/\/shop.yipinqian.com\/es\/wp-json\/wp\/v2\/product_cat?post=1354"},{"taxonomy":"product_tag","embeddable":true,"href":"https:\/\/shop.yipinqian.com\/es\/wp-json\/wp\/v2\/product_tag?post=1354"}],"curies":[{"name":"wp","href":"https:\/\/api.w.org\/{rel}","templated":true}]}}