{"id":13397,"date":"2024-11-22T19:03:53","date_gmt":"2024-11-22T11:03:53","guid":{"rendered":"https:\/\/shop.yipinqian.com\/this-high-quality-light-lavender-with-light-green-natural-jadeite-jade-crafted-with-faceless-buddha-as-pendant-certificate-weighs-12-04-grams-measurement-41-7-23-5-6-8-mm-pendant338\/"},"modified":"2025-02-24T00:49:48","modified_gmt":"2025-02-23T16:49:48","slug":"this-high-quality-light-lavender-with-light-green-natural-jadeite-jade-crafted-with-faceless-buddha-as-pendant-certificate-weighs-12-04-grams-measurement-41-7-23-5-6-8-mm-pendant338","status":"publish","type":"product","link":"https:\/\/shop.yipinqian.com\/es\/producto\/this-high-quality-light-lavender-with-light-green-natural-jadeite-jade-crafted-with-faceless-buddha-as-pendant-certificate-weighs-12-04-grams-measurement-41-7-23-5-6-8-mm-pendant338\/","title":{"rendered":"Este colgante de jade\u00edta natural de color lavanda claro y verde claro de alta calidad elaborado con un Buda sin rostro pesa 12,04 gramos y mide 41,7 x 23,5 x 6,8 mm (colgante 338)."},"content":{"rendered":"<p>Mejore su estilo con este collar de jade jade\u00edta natural de color lavanda claro y verde claro de alta calidad que presenta un colgante de Buda sin rostro.<\/p>\n<p><\/p>\n<p><strong>Nota:<\/strong> Este colgante estuvo guardado en una caja fuerte durante a\u00f1os sin que nadie lo notara y el certificado de ultramar solo indica que es de un tono verde claro, pero la jade\u00edta tiene un tono lavanda claro con verde claro. De todos modos, es una jade\u00edta de buena calidad, no est\u00e1 mal para este precio. (Mire el videoclip)<\/p>\n<p><\/p>\n<p>N\u00fameros de certificado: 920460010617<\/p>\n<p><img fetchpriority=\"high\" decoding=\"async\" src=\"https:\/\/shop.yipinqian.com\/wp-content\/uploads\/2024\/11\/c886d2b3848e43468984894f07b3cd9ctplv-aphluv4xwc-origin-jpeg.jpeg?dr=15568&#038;nonce=35723&#038;refresh_token=26b93e18ed4119a92e45840628e9f967&#038;from=476444299&#038;idc=my2&#038;ps=933b5bde&#038;shcp=9b759fb9&#038;shp=1c65f68b&#038;t=555f072d\" width=\"1080\" height=\"1080\"><\/p>\n<ul>\n<li>\n<strong>Peso:<\/strong> 12,04 gramos<\/li>\n<li>\n<strong>Medidas:<\/strong> 41,7 x 23,5 x 6,8 mm <- 6.8mm is not bad for the thickness <\/li>\n<\/ul>\n<p><img decoding=\"async\" src=\"https:\/\/shop.yipinqian.com\/wp-content\/uploads\/2024\/11\/f0aafae99045428e82cbb8ec8f0539f8tplv-aphluv4xwc-origin-jpeg.jpeg?dr=15568&#038;nonce=92588&#038;refresh_token=d16a998bdffbfb498c85bf00e143fdc1&#038;from=476444299&#038;idc=my2&#038;ps=933b5bde&#038;shcp=9b759fb9&#038;shp=1c65f68b&#038;t=555f072d\" width=\"1080\" height=\"1080\"><\/p>\n<p>Esta exquisita pieza, originaria de Myanmar, irradia elegancia y encanto, lo que la hace adecuada para el uso diario.<\/p>\n<ul>\n<li>\n<strong>Certificado:<\/strong> S\u00ed<\/li>\n<li>\n<strong>Tipo de jade:<\/strong> Jade\u00edta<\/li>\n<\/ul>\n<p>El dise\u00f1o casual del collar es perfecto tanto para hombres como para mujeres que buscan agregar un toque de sofisticaci\u00f3n a su atuendo.<\/p>\n<p><\/p>\n<p><strong>La jade\u00edta natural no es perfecta, solo un peque\u00f1o recordatorio: nuestra jade\u00edta natural, como todas las cosas hermosas de la naturaleza, tiene sus caracter\u00edsticas y variaciones \u00fanicas. Invitamos a nuestros valiosos clientes a adoptar estas variaciones naturales. \u00a1Felices compras!<\/strong><\/p>\n<p><\/p>\n<p><strong><u>Ninguna de las fotograf\u00edas ni los v\u00eddeos han sido filtrados. Animamos a nuestros clientes a que vean tambi\u00e9n los v\u00eddeos adjuntos para tener una visi\u00f3n m\u00e1s completa de nuestros productos.<\/u><\/strong><\/p>\n<p><\/p>\n<ul>\n<li>Las diferentes plataformas solo pueden ver videos a trav\u00e9s de la computadora de escritorio<\/li>\n<\/ul>","protected":false},"excerpt":{"rendered":"<p>Enhance your style with this High-Quality Light lavender with Light Green Natural Jadeite Jade necklace featuring a faceless Buddha pendant. Note: this pendant was seating in the safe for years without noticing it and the certificate from oversea only indicate that it is light green hue, but the jadeite has light lavender hue with light [&hellip;]<\/p>","protected":false},"featured_media":13678,"comment_status":"open","ping_status":"closed","template":"","meta":[],"product_brand":[],"product_cat":[194],"product_tag":[51,52,65,55,82,108,56,58,73,60,61,62],"class_list":{"0":"post-13397","1":"product","2":"type-product","3":"status-publish","4":"has-post-thumbnail","6":"product_cat-value-picks","7":"product_tag-buddha","8":"product_tag-certified","9":"product_tag-high-quality","10":"product_tag-jadeite","11":"product_tag-light-green","12":"product_tag-light-lavender","13":"product_tag-limited-editions","14":"product_tag-new-arrivals","15":"product_tag-pendant","16":"product_tag-type-a-jadeite","17":"product_tag-unisex","18":"product_tag-yi-pin-qian-exclusive","20":"first","21":"instock","22":"sale","23":"shipping-taxable","24":"purchasable","25":"product-type-simple"},"_links":{"self":[{"href":"https:\/\/shop.yipinqian.com\/es\/wp-json\/wp\/v2\/product\/13397","targetHints":{"allow":["GET"]}}],"collection":[{"href":"https:\/\/shop.yipinqian.com\/es\/wp-json\/wp\/v2\/product"}],"about":[{"href":"https:\/\/shop.yipinqian.com\/es\/wp-json\/wp\/v2\/types\/product"}],"replies":[{"embeddable":true,"href":"https:\/\/shop.yipinqian.com\/es\/wp-json\/wp\/v2\/comments?post=13397"}],"version-history":[{"count":0,"href":"https:\/\/shop.yipinqian.com\/es\/wp-json\/wp\/v2\/product\/13397\/revisions"}],"wp:featuredmedia":[{"embeddable":true,"href":"https:\/\/shop.yipinqian.com\/es\/wp-json\/wp\/v2\/media\/13678"}],"wp:attachment":[{"href":"https:\/\/shop.yipinqian.com\/es\/wp-json\/wp\/v2\/media?parent=13397"}],"wp:term":[{"taxonomy":"product_brand","embeddable":true,"href":"https:\/\/shop.yipinqian.com\/es\/wp-json\/wp\/v2\/product_brand?post=13397"},{"taxonomy":"product_cat","embeddable":true,"href":"https:\/\/shop.yipinqian.com\/es\/wp-json\/wp\/v2\/product_cat?post=13397"},{"taxonomy":"product_tag","embeddable":true,"href":"https:\/\/shop.yipinqian.com\/es\/wp-json\/wp\/v2\/product_tag?post=13397"}],"curies":[{"name":"wp","href":"https:\/\/api.w.org\/{rel}","templated":true}]}}