{"id":1339,"date":"2024-10-24T23:18:30","date_gmt":"2024-10-24T15:18:30","guid":{"rendered":"https:\/\/shop.yipinqian.com\/product\/domineering-dragon-natural-type-a-jadeite-pendant-necklace-with-certificated-included-weigh-46-81-grams-51-8-47-2-11-6-mm-symbols-of-career-is-like-a-rainbow-auspicious-and-healthy-and-noble-status-su\/"},"modified":"2025-02-24T00:49:58","modified_gmt":"2025-02-23T16:49:58","slug":"domineering-dragon-natural-type-a-jadeite-pendant-necklace-with-certificated-included-weigh-46-81-grams-51-8-47-2-11-6-mm-symbols-of-career-is-like-a-rainbow-auspicious-and-healthy-and-noble-status-su","status":"publish","type":"product","link":"https:\/\/shop.yipinqian.com\/es\/producto\/domineering-dragon-natural-type-a-jadeite-pendant-necklace-with-certificated-included-weigh-46-81-grams-51-8-47-2-11-6-mm-symbols-of-career-is-like-a-rainbow-auspicious-and-healthy-and-noble-status-su\/","title":{"rendered":"Collar con colgante de jade\u00edta tipo A natural de drag\u00f3n dominante con certificado incluido. Pesa 46,81 gramos, 51,8 * 47,2 * 11,6 mm. Los s\u00edmbolos de la carrera son como un arco\u00edris, auspicioso y saludable, y un estado noble, adecuado para el uso diario (colgante 48)"},"content":{"rendered":"<p>Elevate your style with this Domineering Dragon Natural Type A Jadeite Pendant Necklace. Weighing 46.81 grams and measuring 51.8 * 47.2 * 11.6 mm, this necklace is a symbol of auspiciousness, good health, and noble status &#8211; perfect for daily wear.<\/p>\n<ul>\n<li>\n<strong>Certificado aut\u00e9ntico:<\/strong> This necklace comes with a certificate of authenticity to guarantee that it&#8217;s made from genuine Type A Jadeite.<\/li>\n<\/ul>\n<p><strong>Certificate numbers: SJ2307012300<\/strong><\/p>\n<p><img fetchpriority=\"high\" decoding=\"async\" height=\"1080\" src=\"https:\/\/shop.yipinqian.com\/wp-content\/uploads\/2024\/10\/3ce5cb80c7b05723cc3e5ce9e58e11e6.jpg?from=476444299\" width=\"1080\"><\/p>\n<ul>\n<li>\n<strong>Dise\u00f1o unisex:<\/strong> Suitable for both men and women, this necklace features a domineering dragon design that exudes power and strength.<\/li>\n<li>\n<strong>Estilo casual:<\/strong> The casual style of the necklace makes it ideal for everyday wear or as an accessory to complete your outfit.<\/li>\n<\/ul>\n<p><img decoding=\"async\" height=\"1080\" src=\"https:\/\/shop.yipinqian.com\/wp-content\/uploads\/2024\/10\/572915072392705ecb8852f6e9c550fe.jpg?from=476444299\" width=\"1080\"><\/p>\n<p>The dragon symbolizes career success like a rainbow &#8211; bringing good fortune into the wearer&#8217;s life while also providing protection against negative energy or bad luck.<\/p>\n<p>Add this impressive piece of jewelry to your collection today!<\/p>\n<p>\u00a0<\/p>\n<p>Yi Pin Qian \u2013 Comerciante de piedras preciosas y metales preciosos en Singapur \u2013 N\u00famero de licencia PS20190000031<\/p>\n<p>\u00a0<\/p>\n<p>*Todos los jade\u00edtas comprados a Yi Pin Qian en Singapur, los clientes pueden reservar espacios para pulirlos o hacer reparaciones menores por mal manejo; se aplican tarifas y solo para los clientes de Yi Pin Qian en Singapur*<\/p>\n<p>\u00a0<\/p>\n<p><strong>**Tipos de certificados**<\/strong><\/p>\n<p>\u00a0<\/p>\n<p><strong>NGI (Gemolog\u00eda Nan Yang)<\/strong><\/p>\n<p>o <strong>Certificados en el extranjero <\/strong>(Yi Pin Qian solo utiliza certificados aut\u00e9nticos de laboratorios extranjeros y tambi\u00e9n controla la calidad de cada uno de nuestros productos antes de ponerlos a la venta en SG)<\/p>\n<p>\u00a0<\/p>\n<p>Todos los productos de TikTok contar\u00e1n con el tipo de certificado que se indica en la descripci\u00f3n. Para cualquier cliente que desee enviar su pedido a NGI Singapur, habr\u00e1 un tiempo de espera para la entrega del pedido estimado de aproximadamente 4 semanas para recibirlo. <strong>Las solicitudes de informes de NGI Gemstone deben realizarse enviando un mensaje a la tienda TikTok de Yi Pin Qian.<\/strong> Gracias, <strong><u>Se aplican tarifas adicionales<\/u><\/strong>.<\/p>\n<p>\u00a0<\/p>\n<p><strong>La jade\u00edta natural no es perfecta, solo un peque\u00f1o recordatorio: nuestra jade\u00edta natural, como todas las cosas hermosas de la naturaleza, tiene sus caracter\u00edsticas y variaciones \u00fanicas. Invitamos a nuestros valiosos clientes a adoptar estas variaciones naturales. \u00a1Felices compras!<\/strong><\/p>\n<p>\u00a0<\/p>\n<p><strong><u>Ninguna de las fotograf\u00edas ni los v\u00eddeos han sido filtrados. Animamos a nuestros clientes a que vean tambi\u00e9n los v\u00eddeos adjuntos para tener una visi\u00f3n m\u00e1s completa de nuestros productos.<\/u><\/strong><\/p>","protected":false},"excerpt":{"rendered":"<p>Elevate your style with this Domineering Dragon Natural Type A Jadeite Pendant Necklace. Weighing 46.81 grams and measuring 51.8 * 47.2 * 11.6 mm, this necklace is a symbol of auspiciousness, good health, and noble status &#8211; perfect for daily wear. Certified Authentic: This necklace comes with a certificate of authenticity to guarantee that it&#8217;s [&hellip;]<\/p>","protected":false},"featured_media":3497,"comment_status":"open","ping_status":"closed","template":"","meta":[],"product_brand":[],"product_cat":[194],"product_tag":[],"class_list":{"0":"post-1339","1":"product","2":"type-product","3":"status-publish","4":"has-post-thumbnail","6":"product_cat-value-picks","8":"first","9":"instock","10":"sale","11":"shipping-taxable","12":"purchasable","13":"product-type-simple"},"_links":{"self":[{"href":"https:\/\/shop.yipinqian.com\/es\/wp-json\/wp\/v2\/product\/1339","targetHints":{"allow":["GET"]}}],"collection":[{"href":"https:\/\/shop.yipinqian.com\/es\/wp-json\/wp\/v2\/product"}],"about":[{"href":"https:\/\/shop.yipinqian.com\/es\/wp-json\/wp\/v2\/types\/product"}],"replies":[{"embeddable":true,"href":"https:\/\/shop.yipinqian.com\/es\/wp-json\/wp\/v2\/comments?post=1339"}],"version-history":[{"count":0,"href":"https:\/\/shop.yipinqian.com\/es\/wp-json\/wp\/v2\/product\/1339\/revisions"}],"wp:featuredmedia":[{"embeddable":true,"href":"https:\/\/shop.yipinqian.com\/es\/wp-json\/wp\/v2\/media\/3497"}],"wp:attachment":[{"href":"https:\/\/shop.yipinqian.com\/es\/wp-json\/wp\/v2\/media?parent=1339"}],"wp:term":[{"taxonomy":"product_brand","embeddable":true,"href":"https:\/\/shop.yipinqian.com\/es\/wp-json\/wp\/v2\/product_brand?post=1339"},{"taxonomy":"product_cat","embeddable":true,"href":"https:\/\/shop.yipinqian.com\/es\/wp-json\/wp\/v2\/product_cat?post=1339"},{"taxonomy":"product_tag","embeddable":true,"href":"https:\/\/shop.yipinqian.com\/es\/wp-json\/wp\/v2\/product_tag?post=1339"}],"curies":[{"name":"wp","href":"https:\/\/api.w.org\/{rel}","templated":true}]}}