{"id":13386,"date":"2024-11-22T19:03:15","date_gmt":"2024-11-22T11:03:15","guid":{"rendered":"https:\/\/shop.yipinqian.com\/new-sg-local-high-quality-pair-of-light-lavender-crafted-as-cabochons-on-natural-type-a-jadeite-jade-set-with-18k-gold-certificate-weighs-2-51-grams-18k02\/"},"modified":"2025-02-24T01:17:24","modified_gmt":"2025-02-23T17:17:24","slug":"new-sg-local-high-quality-pair-of-light-lavender-crafted-as-cabochons-on-natural-type-a-jadeite-jade-set-with-18k-gold-certificate-weighs-2-51-grams-18k02","status":"publish","type":"product","link":"https:\/\/shop.yipinqian.com\/es\/producto\/new-sg-local-high-quality-pair-of-light-lavender-crafted-as-cabochons-on-natural-type-a-jadeite-jade-set-with-18k-gold-certificate-weighs-2-51-grams-18k02\/","title":{"rendered":"Nuevo par de aretes tipo bot\u00f3n de color lavanda claro de alta calidad local de SG elaborados como cabujones en jade\u00edta natural tipo A engastados con oro de 18 k, certificado con un peso de 2,51 gramos (18k02)"},"content":{"rendered":"<p>Realce su elegancia con estos nuevos y exquisitos aretes de jade lavanda claro de alta calidad de Singapur. Elaborados como cabujones de jade\u00edta natural tipo A y engastados con oro de 18k, estos aretes destilan sofisticaci\u00f3n y encanto.<\/p>\n<p><\/p>\n<p>(La primera imagen se ampli\u00f3 para mostrar los efectos de reflejo del espejo, mire el video para obtener indicaciones m\u00e1s claras de la calidad) - Este par de aretes son muy hermosos.<\/p>\n<p><\/p>\n<p>N\u00fameros de certificado: GD2205H004257<\/p>\n<p><strong>Tama\u00f1o de los cabujones: 8,1 x 7,1 x 2,9 mm \/ 8 x 6,8 x 3 mm<\/strong><\/p>\n<p><strong>Con tama\u00f1o de ajuste: 11,4 * 10 * 5,6 mm \/ 11,1 * 9,6 * 6,3 mm<\/strong><\/p>\n<p><strong>Oro de 18 quilates: 1,77 gramos<\/strong><\/p>\n<p><strong>Diamantes: 10 * 0,003<\/strong><\/p>\n<p><img fetchpriority=\"high\" decoding=\"async\" height=\"1080\" width=\"1080\" src=\"https:\/\/shop.yipinqian.com\/wp-content\/uploads\/2024\/11\/d6a153fd50e84118b638e81ce7a4c39dtplv-aphluv4xwc-origin-jpeg.jpeg?dr=15568&#038;nonce=12740&#038;refresh_token=364c979e1d28f6218c2c29dcbbfc1777&#038;from=476444299&#038;idc=my2&#038;ps=933b5bde&#038;shcp=9b759fb9&#038;shp=1c65f68b&#038;t=555f072d\"><\/p>\n<ul>\n<li>\n<strong>Material:<\/strong> Elaborado con jade\u00edta natural tipo A y engastado en oro de 18 k.<\/li>\n<li>\n<strong>Certificado:<\/strong> Viene con un certificado que verifica la autenticidad.<\/li>\n<li>\n<strong>Estilo de pendiente:<\/strong> Pendientes casuales perfectos para uso diario.<\/li>\n<li>\n<strong>Tipo de jade:<\/strong> Fabricado con jade\u00edta lavanda de alta calidad.<\/li>\n<li>El material secundario del diamante a\u00f1ade un toque de lujo a estos exquisitos pendientes.<\/li>\n<li>A\u00f1ade un toque de la rica herencia de Myanmar a tu colecci\u00f3n de joyas. Estos impresionantes pendientes de jade son perfectos para cualquier ocasi\u00f3n y a\u00f1aden un toque de color a tu look diario.<\/li>\n<li>El material de montaje es oro PT\/quilates, lo que garantiza durabilidad y belleza duradera.<\/li>\n<li>El accesorio perfecto para la mujer moderna, estos pendientes est\u00e1n dise\u00f1ados espec\u00edficamente para mujeres que aprecian la artesan\u00eda de calidad.<\/li>\n<li>Realza tu estilo sin esfuerzo con este par de aretes de jade en tono lavanda claro: la personificaci\u00f3n del lujo y la sofisticaci\u00f3n. \u00a1Pide el tuyo hoy!<\/li>\n<\/ul>\n<p><img decoding=\"async\" height=\"1080\" width=\"1080\" src=\"https:\/\/shop.yipinqian.com\/wp-content\/uploads\/2024\/11\/eb56c2568681463ea883e42c1544d6d9tplv-aphluv4xwc-origin-jpeg.jpeg?dr=15568&#038;nonce=7045&#038;refresh_token=5bc5e44780ec240c72bcb9810ac0bdca&#038;from=476444299&#038;idc=my2&#038;ps=933b5bde&#038;shcp=9b759fb9&#038;shp=1c65f68b&#038;t=555f072d\"><\/p>\n<p>Yi Pin Qian \u2013 Comerciante de piedras preciosas y metales preciosos en Singapur \u2013 N\u00famero de licencia PS20190000031<\/p>\n<p><\/p>\n<p>*Todos los jade\u00edtas comprados a Yi Pin Qian en Singapur, los clientes pueden reservar espacios para pulirlos o hacer reparaciones menores por mal manejo; se aplican tarifas y solo para los clientes de Yi Pin Qian en Singapur*<\/p>\n<p><\/p>\n<p><strong>**Tipos de certificados**<\/strong><\/p>\n<p><\/p>\n<p><strong>NGI (Gemolog\u00eda Nan Yang)<\/strong><\/p>\n<p>o <strong>Certificados en el extranjero <\/strong>(Yi Pin Qian solo utiliza certificados aut\u00e9nticos de laboratorios extranjeros y tambi\u00e9n controla la calidad de cada uno de nuestros productos antes de ponerlos a la venta en SG)<\/p>\n<p><\/p>\n<p>Todos los productos de TikTok contar\u00e1n con el tipo de certificado que se indica en la descripci\u00f3n. Para cualquier cliente que desee enviar su pedido a NGI Singapur, habr\u00e1 un tiempo de espera para la entrega del pedido estimado de aproximadamente 4 semanas para recibirlo. <strong>Las solicitudes de informes de NGI Gemstone deben realizarse envi\u00e1ndonos un mensaje.<\/strong> Gracias, <strong><u>Se aplican tarifas adicionales<\/u><\/strong>.<\/p>\n<p><\/p>\n<p><strong>La jade\u00edta natural no es perfecta, solo un peque\u00f1o recordatorio: nuestra jade\u00edta natural, como todas las cosas hermosas de la naturaleza, tiene sus caracter\u00edsticas y variaciones \u00fanicas. Invitamos a nuestros valiosos clientes a adoptar estas variaciones naturales. \u00a1Felices compras!<\/strong><\/p>\n<p><\/p>\n<p><strong><u>Ninguna de las fotograf\u00edas ni los v\u00eddeos han sido filtrados. Animamos a nuestros clientes a que vean tambi\u00e9n los v\u00eddeos adjuntos para tener una visi\u00f3n m\u00e1s completa de nuestros productos.<\/u><\/strong><\/p>\n<p><\/p>\n<ul>\n<li>Las diferentes plataformas solo pueden ver videos a trav\u00e9s de la computadora de escritorio<\/li>\n<\/ul>","protected":false},"excerpt":{"rendered":"<p>Enhance your elegance with these exquisite New SG Local High-Quality Light Lavender Jade Earrings. Crafted as cabochons on Natural Type A Jadeite Jade and set with 18k gold, these earrings exude sophistication and charm. (The first picture was enlarged to show the mirror reflection effects, please view video for clearer indications of the quality) &#8211; [&hellip;]<\/p>","protected":false},"featured_media":13642,"comment_status":"open","ping_status":"closed","template":"","meta":[],"product_brand":[],"product_cat":[195],"product_tag":[50,64,52,88,171,72,65,108,56,58,60,62],"class_list":{"0":"post-13386","1":"product","2":"type-product","3":"status-publish","4":"has-post-thumbnail","6":"product_cat-heirloom-grade","7":"product_tag-18k-gold","8":"product_tag-cabochon","9":"product_tag-certified","10":"product_tag-diamonds","11":"product_tag-earrings","12":"product_tag-female","13":"product_tag-high-quality","14":"product_tag-light-lavender","15":"product_tag-limited-editions","16":"product_tag-new-arrivals","17":"product_tag-type-a-jadeite","18":"product_tag-yi-pin-qian-exclusive","20":"first","21":"instock","22":"sale","23":"shipping-taxable","24":"purchasable","25":"product-type-simple"},"_links":{"self":[{"href":"https:\/\/shop.yipinqian.com\/es\/wp-json\/wp\/v2\/product\/13386","targetHints":{"allow":["GET"]}}],"collection":[{"href":"https:\/\/shop.yipinqian.com\/es\/wp-json\/wp\/v2\/product"}],"about":[{"href":"https:\/\/shop.yipinqian.com\/es\/wp-json\/wp\/v2\/types\/product"}],"replies":[{"embeddable":true,"href":"https:\/\/shop.yipinqian.com\/es\/wp-json\/wp\/v2\/comments?post=13386"}],"version-history":[{"count":0,"href":"https:\/\/shop.yipinqian.com\/es\/wp-json\/wp\/v2\/product\/13386\/revisions"}],"wp:featuredmedia":[{"embeddable":true,"href":"https:\/\/shop.yipinqian.com\/es\/wp-json\/wp\/v2\/media\/13642"}],"wp:attachment":[{"href":"https:\/\/shop.yipinqian.com\/es\/wp-json\/wp\/v2\/media?parent=13386"}],"wp:term":[{"taxonomy":"product_brand","embeddable":true,"href":"https:\/\/shop.yipinqian.com\/es\/wp-json\/wp\/v2\/product_brand?post=13386"},{"taxonomy":"product_cat","embeddable":true,"href":"https:\/\/shop.yipinqian.com\/es\/wp-json\/wp\/v2\/product_cat?post=13386"},{"taxonomy":"product_tag","embeddable":true,"href":"https:\/\/shop.yipinqian.com\/es\/wp-json\/wp\/v2\/product_tag?post=13386"}],"curies":[{"name":"wp","href":"https:\/\/api.w.org\/{rel}","templated":true}]}}