{"id":1338,"date":"2024-10-24T23:18:30","date_gmt":"2024-10-24T15:18:30","guid":{"rendered":"https:\/\/shop.yipinqian.com\/product\/diamond-knot-rope-hand-knotted-rope-13-8-14-2-and-14-6-14-2-jadeite-lu-lu-tong-beads-no-certificate-selling-in-a-pair-bracelet12\/"},"modified":"2025-02-17T00:01:34","modified_gmt":"2025-02-16T16:01:34","slug":"diamond-knot-rope-hand-knotted-rope-13-8-14-2-and-14-6-14-2-jadeite-lu-lu-tong-beads-no-certificate-selling-in-a-pair-bracelet12","status":"publish","type":"product","link":"https:\/\/shop.yipinqian.com\/es\/producto\/diamond-knot-rope-hand-knotted-rope-13-8-14-2-and-14-6-14-2-jadeite-lu-lu-tong-beads-no-certificate-selling-in-a-pair-bracelet12\/","title":{"rendered":"Cuerda con nudo de diamante, cuerda anudada a mano, cuentas de jade\u00edta Lu Lu Tong de 13,8 x 14,2 y 14,6 x 14,2 (sin certificado), se vende en pares (pulsera 12)"},"content":{"rendered":"<p>Este par de pulseras de cuerda con nudo de diamante DIY con cuentas de jade\u00edta anudadas a mano de 13,8 x 14,2 y 14,6 x 14,2 (sin certificado) es una adici\u00f3n \u00fanica a cualquier colecci\u00f3n de joyas.<\/p>\n<ul>\n<li>\n<strong>Dise\u00f1o elegante:<\/strong> El dise\u00f1o de cuerda con nudo de diamante agrega un toque de elegancia a cualquier atuendo, mientras que las cuentas de jade\u00edta ofrecen un atractivo natural y terroso.<\/li>\n<li>\n<strong>Duradero y de larga duraci\u00f3n:<\/strong> La construcci\u00f3n de cuerda anudada a mano garantiza que la pulsera est\u00e9 hecha para durar para el uso diario.<\/li>\n<\/ul>\n<p>Este tipo de pulsera unisex es un regalo ideal para cualquier persona que aprecie la belleza de las piedras naturales y las piezas de joyer\u00eda hechas a mano.<\/p>\n<ul>\n<li>\n<strong>Origen original de Myanmar:<\/strong> Este producto viene con un origen original de Myanmar, lo que agrega valor a su dise\u00f1o \u00fanico.<\/li>\n<li>\n<strong>Adecuado para uso diario:<\/strong> Perfectamente adecuado para el uso diario informal o incluso para ocasiones especiales como bodas o fiestas, \u00a1este par de pulseras de cuerda con nudo de diamante DIY puede complementar varios atuendos con facilidad!<\/li>\n<\/ul>\n<p>Tenga en cuenta que este producto no viene con un certificado, \u00a1pero su calidad artesanal dice mucho sobre su autenticidad!<\/p>\n<ul>\n<li><em>El tipo de garant\u00eda de este producto es No<\/em><\/li>\n<\/ul>\n<p><em>Nota: Este carrito es para un par de pulseras.<\/em><\/p>\n<p>.<\/p>","protected":false},"excerpt":{"rendered":"<p>Este par de pulseras de cuerda con nudo de diamante hechas a mano con cuentas de jade\u00edta de 13,8 x 14,2 y 14,6 x 14,2 (sin certificado) es una adici\u00f3n \u00fanica a cualquier colecci\u00f3n de joyas. Dise\u00f1o elegante: el dise\u00f1o de cuerda con nudo de diamante agrega un toque de elegancia a cualquier atuendo, mientras que las cuentas de jade\u00edta ofrecen un atractivo natural y terroso. Duradero y de larga duraci\u00f3n: [\u2026]<\/p>","protected":false},"featured_media":3487,"comment_status":"open","ping_status":"closed","template":"","meta":[],"product_brand":[],"product_cat":[121,84],"product_tag":[],"class_list":{"0":"post-1338","1":"product","2":"type-product","3":"status-publish","4":"has-post-thumbnail","6":"product_cat-bracelets-bangles","7":"product_cat-charms-and-charm-bracelet","9":"first","10":"instock","11":"sale","12":"shipping-taxable","13":"purchasable","14":"product-type-simple"},"_links":{"self":[{"href":"https:\/\/shop.yipinqian.com\/es\/wp-json\/wp\/v2\/product\/1338","targetHints":{"allow":["GET"]}}],"collection":[{"href":"https:\/\/shop.yipinqian.com\/es\/wp-json\/wp\/v2\/product"}],"about":[{"href":"https:\/\/shop.yipinqian.com\/es\/wp-json\/wp\/v2\/types\/product"}],"replies":[{"embeddable":true,"href":"https:\/\/shop.yipinqian.com\/es\/wp-json\/wp\/v2\/comments?post=1338"}],"version-history":[{"count":0,"href":"https:\/\/shop.yipinqian.com\/es\/wp-json\/wp\/v2\/product\/1338\/revisions"}],"wp:featuredmedia":[{"embeddable":true,"href":"https:\/\/shop.yipinqian.com\/es\/wp-json\/wp\/v2\/media\/3487"}],"wp:attachment":[{"href":"https:\/\/shop.yipinqian.com\/es\/wp-json\/wp\/v2\/media?parent=1338"}],"wp:term":[{"taxonomy":"product_brand","embeddable":true,"href":"https:\/\/shop.yipinqian.com\/es\/wp-json\/wp\/v2\/product_brand?post=1338"},{"taxonomy":"product_cat","embeddable":true,"href":"https:\/\/shop.yipinqian.com\/es\/wp-json\/wp\/v2\/product_cat?post=1338"},{"taxonomy":"product_tag","embeddable":true,"href":"https:\/\/shop.yipinqian.com\/es\/wp-json\/wp\/v2\/product_tag?post=1338"}],"curies":[{"name":"wp","href":"https:\/\/api.w.org\/{rel}","templated":true}]}}